{"id":990,"date":"2011-05-18T17:38:33","date_gmt":"2011-05-18T15:38:33","guid":{"rendered":"http:\/\/www.persofoto.de\/?page_id=990"},"modified":"2018-06-18T01:32:11","modified_gmt":"2018-06-17T23:32:11","slug":"befreiung-von-der-ausweispflicht","status":"publish","type":"page","link":"https:\/\/www.persofoto.de\/lexikon\/personalausweis\/ausweispflicht\/befreiung-von-der-ausweispflicht\/","title":{"rendered":"Befreiung von der Ausweispflicht"},"content":{"rendered":"<p>Im Allgemeinen gilt in Deutschland die Ausweispflicht. Pflegebed\u00fcrftige Personen, die aus Krankheitsgr\u00fcnden nicht am \u00f6ffentlichen Leben teilnehmen k\u00f6nnen oder gar betreut werden, k\u00f6nnen jedoch von dieser Regel ausgenommen werden. In NRW wird dies bspw. in <a href=\"http:\/\/www.gesetze-im-internet.de\/pauswg\/BJNR134610009.html\" target=\"_blank\" rel=\"noopener\">\u00a7 1 Abs. 2 PAuswG NW<\/a> geregelt <em>(danke, Michael)<\/em>.\u00a0Alles was dazu notwendig ist, ist ein formloser Antrag bei der zust\u00e4ndigen Meldebeh\u00f6rde.<\/p>\n<p>Auch Pflegedienste und Betreuer k\u00f6nnen diese Befreiung f\u00fcr ihre Kunden beantragen.<\/p>\n<p>Was zusammen mit dem Antrag eingereicht werden muss:<\/p>\n<ul>\n<li>ein Nachweis des ambulanten Pflegedienstes, Pflegeheims, des Krankenhauses oder Hausarztes,<\/li>\n<li>der bisherige Personalausweis bzw. Reisepass der zu befreienden Person,<\/li>\n<li>g\u00fcltiger Personalausweis des Antrags\u00fcberbringers,<\/li>\n<li>ggf. eine Vollmacht, die Befreiung in fremdem Namen durchf\u00fchren zu d\u00fcrfen.<\/li>\n<\/ul>\n","protected":false},"excerpt":{"rendered":"Im Allgemeinen gilt in Deutschland die Ausweispflicht. Pflegebed\u00fcrftige Personen, die aus Krankheitsgr\u00fcnden nicht am \u00f6ffentlichen Leben teilnehmen k\u00f6nnen oder gar betreut werden, k\u00f6nnen jedoch von dieser Regel ausgenommen werden. In NRW wird dies bspw. in \u00a7 1 Abs. 2 PAuswG NW geregelt (danke, Michael).\u00a0Alles was dazu notwendig ist, ist ein formloser Antrag bei der zust\u00e4ndigen&#8230; <a class=\"view-article\" href=\"https:\/\/www.persofoto.de\/lexikon\/personalausweis\/ausweispflicht\/befreiung-von-der-ausweispflicht\/\">Anzeigen<\/a>","protected":false},"author":1,"featured_media":0,"parent":31,"menu_order":0,"comment_status":"open","ping_status":"open","template":"","meta":[],"_links":{"self":[{"href":"https:\/\/www.persofoto.de\/lexikon\/wp-json\/wp\/v2\/pages\/990"}],"collection":[{"href":"https:\/\/www.persofoto.de\/lexikon\/wp-json\/wp\/v2\/pages"}],"about":[{"href":"https:\/\/www.persofoto.de\/lexikon\/wp-json\/wp\/v2\/types\/page"}],"author":[{"embeddable":true,"href":"https:\/\/www.persofoto.de\/lexikon\/wp-json\/wp\/v2\/users\/1"}],"replies":[{"embeddable":true,"href":"https:\/\/www.persofoto.de\/lexikon\/wp-json\/wp\/v2\/comments?post=990"}],"version-history":[{"count":5,"href":"https:\/\/www.persofoto.de\/lexikon\/wp-json\/wp\/v2\/pages\/990\/revisions"}],"predecessor-version":[{"id":3060,"href":"https:\/\/www.persofoto.de\/lexikon\/wp-json\/wp\/v2\/pages\/990\/revisions\/3060"}],"up":[{"embeddable":true,"href":"https:\/\/www.persofoto.de\/lexikon\/wp-json\/wp\/v2\/pages\/31"}],"wp:attachment":[{"href":"https:\/\/www.persofoto.de\/lexikon\/wp-json\/wp\/v2\/media?parent=990"}],"curies":[{"name":"wp","href":"https:\/\/api.w.org\/{rel}","templated":true}]}}