{"id":959,"date":"2011-02-26T19:02:20","date_gmt":"2011-02-26T17:02:20","guid":{"rendered":"http:\/\/www.persofoto.de\/?page_id=959"},"modified":"2020-01-18T00:07:01","modified_gmt":"2020-01-17T23:07:01","slug":"biometrisches-passbild","status":"publish","type":"page","link":"https:\/\/www.persofoto.de\/lexikon\/passbild\/biometrisches-passbild\/","title":{"rendered":"Biometrisches Passbild \ud83d\ude10"},"content":{"rendered":"<nav class=\"chapter-toc\">\n<h2>Auf dieser Seite<\/h2>\n<ul>\n<li><a class=\"smooth\" href=\"#biometrie\">Biometrie<\/a><\/li>\n<li><a class=\"smooth\" href=\"#biometrisches-passbild\">Was ist ein biometrisches Passbild?<\/a><\/li>\n<li><a class=\"smooth\" href=\"#ausweise\">Pflicht f\u00fcr folgende Ausweise<\/a><\/li>\n<li><a class=\"smooth\" href=\"#passbild-bestimmungen\">Anforderungen an biometrische Passbilder<\/a><\/li>\n<li><a class=\"smooth\" href=\"#biometrisches-passbild-selber-machen\">Biometrisches Passbild selber machen<\/a><\/li>\n<\/ul>\n<\/nav>\n<h2 id=\"biometrie\">Biometrie<\/h2>\n<p>Unter Biometrie im Zusammenhang mit Passbildern versteht man das Messen einiger unver\u00e4nderlicher Abst\u00e4nde des Gesichts einer Person. Die&nbsp;Abst\u00e4nde der Augen, von Nase zum Kinn, der Mundwinkel, <abbr title=\"und so weiter\">usw.<\/abbr> &#8211; alle f\u00fcr sich genommen tauchen sie wahrscheinlich unz\u00e4hlige Male auf der Welt auf. In Kombination lassen sich Gesichter von Personen so jedoch spezifischer bestimmen und vor allem in Zahlen ausdr\u00fccken und digital leichter verarbeiten.<\/p>\n<hr>\n<h2 id=\"biometrisches-passbild\">Was ist ein biometrisches Passbild?<\/h2>\n<p><img style=\"float: right; margin: 0 0 1em 1.5em; padding: 1px; border: 1px solid #666;\" title=\"Beispiel f\u00fcr ein biometrisches Passfoto.\" src=\"https:\/\/www.persofoto.de\/lexikon\/wp-content\/uploads\/2011\/02\/biometrisches-passfoto.jpg\" alt=\"Biometrisches Passfoto\" width=\"144\" height=\"185\"><br \/>\nBiometrische Passbilder sollen die digitale Verarbeitung der Gesichter vereinfachen, indem sie einheitliche&nbsp;Anforderungen f\u00fcr die Erstellung von Passbildern vorgeben. Damit die ben\u00f6tigten Merkmale auf dem Foto gut erkannt und vermessen werden k\u00f6nnen, stellen die Anforderungen gewisse Qualit\u00e4tsstandards an die Aufnahme, das Foto und die Ausf\u00fchrung der Aufnahme.<\/p>\n<p>Die angesprochenen Biometrie-Merkmale, wie bspw. der Abstand der Augen sind unver\u00e4nderlich &#8211; je nach Perspektive scheint sich der&nbsp;relative Abstand jedoch zu ver\u00e4ndern. Durch die Festlegung der absoluten Frontalaufnahme ist die Perspektive auf jedes Gesicht gleich und Merkmale werden vergleichbar(er).<\/p>\n<p>Damit alle gew\u00fcnschten Merkmale beim&nbsp;biometrischen Passbild auch einwandfrei und m\u00f6glichst automatisiert mithilfe von Algorithmen erkannt werden k\u00f6nnen, muss das Gesicht optimal ausgeleuchtet sein und insbesondere die Qualit\u00e4t des Fotos muss stimmen.<\/p>\n<hr>\n<h2 id=\"ausweise\">Pflicht f\u00fcr folgende&nbsp;Ausweise<\/h2>\n<p>Seit dem 1. November 2010 sind f\u00fcr alle in Deutschland g\u00e4ngigen Ausweisdokumente biometrische Passbilder Pflicht. Dies umfasst:<\/p>\n<div class=\"table-responsive\">\n<table class=\"list\">\n<tbody>\n<tr>\n<th>Ausweis<\/th>\n<th>Pflicht seit<\/th>\n<th>Strenge<\/th>\n<\/tr>\n<tr class=\"odge\">\n<td>Reisepass<\/td>\n<td>2005<\/td>\n<td>sehr streng<\/td>\n<\/tr>\n<tr>\n<td>Personalausweis<\/td>\n<td>2010<\/td>\n<td>streng<\/td>\n<\/tr>\n<tr class=\"odge\">\n<td>F\u00fchrerschein<\/td>\n<td>2008<\/td>\n<td>gem\u00e4\u00dfigt<\/td>\n<\/tr>\n<\/tbody>\n<\/table>\n<\/div>\n<hr>\n<div class=\"clearfix\">\n<h2 id=\"passbild-bestimmungen\">Anforderungen an biometrische Passbilder<\/h2>\n<p><a href=\"https:\/\/www.persofoto.de\/lexikon\/reisepass\/wie-mache-ich-ein-biometrisches-passfoto\/\"><img class=\"alignleft wp-image-2400\" src=\"https:\/\/www.persofoto.de\/lexikon\/wp-content\/uploads\/2011\/02\/passbild-bestimmungen-am-monitor-250x444.jpg\" alt=\"passbild-bestimmungen-am-monitor\" width=\"178\" height=\"316\" srcset=\"https:\/\/www.persofoto.de\/lexikon\/wp-content\/uploads\/2011\/02\/passbild-bestimmungen-am-monitor-250x444.jpg 250w, https:\/\/www.persofoto.de\/lexikon\/wp-content\/uploads\/2011\/02\/passbild-bestimmungen-am-monitor-700x1244.jpg 700w, https:\/\/www.persofoto.de\/lexikon\/wp-content\/uploads\/2011\/02\/passbild-bestimmungen-am-monitor-120x213.jpg 120w, https:\/\/www.persofoto.de\/lexikon\/wp-content\/uploads\/2011\/02\/passbild-bestimmungen-am-monitor.jpg 1836w\" sizes=\"(max-width: 178px) 100vw, 178px\" \/><\/a>Die Anforderungen an&nbsp;biometrische Passfotos wurden in Deutschland von der Bundesdruckerei formuliert. Fotos m\u00fcssen an eine von ihr vorgegebene&nbsp;<a title=\"Biometrische Schablone\" href=\"https:\/\/www.persofoto.de\/lexikon\/passbild\/biometrische-schablone\/\">biometrische Schablone<\/a> angepasst werden und dar\u00fcber hinaus alle&nbsp;<a title=\"Bedingungen f\u00fcr biometrische Passbilder\" href=\"https:\/\/www.persofoto.de\/lexikon\/reisepass\/wie-mache-ich-ein-biometrisches-passfoto\/\">Anforderungen der Passbild-Bestimmungen<\/a>&nbsp;erf\u00fcllen. Der Zweck ist wie gesagt,&nbsp;die automatisierte Erkennung der biometrischen Merkmale des Gesichts zu erleichtern.<\/p>\n<p>Die wichtigsten Anforderungen sind:<\/p>\n<ul style=\"overflow: auto;\">\n<li>Das Passfoto bildet das Gesicht absolut frontal ab.<\/li>\n<li>Der Blick ist direkt in die Kamera gerichtet.<\/li>\n<li>L\u00e4cheln verboten &#8211; gefordert wird ein &#8222;neutraler Gesichtsausdruck&#8220;.<\/li>\n<li>Der Hintergrund ist einfarbig &#8211; wei\u00df, hellgrau oder grau.<\/li>\n<li>Es gibt keine Schatten im Gesicht oder auf dem Hintergrund.<\/li>\n<\/ul>\n<p>Alle Anforderungen im Detail haben wir im Artikel &#8222;<a href=\"https:\/\/www.persofoto.de\/lexikon\/reisepass\/wie-mache-ich-ein-biometrisches-passfoto\/\">Wie mache ich ein biometrisches Passfoto?<\/a>&#8220; aufgef\u00fchrt.<\/p>\n<\/div>\n<hr>\n<h2 id=\"biometrisches-passbild-selber-machen\">Biometrisches Passbild selber machen<\/h2>\n<p>Die gr\u00f6\u00dfte H\u00fcrde beim Erstellen eines biometrischen Passbildes ist das genaue Einhalten der geforderten Ma\u00dfe.<\/p>\n<p>Das Foto an sich auf das Format&nbsp;<strong>35 mm \u00d7 45 mm<\/strong> (3,5 cm \u00d7 4,5 cm) zu bringen ist kein Problem &#8211; aber wie sieht es mit den Ma\u00dfen Kinn bis Scheitel, Augenposition, Nasenposition und Ausrichtung des Kinns aus? Ganz sch\u00f6n kompliziert&#8230;<\/p>\n<p>Das haben wir uns 2009 auch gedacht. Und deshalb gibt es seither unseren <a href=\"https:\/\/www.persofoto.de\/upload\/passbild\">Passfoto-Generator<\/a>, mit dem man einfach Fotos an die biometrische Schablone anpassen und auf die richtige <a title=\"Gr\u00f6\u00dfe &amp; Format\" href=\"https:\/\/www.persofoto.de\/lexikon\/passbild\/groesse\/\">Passbild-Gr\u00f6\u00dfe<\/a> schneiden kann.<\/p>\n<p>Leg&#8216; jetzt los und erstelle Dir Dein biometrisches Passbild! Es gibt nur 3 Dinge zu tun:<\/p>\n<ol>\n<li>Biometrische Passbild-Bestimmungen ansehen.<\/li>\n<li>Foto aufnehmen.<\/li>\n<li>Foto im Passfoto-Generator an die biometrische Schablone anpassen und auf die richtige Gr\u00f6\u00dfe schneiden.<\/li>\n<\/ol>\n<p>Du kannst Dein Foto in unserem <a title=\"Passbild Generator\" href=\"https:\/\/www.persofoto.de\/upload\/passbild\">Passfoto-Generator<\/a> auf das gew\u00fcnschte Format zuschneiden und Dein Gesicht anhand einer Schablone ausrichten.<\/p>\n<p><a class=\"center blocksize\" href=\"https:\/\/www.persofoto.de\/upload\/passbild\"><img class=\"size-full wp-image-1504 img-responsive aligncenter\" src=\"https:\/\/www.persofoto.de\/lexikon\/wp-content\/uploads\/2009\/09\/passfoto-generator-de.png\" alt=\"Passfoto-Generator\"><\/a><\/p>\n<p style=\"text-align: center;\"><a class=\"flat-button orange-flat-button\" title=\"Jetzt ein Passbild erstellen\" href=\"https:\/\/www.persofoto.de\/upload\/passbild\">Jetzt ein Passbild erstellen \u00bb<\/a><\/p>\n","protected":false},"excerpt":{"rendered":"Auf dieser Seite Biometrie Was ist ein biometrisches Passbild? Pflicht f\u00fcr folgende Ausweise Anforderungen an biometrische Passbilder Biometrisches Passbild selber machen Biometrie Unter Biometrie im Zusammenhang mit Passbildern versteht man das Messen einiger unver\u00e4nderlicher Abst\u00e4nde des Gesichts einer Person. Die&nbsp;Abst\u00e4nde der Augen, von Nase zum Kinn, der Mundwinkel, usw. &#8211; alle f\u00fcr sich genommen tauchen&#8230; <a class=\"view-article\" href=\"https:\/\/www.persofoto.de\/lexikon\/passbild\/biometrisches-passbild\/\">Anzeigen<\/a>","protected":false},"author":1,"featured_media":0,"parent":142,"menu_order":-98,"comment_status":"open","ping_status":"open","template":"","meta":[],"_links":{"self":[{"href":"https:\/\/www.persofoto.de\/lexikon\/wp-json\/wp\/v2\/pages\/959"}],"collection":[{"href":"https:\/\/www.persofoto.de\/lexikon\/wp-json\/wp\/v2\/pages"}],"about":[{"href":"https:\/\/www.persofoto.de\/lexikon\/wp-json\/wp\/v2\/types\/page"}],"author":[{"embeddable":true,"href":"https:\/\/www.persofoto.de\/lexikon\/wp-json\/wp\/v2\/users\/1"}],"replies":[{"embeddable":true,"href":"https:\/\/www.persofoto.de\/lexikon\/wp-json\/wp\/v2\/comments?post=959"}],"version-history":[{"count":32,"href":"https:\/\/www.persofoto.de\/lexikon\/wp-json\/wp\/v2\/pages\/959\/revisions"}],"predecessor-version":[{"id":3634,"href":"https:\/\/www.persofoto.de\/lexikon\/wp-json\/wp\/v2\/pages\/959\/revisions\/3634"}],"up":[{"embeddable":true,"href":"https:\/\/www.persofoto.de\/lexikon\/wp-json\/wp\/v2\/pages\/142"}],"wp:attachment":[{"href":"https:\/\/www.persofoto.de\/lexikon\/wp-json\/wp\/v2\/media?parent=959"}],"curies":[{"name":"wp","href":"https:\/\/api.w.org\/{rel}","templated":true}]}}