{"id":891,"date":"2011-01-08T16:25:14","date_gmt":"2011-01-08T14:25:14","guid":{"rendered":"http:\/\/www.persofoto.de\/?page_id=891"},"modified":"2011-01-08T16:25:14","modified_gmt":"2011-01-08T14:25:14","slug":"groesse-und-format","status":"publish","type":"page","link":"https:\/\/www.persofoto.de\/lexikon\/fuehrerschein\/groesse-und-format\/","title":{"rendered":"Gr\u00f6\u00dfe &#038; Format"},"content":{"rendered":"<p>Der neue EU-F\u00fchrerschein, der 1999 im Scheckkartenformat eingef\u00fchrt und 2006 leicht \u00fcberarbeitet wurde, hat eine Gr\u00f6\u00dfe von ca. 86 mm <strong>\u00d7<\/strong> 54 mm.<\/p>\n","protected":false},"excerpt":{"rendered":"Der neue EU-F\u00fchrerschein, der 1999 im Scheckkartenformat eingef\u00fchrt und 2006 leicht \u00fcberarbeitet wurde, hat eine Gr\u00f6\u00dfe von ca. 86 mm \u00d7 54 mm.","protected":false},"author":1,"featured_media":0,"parent":36,"menu_order":0,"comment_status":"open","ping_status":"open","template":"","meta":[],"_links":{"self":[{"href":"https:\/\/www.persofoto.de\/lexikon\/wp-json\/wp\/v2\/pages\/891"}],"collection":[{"href":"https:\/\/www.persofoto.de\/lexikon\/wp-json\/wp\/v2\/pages"}],"about":[{"href":"https:\/\/www.persofoto.de\/lexikon\/wp-json\/wp\/v2\/types\/page"}],"author":[{"embeddable":true,"href":"https:\/\/www.persofoto.de\/lexikon\/wp-json\/wp\/v2\/users\/1"}],"replies":[{"embeddable":true,"href":"https:\/\/www.persofoto.de\/lexikon\/wp-json\/wp\/v2\/comments?post=891"}],"version-history":[{"count":0,"href":"https:\/\/www.persofoto.de\/lexikon\/wp-json\/wp\/v2\/pages\/891\/revisions"}],"up":[{"embeddable":true,"href":"https:\/\/www.persofoto.de\/lexikon\/wp-json\/wp\/v2\/pages\/36"}],"wp:attachment":[{"href":"https:\/\/www.persofoto.de\/lexikon\/wp-json\/wp\/v2\/media?parent=891"}],"curies":[{"name":"wp","href":"https:\/\/api.w.org\/{rel}","templated":true}]}}