{"id":810,"date":"2010-06-20T13:47:11","date_gmt":"2010-06-20T11:47:11","guid":{"rendered":"http:\/\/www.persofoto.de\/?page_id=810"},"modified":"2021-10-06T21:59:57","modified_gmt":"2021-10-06T19:59:57","slug":"schwarzweiss-oder-farbig","status":"publish","type":"page","link":"https:\/\/www.persofoto.de\/lexikon\/passbild\/schwarzweiss-oder-farbig\/","title":{"rendered":"Schwarz-wei\u00df oder farbig?"},"content":{"rendered":"<p>Oft wird die Frage gestellt, ob ein Passbild f\u00fcr Reisepass oder Personalausweis farbig sein muss, oder auch schwarz-wei\u00df sein darf.<\/p>\n<div class=\"tipp\">\n<h3>In kurz<\/h3>\n<ul>\n<li>Schwarz-wei\u00dfe Passbilder d\u00fcrfen problemlos verwendet werden.<\/li>\n<\/ul>\n<\/div>\n\n\n<figure class=\"wp-block-audio\"><audio controls src=\"https:\/\/www.persofoto.de\/lexikon\/wp-content\/uploads\/2021\/10\/passbild-schwarz-weiss-oder-farbig.mp3\"><\/audio><figcaption style=\"text-align:center; font-size:.9em; margin-bottom:1.7em;\">H\u00f6re Dir den Artikel als Audio-Artikel an statt ihn zu lesen.<\/figcaption><\/figure>\n\n\n<p>F\u00fcr alle deutschen Dokumente &#8211; also Reisepass, Personalausweis und F\u00fchrerschein &#8211; gilt: sowohl farbige als <strong>auch schwarz-wei\u00dfe Bilder werden akzeptiert<\/strong>, sofern sie den <a title=\"Passbildbestimmungen f\u00fcr den Reisepass\" href=\"https:\/\/www.persofoto.de\/lexikon\/reisepass\/wie-mache-ich-ein-biometrisches-passfoto\/\">Bestimmungen f\u00fcr Passbilder<\/a> gen\u00fcgen.<\/p>\n<p>Du kannst Dein Foto also einfach in schwarz-wei\u00df konvertieren, wenn Du Dir so besser gef\u00e4llst. Sollen wir dies f\u00fcr Dich bei einer Bestellung machen, hinterlasse uns einfach einen kurzen Kommentar. Falls nicht, lass es einfach bunt. Nur Filter d\u00fcrfen nicht angewandt werden &#8211; die Farben m\u00fcssen nat\u00fcrlich sein.<\/p>\n<p><img class=\"aligncenter img-responsive wp-image-2323\" src=\"https:\/\/www.persofoto.de\/lexikon\/wp-content\/uploads\/2010\/06\/passbild-schwarz-weiss.jpg\" alt=\"passbild-schwarz-weiss\" width=\"522\" height=\"290\" srcset=\"https:\/\/www.persofoto.de\/lexikon\/wp-content\/uploads\/2010\/06\/passbild-schwarz-weiss.jpg 750w, https:\/\/www.persofoto.de\/lexikon\/wp-content\/uploads\/2010\/06\/passbild-schwarz-weiss-250x139.jpg 250w, https:\/\/www.persofoto.de\/lexikon\/wp-content\/uploads\/2010\/06\/passbild-schwarz-weiss-700x389.jpg 700w, https:\/\/www.persofoto.de\/lexikon\/wp-content\/uploads\/2010\/06\/passbild-schwarz-weiss-120x67.jpg 120w\" sizes=\"(max-width: 522px) 100vw, 522px\" \/><\/p>\n<h3>Ausnahmen<\/h3>\n<p><strong>Andere L\u00e4nder<\/strong> fordern teilweise zwingend farbige Passbilder. Ein Beispiel sind die <abbr title=\"United States of America\">USA<\/abbr>. Beim Visum (oder Passbild, falls Du Staatsb\u00fcrger bist) kommst Du also nicht um ein farbiges Bild umher.<\/p>\n<p>Du kannst ein beliebiges Foto kostenlos in unserem <a title=\"Passfoto Generator\" href=\"https:\/\/www.persofoto.de\/upload\/passbild\">Passfoto-Generator<\/a> zuschneiden.<\/p>\n<div id=\"attachment_1269\" style=\"width: 260px\" class=\"wp-caption alignnone\"><a href=\"https:\/\/www.persofoto.de\/upload\/passbild\"><img aria-describedby=\"caption-attachment-1269\" class=\"wp-image-1269 size-full\" title=\"Zum Passfoto-Generator\" src=\"https:\/\/www.persofoto.de\/lexikon\/wp-content\/uploads\/2011\/07\/passfoto-generator-screenshot.jpg\" alt=\"Der Passfoto-Generator schneidet Bilder ins korrekte Passfoto-Format.\" width=\"250\" height=\"248\" srcset=\"https:\/\/www.persofoto.de\/lexikon\/wp-content\/uploads\/2011\/07\/passfoto-generator-screenshot.jpg 250w, https:\/\/www.persofoto.de\/lexikon\/wp-content\/uploads\/2011\/07\/passfoto-generator-screenshot-150x150.jpg 150w, https:\/\/www.persofoto.de\/lexikon\/wp-content\/uploads\/2011\/07\/passfoto-generator-screenshot-120x119.jpg 120w\" sizes=\"(max-width: 250px) 100vw, 250px\" \/><\/a><p id=\"caption-attachment-1269\" class=\"wp-caption-text\">Der Passfoto-Generator schneidet Bilder ins korrekte Passfoto-Format.<\/p><\/div>","protected":false},"excerpt":{"rendered":"Oft wird die Frage gestellt, ob ein Passbild f\u00fcr Reisepass oder Personalausweis farbig sein muss, oder auch schwarz-wei\u00df sein darf. In kurz Schwarz-wei\u00dfe Passbilder d\u00fcrfen problemlos verwendet werden. F\u00fcr alle deutschen Dokumente &#8211; also Reisepass, Personalausweis und F\u00fchrerschein &#8211; gilt: sowohl farbige als auch schwarz-wei\u00dfe Bilder werden akzeptiert, sofern sie den Bestimmungen f\u00fcr Passbilder gen\u00fcgen&#8230;. <a class=\"view-article\" href=\"https:\/\/www.persofoto.de\/lexikon\/passbild\/schwarzweiss-oder-farbig\/\">Anzeigen<\/a>","protected":false},"author":1,"featured_media":0,"parent":142,"menu_order":0,"comment_status":"open","ping_status":"open","template":"","meta":[],"_links":{"self":[{"href":"https:\/\/www.persofoto.de\/lexikon\/wp-json\/wp\/v2\/pages\/810"}],"collection":[{"href":"https:\/\/www.persofoto.de\/lexikon\/wp-json\/wp\/v2\/pages"}],"about":[{"href":"https:\/\/www.persofoto.de\/lexikon\/wp-json\/wp\/v2\/types\/page"}],"author":[{"embeddable":true,"href":"https:\/\/www.persofoto.de\/lexikon\/wp-json\/wp\/v2\/users\/1"}],"replies":[{"embeddable":true,"href":"https:\/\/www.persofoto.de\/lexikon\/wp-json\/wp\/v2\/comments?post=810"}],"version-history":[{"count":15,"href":"https:\/\/www.persofoto.de\/lexikon\/wp-json\/wp\/v2\/pages\/810\/revisions"}],"predecessor-version":[{"id":3739,"href":"https:\/\/www.persofoto.de\/lexikon\/wp-json\/wp\/v2\/pages\/810\/revisions\/3739"}],"up":[{"embeddable":true,"href":"https:\/\/www.persofoto.de\/lexikon\/wp-json\/wp\/v2\/pages\/142"}],"wp:attachment":[{"href":"https:\/\/www.persofoto.de\/lexikon\/wp-json\/wp\/v2\/media?parent=810"}],"curies":[{"name":"wp","href":"https:\/\/api.w.org\/{rel}","templated":true}]}}