{"id":790,"date":"2010-05-20T13:01:06","date_gmt":"2010-05-20T11:01:06","guid":{"rendered":"http:\/\/www.persofoto.de\/?page_id=790"},"modified":"2020-01-18T00:23:13","modified_gmt":"2020-01-17T23:23:13","slug":"express-reisepass","status":"publish","type":"page","link":"https:\/\/www.persofoto.de\/lexikon\/reisepass\/express-reisepass\/","title":{"rendered":"Express-Reisepass"},"content":{"rendered":"<p>R\u00fcckt der Urlaub schon zu nah und der Reisepass ist abgelaufen oder noch nicht beantragt, kann der ePass auch im Expressverfahren ausgestellt werden.<\/p>\n<p>Wird der Express-Reisepass bis 11 Uhr beantragt und termingerecht an die Bundesdruckerei \u00fcbermittelt, liegt die Bearbeitungszeit in der Regel bei <strong>72 Stunden oder 3 Arbeitstagen<\/strong>.<\/p>\n<div class=\"tipp\">\n<h3>Kurz und b\u00fcndig<\/h3>\n<ul>\n<li>\u201eDer Express-Reisepass kostet ab 69,50 Euro und wird in 72 <abbr title=\"Stunden\">h<\/abbr> ausgestellt.\u201c<\/li>\n<\/ul>\n<\/div>\n<h2>Erh\u00f6hte Geb\u00fchren<\/h2>\n<p>F\u00fcr den Express-Reisepass werden erh\u00f6hte Geb\u00fchren f\u00e4llig. Die Geb\u00fchr betr\u00e4gt 92,00 \u20ac f\u00fcr Personen, die das 24. Lebensjahr vollendet haben und 69,50 \u20ac f\u00fcr Personen unter 24 Jahre. Eine <a title=\"Kosten aller Reisepass-Varianten\" href=\"https:\/\/www.persofoto.de\/lexikon\/reisepass\/kosten\/\">vollst\u00e4ndige \u00dcbersicht der Kosten f\u00fcr alle Reisepass-Varianten<\/a> ist <a title=\"Kosten aller Reisepass-Varianten\" href=\"https:\/\/www.persofoto.de\/lexikon\/reisepass\/kosten\/\">hier<\/a> zu finden.<\/p>\n<h2>Noch schnellere Alternative<\/h2>\n<p>Drei Tage sind noch zu langsam? Eine Alternative gibt es noch: den <a href=\"https:\/\/www.persofoto.de\/lexikon\/reisepass\/vorlaufiger-reisepass\/\">vorl\u00e4ufigen Reisepass<\/a>. Er wird jedoch nur ausgestellt, wenn die Ausstellungsdauer des Express-Reisepasses nachweislich zu lange dauert. Man ben\u00f6tigt also verbindliche Reiseunterlagen. Dann bekommt man ihn jedoch meist direkt zum Mitnehmen ausgestellt.<\/p>\n<p>Ein Haken ist jedoch, dass sich ein vorl\u00e4ufiger Reisepass nicht f\u00fcr die Einreise in alle L\u00e4nder eignet. Die USA k\u00f6nnen damit bspw. nicht bereist werden. Ob es auch bei Deinem Reiseziel m\u00f6glich ist, erf\u00e4hrst Du in <a href=\"https:\/\/www.persofoto.de\/lexikon\/einreisebestimmungen\/\">dieser \u00dcbersicht<\/a>.<\/p>\n<h2>Express-Passbilder<\/h2>\n<p>Wenn es schnell gehen muss, f\u00fchrt sicherlich kein Weg an einem Fotografen vorbei. Aber wo ist der n\u00e4chstgelegene? Manchmal ist es gar nicht so leicht, einen Fotografen oder eine Fotobox zu finden \u2014 gerade in l\u00e4ndlichen Regionen. Daher bieten wir unsere Passbilder auch mit Express-Option an. Die Option gilt f\u00fcr die gesamte Bestellung. Wir garantieren die Zustellung innerhalb von 2 Werktagen. Meist kommen die Bilder schon am Tag nach der Bestellung an.<\/p>\n","protected":false},"excerpt":{"rendered":"R\u00fcckt der Urlaub schon zu nah und der Reisepass ist abgelaufen oder noch nicht beantragt, kann der ePass auch im Expressverfahren ausgestellt werden. Wird der Express-Reisepass bis 11 Uhr beantragt und termingerecht an die Bundesdruckerei \u00fcbermittelt, liegt die Bearbeitungszeit in der Regel bei 72 Stunden oder 3 Arbeitstagen. Kurz und b\u00fcndig \u201eDer Express-Reisepass kostet ab&#8230; <a class=\"view-article\" href=\"https:\/\/www.persofoto.de\/lexikon\/reisepass\/express-reisepass\/\">Anzeigen<\/a>","protected":false},"author":1,"featured_media":0,"parent":37,"menu_order":0,"comment_status":"open","ping_status":"open","template":"","meta":[],"_links":{"self":[{"href":"https:\/\/www.persofoto.de\/lexikon\/wp-json\/wp\/v2\/pages\/790"}],"collection":[{"href":"https:\/\/www.persofoto.de\/lexikon\/wp-json\/wp\/v2\/pages"}],"about":[{"href":"https:\/\/www.persofoto.de\/lexikon\/wp-json\/wp\/v2\/types\/page"}],"author":[{"embeddable":true,"href":"https:\/\/www.persofoto.de\/lexikon\/wp-json\/wp\/v2\/users\/1"}],"replies":[{"embeddable":true,"href":"https:\/\/www.persofoto.de\/lexikon\/wp-json\/wp\/v2\/comments?post=790"}],"version-history":[{"count":14,"href":"https:\/\/www.persofoto.de\/lexikon\/wp-json\/wp\/v2\/pages\/790\/revisions"}],"predecessor-version":[{"id":3641,"href":"https:\/\/www.persofoto.de\/lexikon\/wp-json\/wp\/v2\/pages\/790\/revisions\/3641"}],"up":[{"embeddable":true,"href":"https:\/\/www.persofoto.de\/lexikon\/wp-json\/wp\/v2\/pages\/37"}],"wp:attachment":[{"href":"https:\/\/www.persofoto.de\/lexikon\/wp-json\/wp\/v2\/media?parent=790"}],"curies":[{"name":"wp","href":"https:\/\/api.w.org\/{rel}","templated":true}]}}