{"id":788,"date":"2010-05-20T12:53:50","date_gmt":"2010-05-20T10:53:50","guid":{"rendered":"http:\/\/www.persofoto.de\/?page_id=788"},"modified":"2021-10-10T22:00:09","modified_gmt":"2021-10-10T20:00:09","slug":"gueltigkeit","status":"publish","type":"page","link":"https:\/\/www.persofoto.de\/lexikon\/reisepass\/gueltigkeit\/","title":{"rendered":"G\u00fcltigkeit"},"content":{"rendered":"<p>Die <strong>G\u00fcltigkeitsdauer des Reisepasses<\/strong> h\u00e4ngt vom Alter des Inhabers ab. Wurde der Reisepass bis zum 24. Lebensjahr ausgestellt, hat er eine G\u00fcltigkeit von <strong>6 Jahren<\/strong>. Bei der Beantragung ab dem vollendeten 24. Lebensjahr ist der Reisepass dann <strong>10 Jahre<\/strong> g\u00fcltig.<\/p>\n<figure class=\"wp-block-audio\"><audio controls=\"\" src=\"https:\/\/www.persofoto.de\/lexikon\/wp-content\/uploads\/2021\/10\/persofoto-reisepass-gueltigkeit.mp3\"><\/audio><figcaption style=\"font-size:.9em; text-align:center; margin-bottom:1.7em;\">H\u00f6re Dir den Artikel zur G\u00fcltigkeit des Reisepasses als Audio-Artikel an.<\/figcaption><\/figure>\n<div class=\"table-responsive\">\n<table class=\"orange\">\n<thead>\n<tr>\n<th>Ausgestellt<\/th>\n<th>G\u00fcltigkeit<\/th>\n<\/tr>\n<\/thead>\n<tbody>\n<tr>\n<td>bis zum 24. Lebensjahr<\/td>\n<td>6 Jahre<\/td>\n<\/tr>\n<tr>\n<td>ab dem vollendeten 24. Lebensjahr<\/td>\n<td>10 Jahre<\/td>\n<\/tr>\n<\/tbody>\n<\/table>\n<\/div>\n<p>Nach dem Ablauf der G\u00fcltigkeit kann man einen Reisepass leider nicht einfach verl\u00e4ngern &#8211; es muss ein neuer beantragt werden.<\/p>\n<p>Damit gilt beim Reisepass die gleiche Regelung, wie beim <a title=\"Alles rund um den Personalausweis\" href=\"https:\/\/www.persofoto.de\/lexikon\/personalausweis\/\">Personalausweis<\/a>.<\/p>\n<h2>Einreisebestimmungen beachten<\/h2>\n<p>Zu beachten ist, dass ein gerade noch f\u00fcr die Reisedauer g\u00fcltiger Pass oft nicht ausreicht, wenn man ins Ausland reist. So gut wie immer muss der Reisepass mehrere Monate \u00fcber den Aufenthalt hinaus g\u00fcltig sein. Du solltest daher beim Ausw\u00e4rtigen Amt die Bestimmungen des Ziellandes pr\u00fcfen.<\/p>\n","protected":false},"excerpt":{"rendered":"Die G\u00fcltigkeitsdauer des Reisepasses h\u00e4ngt vom Alter des Inhabers ab. Wurde der Reisepass bis zum 24. Lebensjahr ausgestellt, hat er eine G\u00fcltigkeit von 6 Jahren. Bei der Beantragung ab dem vollendeten 24. Lebensjahr ist der Reisepass dann 10 Jahre g\u00fcltig. H\u00f6re Dir den Artikel zur G\u00fcltigkeit des Reisepasses als Audio-Artikel an. Ausgestellt G\u00fcltigkeit bis zum&#8230; <a class=\"view-article\" href=\"https:\/\/www.persofoto.de\/lexikon\/reisepass\/gueltigkeit\/\">Anzeigen<\/a>","protected":false},"author":1,"featured_media":0,"parent":37,"menu_order":0,"comment_status":"closed","ping_status":"open","template":"","meta":[],"_links":{"self":[{"href":"https:\/\/www.persofoto.de\/lexikon\/wp-json\/wp\/v2\/pages\/788"}],"collection":[{"href":"https:\/\/www.persofoto.de\/lexikon\/wp-json\/wp\/v2\/pages"}],"about":[{"href":"https:\/\/www.persofoto.de\/lexikon\/wp-json\/wp\/v2\/types\/page"}],"author":[{"embeddable":true,"href":"https:\/\/www.persofoto.de\/lexikon\/wp-json\/wp\/v2\/users\/1"}],"replies":[{"embeddable":true,"href":"https:\/\/www.persofoto.de\/lexikon\/wp-json\/wp\/v2\/comments?post=788"}],"version-history":[{"count":10,"href":"https:\/\/www.persofoto.de\/lexikon\/wp-json\/wp\/v2\/pages\/788\/revisions"}],"predecessor-version":[{"id":3755,"href":"https:\/\/www.persofoto.de\/lexikon\/wp-json\/wp\/v2\/pages\/788\/revisions\/3755"}],"up":[{"embeddable":true,"href":"https:\/\/www.persofoto.de\/lexikon\/wp-json\/wp\/v2\/pages\/37"}],"wp:attachment":[{"href":"https:\/\/www.persofoto.de\/lexikon\/wp-json\/wp\/v2\/media?parent=788"}],"curies":[{"name":"wp","href":"https:\/\/api.w.org\/{rel}","templated":true}]}}