{"id":67,"date":"2009-09-10T17:41:17","date_gmt":"2009-09-10T15:41:17","guid":{"rendered":"http:\/\/www.persofoto.de\/\/?page_id=67"},"modified":"2020-10-27T00:21:51","modified_gmt":"2020-10-26T23:21:51","slug":"groesse","status":"publish","type":"page","link":"https:\/\/www.persofoto.de\/lexikon\/reisepass\/groesse\/","title":{"rendered":"Gr\u00f6\u00dfe"},"content":{"rendered":"<p>Der aktuelle Reisepass der dritten Generation hat die Form eines kleinen gebunden B\u00fcchleins. Er misst circa <strong>125 mm \u00d7 91 mm<\/strong> (<abbr title=\"H\u00f6he\">H<\/abbr> \u00d7 <abbr title=\"Breite\">B<\/abbr>) und ist damit etwas kleiner als der Vorg\u00e4nger, der bis 2017 ausgestellt wurde. Dieser hatte die Ma\u00dfe 130 mm \u00d7 95 mm.<\/p>\n<p>Die Dicke h\u00e4ngt von der beantragten Seitenanzahl ab &#8211; den deutschen Reisepass gibt es mit 32 Seiten und wahlweise 48 Seiten f\u00fcr Vielreisende. Die 32-seitige Version ist circa 3 mm dick &#8211; die Variante mit 48 Seiten in etwa 5 mm.<\/p>\n<p>Der Vorg\u00e4nger war auch hier etwas dicker, mit 5 mm bei der 32-seitigen Variante und ca. 7 mm bei der Version mit 48 Seiten.<\/p>\n<p><img class=\"img-responsive alignnone wp-image-3195\" src=\"https:\/\/www.persofoto.de\/lexikon\/wp-content\/uploads\/2018\/07\/reisepass-groesse-mit-lineal.jpg\" alt=\"Reisepass Gr\u00f6\u00dfe mit Lineal\" width=\"750\" height=\"563\" srcset=\"https:\/\/www.persofoto.de\/lexikon\/wp-content\/uploads\/2018\/07\/reisepass-groesse-mit-lineal.jpg 1500w, https:\/\/www.persofoto.de\/lexikon\/wp-content\/uploads\/2018\/07\/reisepass-groesse-mit-lineal-250x188.jpg 250w, https:\/\/www.persofoto.de\/lexikon\/wp-content\/uploads\/2018\/07\/reisepass-groesse-mit-lineal-768x576.jpg 768w, https:\/\/www.persofoto.de\/lexikon\/wp-content\/uploads\/2018\/07\/reisepass-groesse-mit-lineal-700x525.jpg 700w, https:\/\/www.persofoto.de\/lexikon\/wp-content\/uploads\/2018\/07\/reisepass-groesse-mit-lineal-120x90.jpg 120w\" sizes=\"(max-width: 750px) 100vw, 750px\" \/><\/p>\n<p>Du interessierst Dich f\u00fcr&#8217;s Gewicht des Reisepasses? Gib&#8217;s zu &#8211; Du betreibst #Ultraleicht Trekking. Auch hier unterscheiden sich die Varianten nach Seitenanzahl mit 41,2 g f\u00fcr die 32er Version und 50 g bei 48 Seiten.<\/p>\n<p>Der Reisepass der zweiten Generation wog noch 48,7 g und 67 g. Das Update beschert uns also eine Platz- und Gewichtsersparnis auf ganzer Linie.\u00a0\ud83d\ude05<\/p>\n<div class=\"table-responsive\" style=\"margin-bottom: 2em;\">\n<table class=\"list\">\n<tbody>\n<tr class=\"odge\">\n<th>Generation<\/th>\n<th>Reisepass ab 2017<br \/>\n<small>(dritte Generation)<\/small><\/th>\n<th>Reisepass bis 2017<br \/>\n<small>(zweite Generation)<\/small><\/th>\n<\/tr>\n<tr class=\"even\">\n<th>H\u00f6he<\/th>\n<td>125 mm<\/td>\n<td>130 mm<\/td>\n<\/tr>\n<tr class=\"odge\">\n<th>Breite<\/th>\n<td>91 mm<\/td>\n<td>95 mm<\/td>\n<\/tr>\n<tr class=\"even\">\n<th>Dicke<\/th>\n<td>3 mm \/ 5 mm<\/td>\n<td>5 mm \/ 7 mm<\/td>\n<\/tr>\n<tr class=\"odge\">\n<th>Gewicht<\/th>\n<td>41,2 g \/ 50 g<\/td>\n<td>48,7 g \/ 67 g<\/td>\n<\/tr>\n<\/tbody>\n<\/table>\n<\/div>\n","protected":false},"excerpt":{"rendered":"Der aktuelle Reisepass der dritten Generation hat die Form eines kleinen gebunden B\u00fcchleins. Er misst circa 125 mm \u00d7 91 mm (H \u00d7 B) und ist damit etwas kleiner als der Vorg\u00e4nger, der bis 2017 ausgestellt wurde. Dieser hatte die Ma\u00dfe 130 mm \u00d7 95 mm. Die Dicke h\u00e4ngt von der beantragten Seitenanzahl ab &#8211;&#8230; <a class=\"view-article\" href=\"https:\/\/www.persofoto.de\/lexikon\/reisepass\/groesse\/\">Anzeigen<\/a>","protected":false},"author":1,"featured_media":0,"parent":37,"menu_order":0,"comment_status":"open","ping_status":"open","template":"","meta":[],"_links":{"self":[{"href":"https:\/\/www.persofoto.de\/lexikon\/wp-json\/wp\/v2\/pages\/67"}],"collection":[{"href":"https:\/\/www.persofoto.de\/lexikon\/wp-json\/wp\/v2\/pages"}],"about":[{"href":"https:\/\/www.persofoto.de\/lexikon\/wp-json\/wp\/v2\/types\/page"}],"author":[{"embeddable":true,"href":"https:\/\/www.persofoto.de\/lexikon\/wp-json\/wp\/v2\/users\/1"}],"replies":[{"embeddable":true,"href":"https:\/\/www.persofoto.de\/lexikon\/wp-json\/wp\/v2\/comments?post=67"}],"version-history":[{"count":24,"href":"https:\/\/www.persofoto.de\/lexikon\/wp-json\/wp\/v2\/pages\/67\/revisions"}],"predecessor-version":[{"id":3684,"href":"https:\/\/www.persofoto.de\/lexikon\/wp-json\/wp\/v2\/pages\/67\/revisions\/3684"}],"up":[{"embeddable":true,"href":"https:\/\/www.persofoto.de\/lexikon\/wp-json\/wp\/v2\/pages\/37"}],"wp:attachment":[{"href":"https:\/\/www.persofoto.de\/lexikon\/wp-json\/wp\/v2\/media?parent=67"}],"curies":[{"name":"wp","href":"https:\/\/api.w.org\/{rel}","templated":true}]}}