{"id":595,"date":"2009-11-22T16:09:37","date_gmt":"2009-11-22T14:09:37","guid":{"rendered":"http:\/\/www.persofoto.de\/?page_id=595"},"modified":"2020-01-17T22:44:46","modified_gmt":"2020-01-17T21:44:46","slug":"wie-mache-ich-ein-biometrisches-babyfoto","status":"publish","type":"page","link":"https:\/\/www.persofoto.de\/lexikon\/reisepass\/wie-mache-ich-ein-biometrisches-babyfoto\/","title":{"rendered":"Wie mache ich ein biometrisches Babyfoto?"},"content":{"rendered":"<p>Auch Kleinkinder und Babys ben\u00f6tigen f\u00fcr einen Kinderreisepass oder Reisepass biometrische Passbilder. Wie man ein biometrisches Baby-Foto selbst erstellt, zeigen wir in diesem Artikel.<\/p>\n<h2>Passbild-Bestimmungen und geltende Ausnahmen<\/h2>\n<p>Da die <a href=\"https:\/\/www.persofoto.de\/lexikon\/reisepass\/wie-mache-ich-ein-biometrisches-passfoto\/\">biometrischen Passbild-Bestimmungen<\/a> auch f\u00fcr Babys und Kleinkinder gelten, sollte man sie sich zun\u00e4chst anschauen. Die Beispiel-Bilder verdeutlichen schnell, worauf man zu achten hat.<\/p>\n<div id=\"attachment_1634\" style=\"width: 190px\" class=\"wp-caption alignright\"><img aria-describedby=\"caption-attachment-1634\" class=\"wp-image-1634 size-full\" title=\"\u00dcbertrieben biometrisches Babyfoto\" src=\"https:\/\/www.persofoto.de\/lexikon\/wp-content\/uploads\/2012\/07\/mein-passbild-3.jpg\" alt=\"\u00dcbertrieben biometrisches Babyfoto\" width=\"180\" height=\"231\" srcset=\"https:\/\/www.persofoto.de\/lexikon\/wp-content\/uploads\/2012\/07\/mein-passbild-3.jpg 180w, https:\/\/www.persofoto.de\/lexikon\/wp-content\/uploads\/2012\/07\/mein-passbild-3-120x154.jpg 120w\" sizes=\"(max-width: 180px) 100vw, 180px\" \/><p id=\"caption-attachment-1634\" class=\"wp-caption-text\">Die Kleinen werden behandelt wie die Gro\u00dfen.<\/p><\/div>\n<p>Die <a href=\"https:\/\/www.persofoto.de\/lexikon\/reisepass\/wie-mache-ich-ein-biometrisches-passfoto\/#kinder\">Ausnahmen f\u00fcr Kleinkinder und S\u00e4uglinge<\/a> werden dort ebenfalls aufgef\u00fchrt. Bei S\u00e4uglingen und Kleinkindern bis zum vollendeten 6. Lebensjahr sind Abweichungen in der Kopfhaltung (nicht von der Frontalaufnahme!), im Gesichtsausdruck, sowie hinsichtlich Augen und Blickrichtung zul\u00e4ssig.<\/p>\n<blockquote><p>\u201eL\u00e4cheln ist bei den ganz Kleinen erlaubt.\u201c<\/p><\/blockquote>\n<p>Wichtiger als der Gesichtsausdruck des Babys ist also, dass das <strong>Gesicht absolut frontal<\/strong> aufgenommen wird, und ein heller Hintergrund vorhanden ist, der sich deutlich von der Kleidung des Babys abgrenzt. Des weiteren sollen keine Schatten im Gesicht des S\u00e4uglings\/Babys oder auf dem Hintergrund zu sehen sein, weshalb das Foto am besten bei Tageslicht in einem hellen Raum oder drau\u00dfen vor einer wei\u00dfen Hauswand gemacht werden sollte.<\/p>\n<div class=\"tipp\">\n<h3>Tipp f\u00fcr Babys<\/h3>\n<ul>\n<li>Sehr gute Ergebnisse erzielt man, wenn man das Baby <strong>in einem hellen Raum auf ein wei\u00dfes Laken legt <\/strong>und mit (oder hinter) der Kamera f\u00fcr gen\u00fcgend Spannung sorgt, damit das Baby seine Aufmerksamkeit in Richtung der Linse richtet und den Kopf nicht wegdreht.<\/li>\n<\/ul>\n<\/div>\n<h2>Das Ausgangsfoto erstellen<\/h2>\n<p>Der Blick muss <strong>bei Babys<\/strong> &#8211; wie beschrieben &#8211; nicht zwingend in die Kamera oder in Richtung der Kamera gerichtet sein. Oberstes Ziel ist, das Gesicht frontal abzubilden. Wird der Kopf kaum bewegt, kann man die Kamera dazu einfach in einiger Entfernung mittig vor dem Gesicht halten. Beide Wangen und sollten gleicherma\u00dfen erkennbar sein &#8211; dann ist es frontal.<\/p>\n<p><strong>Bei etwas \u00e4lteren Kleinkindern<\/strong> darf man nicht den Fehler machen, sie als Erwachsener aus dem Stand zu fotografieren. Die Kamera befindet sich dann zu hoch, weit oberhalb des Kopfes des Kindes. Das Kind k\u00f6nnte zwar den Kopf weit nach hinten neigen, damit die Perspektive zur Kamera stimmt \u2014 besser ist jedoch, die Kamera auf Augenh\u00f6he des Kindes zu halten. Dazu muss man eventuell in die Hocke gehen. Wird das Bild von oben aufgenommen, l\u00e4sst es sich sp\u00e4ter eventuell nicht korrekt an die biometrische Schablone anpassen.<\/p>\n<p>F\u00fcr eine gute <strong>Ausleuchtung<\/strong> sollte das Kind direkt in Richtung eines Fensters schauen. Das Gesicht ist dann meist gut ausgeleuchtet. Babys k\u00f6nnen bspw. vor einem Fenster auf ein helles Laken gelegt werden.<\/p>\n<p>F\u00fcr einen geeigneten&nbsp;<strong>Hintergrund<\/strong> eignet sich nat\u00fcrlich eine helle Wand. Doch nicht immer hat man eine helle Wand gegen\u00fcber von einem Fenster. Auch hier kann wieder ein helles Laken verwendet werden. Soll das Foto bei uns bestellt werden, spielt der Hintergrund jedoch kaum eine Rolle, da wir ihn ohnehin retuschieren. Lege dann lieber Wert auf ein optimal ausgeleuchteten Gesicht.<\/p>\n<div class=\"tipp\">\n<h3>Hinweis f\u00fcr Besteller<\/h3>\n<ul>\n<li>Wir tauschen den Hintergrund bei allen bestellten Fotos im Zuge unserer Tauglichkeits-\u00dcberpr\u00fcfung und anschlie\u00dfenden \u00dcberarbeitung aus. Du brauchst daher nur auf die optimale Ausleuchtung des Gesichts zu achten.<\/li>\n<\/ul>\n<\/div>\n<p>Man sollte sich nicht seitlich zu einem Fenster stellen. Dann entstehen leicht Schatten im Gesicht. Oft ist eine Gesichtsh\u00e4lfte wegen des seitlichen Lichts dann deutlich dunkler als die gegen\u00fcberliegende.<\/p>\n<h2>Anpassen mit dem Passfoto-Generator<\/h2>\n<p><a href=\"https:\/\/www.persofoto.de\/upload\/passbild\/html5\/295\"><img class=\"img-responsive alignright wp-image-2182 size-full\" title=\"Zum Passfoto-Generator\" src=\"https:\/\/www.persofoto.de\/lexikon\/wp-content\/uploads\/2009\/09\/passfoto-generator-de.png\" alt=\"Passfoto-Generator\" width=\"593\" height=\"447\" srcset=\"https:\/\/www.persofoto.de\/lexikon\/wp-content\/uploads\/2009\/09\/passfoto-generator-de.png 593w, https:\/\/www.persofoto.de\/lexikon\/wp-content\/uploads\/2009\/09\/passfoto-generator-de-250x188.png 250w, https:\/\/www.persofoto.de\/lexikon\/wp-content\/uploads\/2009\/09\/passfoto-generator-de-120x90.png 120w\" sizes=\"(max-width: 593px) 100vw, 593px\" \/><\/a><br \/>\nDas beste Bild kann dann in unserem <a title=\"Passfoto-Generator\" href=\"https:\/\/www.persofoto.de\/upload\/passbild\">Passfoto-Generator<\/a> an die biometrische Schablone angepasst und zugeschnitten werden.<\/p>\n<p>Beim Anpassen an die biometrische Schablone ist die <strong>Kinnlinie auf jeden Fall einzuhalten<\/strong>. Abweichungen im Augenbereich nach unten sind m\u00f6glich (treten fast immer auf) und sind erlaubt.<\/p>\n<p>&nbsp;<\/p>\n<p style=\"text-align: center;\"><a class=\"flat-button orange-flat-button\" title=\"Jetzt ein Passbild f\u00fcr einen Kinderreisepass anpassen\" href=\"https:\/\/www.persofoto.de\/upload\/passbild\/html5\/295\">Jetzt ein Passbild erstellen \u00bb<\/a><\/p>\n","protected":false},"excerpt":{"rendered":"Auch Kleinkinder und Babys ben\u00f6tigen f\u00fcr einen Kinderreisepass oder Reisepass biometrische Passbilder. Wie man ein biometrisches Baby-Foto selbst erstellt, zeigen wir in diesem Artikel. Passbild-Bestimmungen und geltende Ausnahmen Da die biometrischen Passbild-Bestimmungen auch f\u00fcr Babys und Kleinkinder gelten, sollte man sie sich zun\u00e4chst anschauen. Die Beispiel-Bilder verdeutlichen schnell, worauf man zu achten hat. Die Ausnahmen&#8230; <a class=\"view-article\" href=\"https:\/\/www.persofoto.de\/lexikon\/reisepass\/wie-mache-ich-ein-biometrisches-babyfoto\/\">Anzeigen<\/a>","protected":false},"author":1,"featured_media":0,"parent":37,"menu_order":0,"comment_status":"open","ping_status":"open","template":"","meta":[],"_links":{"self":[{"href":"https:\/\/www.persofoto.de\/lexikon\/wp-json\/wp\/v2\/pages\/595"}],"collection":[{"href":"https:\/\/www.persofoto.de\/lexikon\/wp-json\/wp\/v2\/pages"}],"about":[{"href":"https:\/\/www.persofoto.de\/lexikon\/wp-json\/wp\/v2\/types\/page"}],"author":[{"embeddable":true,"href":"https:\/\/www.persofoto.de\/lexikon\/wp-json\/wp\/v2\/users\/1"}],"replies":[{"embeddable":true,"href":"https:\/\/www.persofoto.de\/lexikon\/wp-json\/wp\/v2\/comments?post=595"}],"version-history":[{"count":22,"href":"https:\/\/www.persofoto.de\/lexikon\/wp-json\/wp\/v2\/pages\/595\/revisions"}],"predecessor-version":[{"id":3614,"href":"https:\/\/www.persofoto.de\/lexikon\/wp-json\/wp\/v2\/pages\/595\/revisions\/3614"}],"up":[{"embeddable":true,"href":"https:\/\/www.persofoto.de\/lexikon\/wp-json\/wp\/v2\/pages\/37"}],"wp:attachment":[{"href":"https:\/\/www.persofoto.de\/lexikon\/wp-json\/wp\/v2\/media?parent=595"}],"curies":[{"name":"wp","href":"https:\/\/api.w.org\/{rel}","templated":true}]}}