{"id":567,"date":"2009-11-05T19:43:03","date_gmt":"2009-11-05T17:43:03","guid":{"rendered":"http:\/\/www.persofoto.de\/?page_id=567"},"modified":"2020-10-27T17:23:08","modified_gmt":"2020-10-27T16:23:08","slug":"kosten","status":"publish","type":"page","link":"https:\/\/www.persofoto.de\/lexikon\/reisepass\/kosten\/","title":{"rendered":"Kosten \/ Preis"},"content":{"rendered":"<nav class=\"chapter-toc\">\n<h2>Auf dieser Seite<\/h2>\n<ul>\n<li><a class=\"smooth\" href=\"#reisepass-kosten\">Reisepass Kosten<\/a><\/li>\n<li><a class=\"smooth\" href=\"#express-reisepass-kosten\">Express-Reisepass Kosten<\/a><\/li>\n<li><a class=\"smooth\" href=\"#eine-teure-angelegenheit\">G\u00fcnstigere Alternative &#8222;vorl\u00e4ufiger Reisepass&#8220;<\/a><\/li>\n<\/ul>\n<\/nav>\n<p>Die Kosten des Reisepasses h\u00e4ngen von verschiedenen Faktoren, wie der <strong>Seitenanzahl<\/strong>, dem <strong>Alter<\/strong> und der <strong>Bearbeitungszeit<\/strong> der Ausstellung ab.<\/p>\n<p>Die Preise kannst Du den unten stehenden Tabellen entnehmen. Es gibt den Reisepass mit <strong>32 Seiten<\/strong> und <strong>48 Seiten<\/strong> f\u00fcr Vielreisende &#8211; dieser kostet nat\u00fcrlich ein wenig mehr. Bis zum 24. Lebensjahr hat der Reisepass bei Beantragung eine G\u00fcltigkeit von 6 Jahren &#8211; sonst 10 Jahren.<\/p>\n\n\n<figure class=\"wp-block-image size-full is-resized\"><img src=\"https:\/\/www.persofoto.de\/lexikon\/wp-content\/uploads\/2018\/06\/reisepass-kosten-in-euro.jpg\" alt=\"Reisepass mit Geb\u00fchr in Banknoten und M\u00fcnzen\" class=\"wp-image-3187\" width=\"750\" title=\"Die maximalen Kosten f\u00fcr einen Reisepass betragen 82 \u20ac \/ per Express max. 114 \u20ac)\" srcset=\"https:\/\/www.persofoto.de\/lexikon\/wp-content\/uploads\/2018\/06\/reisepass-kosten-in-euro.jpg 1500w, https:\/\/www.persofoto.de\/lexikon\/wp-content\/uploads\/2018\/06\/reisepass-kosten-in-euro-250x165.jpg 250w, https:\/\/www.persofoto.de\/lexikon\/wp-content\/uploads\/2018\/06\/reisepass-kosten-in-euro-700x462.jpg 700w, https:\/\/www.persofoto.de\/lexikon\/wp-content\/uploads\/2018\/06\/reisepass-kosten-in-euro-768x507.jpg 768w, https:\/\/www.persofoto.de\/lexikon\/wp-content\/uploads\/2018\/06\/reisepass-kosten-in-euro-750x496.jpg 750w, https:\/\/www.persofoto.de\/lexikon\/wp-content\/uploads\/2018\/06\/reisepass-kosten-in-euro-375x248.jpg 375w, https:\/\/www.persofoto.de\/lexikon\/wp-content\/uploads\/2018\/06\/reisepass-kosten-in-euro-120x79.jpg 120w\" sizes=\"(max-width: 1500px) 100vw, 1500px\" \/><\/figure>\n\n\n<p>Dar\u00fcber hinaus gibt es einen Express-Reisepass, der nochmal etwas mehr kostet. Mehr dazu weiter unten.<\/p>\n<div class=\"tipp\">\n<h3>Kurz zusammengefasst<\/h3>\n<ul>\n<li>Ein Reisepass kostet <strong>zwischen 37,50 \u20ac und 114,00 \u20ac<\/strong>, je nach dem <strong>wie alt<\/strong> Du bist und <strong>wie viele Seiten<\/strong> er haben soll.<\/li>\n<li>Eine <strong>g\u00fcnstigere Alternative<\/strong> ist ein <a href=\"https:\/\/www.persofoto.de\/lexikon\/reisepass\/vorlaufiger-reisepass\/\"><strong>vorl\u00e4ufiger Reisepass<\/strong><\/a>, mit einer Geb\u00fchr von <strong>26 \u20ac<\/strong>. Er hat jedoch auch einige Nachteile.<\/li>\n<\/ul>\n<\/div>\n<h2 id=\"reisepass-kosten\">Kosten\u00fcbersicht des Reisepasses<\/h2>\n<div class=\"table-responsive\">\n<table class=\"list narrow\">\n<tbody>\n<tr>\n<th>Art des Reisepasses<\/th>\n<th>Geb\u00fchr \u2193<\/th>\n<th>Alter<\/th>\n<th>Seiten<\/th>\n<\/tr>\n<tr class=\"odge\">\n<td>Reisepass mit 32 Seiten, bis zum 24. Lebensjahr<br>(G\u00fcltigkeit 6 Jahre)<\/td>\n<td nowrap=\"nowrap\">37,50 \u20ac<\/td>\n<td nowrap=\"nowrap\">bis 24<\/td>\n<td>32<\/td>\n<\/tr>\n<tr class=\"even\">\n<td>Reisepass mit 48 Seiten, bis zum 24. Lebensjahr<br>(G\u00fcltigkeit 6 Jahre)<\/td>\n<td nowrap=\"nowrap\">59,50 \u20ac<\/td>\n<td nowrap=\"nowrap\">bis 24<\/td>\n<td>48<\/td>\n<\/tr>\n<tr class=\"odge\">\n<td>Reisepass mit 32 Seiten, ab dem 24. Lebensjahr<br>(G\u00fcltigkeit 10 Jahre)<\/td>\n<td nowrap=\"nowrap\">60,00 \u20ac<\/td>\n<td nowrap=\"nowrap\">ab 24<\/td>\n<td>32<\/td>\n<\/tr>\n<tr class=\"even\" style=\"margin-bottom: 3em; border-bottom: 3px solid #222;\">\n<td>Reisepass mit 48 Seiten, ab dem 24. Lebensjahr<br>(G\u00fcltigkeit 10 Jahre)<\/td>\n<td nowrap=\"nowrap\">82,00 \u20ac<\/td>\n<td nowrap=\"nowrap\">ab 24<\/td>\n<td>48<\/td>\n<\/tr>\n<\/tbody>\n<\/table>\n<\/div>\n<h2 id=\"express-reisepass-kosten\">Kosten\u00fcbersicht Express-Reisepass<\/h2>\n<p>Ben\u00f6tigt man den Reisepass dringend, kann man ihn auch per Express ausstellen lassen. Dann sind die einzelnen Varianten entsprechend teurer. Die Geb\u00fchren f\u00fcr den Express-Reisepass kannst Du der folgenden Tabelle entnehmen:<\/p>\n<div class=\"table-responsive\">\n<table class=\"list narrow\">\n<tbody>\n<tr>\n<th>Art des Reisepasses<\/th>\n<th>Geb\u00fchr \u2193<\/th>\n<th>Alter<\/th>\n<th>Seiten<\/th>\n<\/tr>\n<tr class=\"odge\">\n<td><strong>Express<\/strong>-Reisepass mit 32 Seiten, bis zum 24. Lebensjahr<br>(G\u00fcltigkeit 6 Jahre)<\/td>\n<td nowrap=\"nowrap\">69,50 \u20ac<\/td>\n<td nowrap=\"nowrap\">bis 24<\/td>\n<td>32<\/td>\n<\/tr>\n<tr class=\"even\">\n<td><strong>Express<\/strong>-Reisepass mit 48 Seiten, bis zum 24. Lebensjahr<br>(G\u00fcltigkeit 6 Jahre)<\/td>\n<td nowrap=\"nowrap\">91,50 \u20ac<\/td>\n<td nowrap=\"nowrap\">bis 24<\/td>\n<td>48<\/td>\n<\/tr>\n<tr class=\"odge\">\n<td><strong>Express<\/strong>-Reisepass mit 32 Seiten, ab dem 24. Lebensjahr<br>(G\u00fcltigkeit 10 Jahre)<\/td>\n<td nowrap=\"nowrap\">92,00 \u20ac<\/td>\n<td nowrap=\"nowrap\">ab 24<\/td>\n<td>32<\/td>\n<\/tr>\n<tr class=\"even\">\n<td><strong>Express<\/strong>-Reisepass mit 48 Seiten, ab dem 24. Lebensjahr<br>(G\u00fcltigkeit 10 Jahre)<\/td>\n<td nowrap=\"nowrap\">114,00 \u20ac<\/td>\n<td nowrap=\"nowrap\">ab 24<\/td>\n<td>48<\/td>\n<\/tr>\n<\/tbody>\n<\/table>\n<\/div>\n<p>F\u00fcr die <strong>\u00c4nderung<\/strong> eines Reisepasses oder vorl\u00e4ufigen Reisepasses ist laut PassV \u00a7 15 zudem eine Geb\u00fchr von 6 Euro zu entrichten.<\/p>\n<p>Ein Express-Reisepass ist kein eigenst\u00e4ndiges Dokument, dass sich gegen\u00fcber einem normalen Reisepass unterscheidet. Beantragt man den Reisepass (gegen Aufpreis) per Express, wird er nur deutlich schneller ausgestellt.<\/p>\n<p>F\u00fcr Kinder unter 12 Jahre gibt es zudem einen <strong>Kinderreisepass<\/strong>. Hier erf\u00e4hrst Du, <a href=\"https:\/\/www.persofoto.de\/lexikon\/kinderreisepass\/kosten\/\">was der Kinderreisepass kostet<\/a>.<\/p>\n<hr>\n<h2 id=\"eine-teure-angelegenheit\">G\u00fcnstigere Alternative &#8222;vorl\u00e4ufiger Reisepass&#8220;<\/h2>\n<p>Ein Reisepass ist nicht gerade g\u00fcnstig. Zus\u00e4tzlich zur Geb\u00fchr ben\u00f6tigst Du bei der Beantragung noch mindestens ein aktuelles <a href=\"https:\/\/www.persofoto.de\/lexikon\/passbild\/biometrisches-passbild\/\">biometrisches Passfoto<\/a>. Je nach Region, und je nach dem, wo Du es machen l\u00e4sst, kann ein Set bis zu 25 Euro kosten. Wenn Du mit einer Kamera umgehen kannst, l\u00e4sst sich wenigstens das n\u00f6tige Foto aber auch leicht und g\u00fcnstig selbst erstellen.<\/p>\n<p style=\"text-align: center;\"><a class=\"flat-button orange-flat-button\" title=\"Bild hochladen und Passbild f\u00fcr den Reisepass erstellen\" href=\"https:\/\/www.persofoto.de\/upload\/passbild\/html5\/297\">Jetzt Reisepass Passbild erstellen \u00bb<\/a><\/p>\n<p>Eine g\u00fcnstigere Alternative zum richtigen Reisepass ist ein <a href=\"https:\/\/www.persofoto.de\/lexikon\/reisepass\/vorlaufiger-reisepass\/\"><strong>vorl\u00e4ufiger Reisepass<\/strong><\/a>. Einer seiner Vorteile ist der g\u00fcnstigere Preis. F\u00fcr ihn wird nur eine <strong>Geb\u00fchr von 26 Euro<\/strong> erhoben. Die Ausstellung erfolgt meist sofort. Er hat jedoch auch Nachteile: er wird bspw. nicht in allen L\u00e4ndern akzeptiert. Ob Du ihn verwenden kannst, pr\u00fcfst Du am besten in den <a href=\"https:\/\/www.persofoto.de\/lexikon\/einreisebestimmungen\/\">Einreisebestimmungen<\/a> des entsprechenden Landes.<\/p>\n<p>Wenn Du das n\u00f6tige biometrische Passfoto bequem von zuhause selbst erstellen m\u00f6chtest: Wir haben einige <a href=\"https:\/\/www.persofoto.de\/lexikon\/passbild\/das-perfekte-ausgangsfoto-audio-anleitung\/\">Anleitungen&nbsp;f\u00fcr das Erstellen des Ausgangsfotos<\/a> f\u00fcr Dich vorbereitet.<\/p>\n<p>Du kannst Dein Foto in unserem <a href=\"https:\/\/www.persofoto.de\/upload\/passbild\">Passfoto-Generator<\/a> <strong>kostenlos an die biometrische Schablone anpassen und auf das richtige Seitenverh\u00e4ltnis zuschneiden<\/strong> &#8211; und sparst so wenigstens beim biometrischen Passfoto ein wenig Geld und Zeit.<\/p>\n<p>Wenn Du physische Abz\u00fcge bei uns bestellen m\u00f6chtest, liefern wir Dir Deine Bilder gerne auch \u00fcberarbeitet und gedruckt &#8211; mit Akzeptanz-Garantie.<\/p>\n<div>\n<div id=\"attachment_1269\" style=\"width: 260px\" class=\"wp-caption alignleft\"><a href=\"https:\/\/www.persofoto.de\/upload\/passbild\"><img aria-describedby=\"caption-attachment-1269\" class=\"wp-image-1269 size-full\" title=\"Der Passfoto-Generator schneidet Bilder ins korrekte Passfoto-Format.\" src=\"https:\/\/www.persofoto.de\/lexikon\/wp-content\/uploads\/2011\/07\/passfoto-generator-screenshot.jpg\" alt=\"Passfoto-Generator\" width=\"250\" height=\"248\" srcset=\"https:\/\/www.persofoto.de\/lexikon\/wp-content\/uploads\/2011\/07\/passfoto-generator-screenshot.jpg 250w, https:\/\/www.persofoto.de\/lexikon\/wp-content\/uploads\/2011\/07\/passfoto-generator-screenshot-150x150.jpg 150w, https:\/\/www.persofoto.de\/lexikon\/wp-content\/uploads\/2011\/07\/passfoto-generator-screenshot-120x119.jpg 120w\" sizes=\"(max-width: 250px) 100vw, 250px\" \/><\/a><p id=\"caption-attachment-1269\" class=\"wp-caption-text\">Der Passfoto-Generator schneidet Bilder ins korrekte Passfoto-Format.<\/p><\/div><p><\/p>\n<p><img width=\"250\" height=\"322\" class=\"alignleft size-medium wp-image-2916\" title=\"Der aktuelle deutsche Reisepass (ePass) von 2018\" src=\"https:\/\/www.persofoto.de\/lexikon\/wp-content\/uploads\/2018\/01\/reisepass-250x322.jpg\" alt=\"Deutscher Reisepass 2018\" srcset=\"https:\/\/www.persofoto.de\/lexikon\/wp-content\/uploads\/2018\/01\/reisepass-250x322.jpg 250w, https:\/\/www.persofoto.de\/lexikon\/wp-content\/uploads\/2018\/01\/reisepass-700x901.jpg 700w, https:\/\/www.persofoto.de\/lexikon\/wp-content\/uploads\/2018\/01\/reisepass-120x154.jpg 120w, https:\/\/www.persofoto.de\/lexikon\/wp-content\/uploads\/2018\/01\/reisepass.jpg 760w\" sizes=\"(max-width: 250px) 100vw, 250px\" \/><\/p>\n<\/div>","protected":false},"excerpt":{"rendered":"Auf dieser Seite Reisepass Kosten Express-Reisepass Kosten G\u00fcnstigere Alternative &#8222;vorl\u00e4ufiger Reisepass&#8220; Die Kosten des Reisepasses h\u00e4ngen von verschiedenen Faktoren, wie der Seitenanzahl, dem Alter und der Bearbeitungszeit der Ausstellung ab. Die Preise kannst Du den unten stehenden Tabellen entnehmen. Es gibt den Reisepass mit 32 Seiten und 48 Seiten f\u00fcr Vielreisende &#8211; dieser kostet nat\u00fcrlich&#8230; <a class=\"view-article\" href=\"https:\/\/www.persofoto.de\/lexikon\/reisepass\/kosten\/\">Anzeigen<\/a>","protected":false},"author":1,"featured_media":0,"parent":37,"menu_order":-1,"comment_status":"open","ping_status":"open","template":"","meta":[],"_links":{"self":[{"href":"https:\/\/www.persofoto.de\/lexikon\/wp-json\/wp\/v2\/pages\/567"}],"collection":[{"href":"https:\/\/www.persofoto.de\/lexikon\/wp-json\/wp\/v2\/pages"}],"about":[{"href":"https:\/\/www.persofoto.de\/lexikon\/wp-json\/wp\/v2\/types\/page"}],"author":[{"embeddable":true,"href":"https:\/\/www.persofoto.de\/lexikon\/wp-json\/wp\/v2\/users\/1"}],"replies":[{"embeddable":true,"href":"https:\/\/www.persofoto.de\/lexikon\/wp-json\/wp\/v2\/comments?post=567"}],"version-history":[{"count":58,"href":"https:\/\/www.persofoto.de\/lexikon\/wp-json\/wp\/v2\/pages\/567\/revisions"}],"predecessor-version":[{"id":3699,"href":"https:\/\/www.persofoto.de\/lexikon\/wp-json\/wp\/v2\/pages\/567\/revisions\/3699"}],"up":[{"embeddable":true,"href":"https:\/\/www.persofoto.de\/lexikon\/wp-json\/wp\/v2\/pages\/37"}],"wp:attachment":[{"href":"https:\/\/www.persofoto.de\/lexikon\/wp-json\/wp\/v2\/media?parent=567"}],"curies":[{"name":"wp","href":"https:\/\/api.w.org\/{rel}","templated":true}]}}