{"id":55,"date":"2009-09-10T14:39:49","date_gmt":"2009-09-10T12:39:49","guid":{"rendered":"http:\/\/www.persofoto.de\/\/personalausweis\/wie-mache-ich-ein-biometrisches-passfoto\/"},"modified":"2020-10-25T02:37:03","modified_gmt":"2020-10-25T00:37:03","slug":"wie-mache-ich-ein-biometrisches-passfoto","status":"publish","type":"page","link":"https:\/\/www.persofoto.de\/lexikon\/reisepass\/wie-mache-ich-ein-biometrisches-passfoto\/","title":{"rendered":"Wie mache ich ein biometrisches Passfoto?"},"content":{"rendered":"<nav class=\"chapter-toc\">\n<h2>Auf dieser Seite<\/h2>\n<ul>\n<li><a class=\"smooth\" href=\"#schaerfe-und-kontrast\">Sch\u00e4rfe &amp; Kontrast<\/a><\/li>\n<li><a class=\"smooth\" href=\"#ausleuchtung\">Ausleuchtung<\/a><\/li>\n<li><a class=\"smooth\" href=\"#hintergrund\">Hintergrund<\/a><\/li>\n<li><a class=\"smooth\" href=\"#fotoqualitaet\">Fotoqualit\u00e4t<\/a><\/li>\n<li><a class=\"smooth\" href=\"#kopfposition-und-gesichtsausdruck\">Kopfposition &amp; Gesichtsausdruck<\/a><\/li>\n<li><a class=\"smooth\" href=\"#augen-und-blickrichtung\">Augen &amp; Blickrichtung<\/a><\/li>\n<li><a class=\"smooth\" href=\"#brillentraeger\">Brillentr\u00e4ger<\/a><\/li>\n<li><a class=\"smooth\" href=\"#kopfbedeckung\">Kopfbedeckung<\/a><\/li>\n<li><a class=\"smooth\" href=\"#kinder\">Kinder<\/a><\/li>\n<li><a class=\"smooth\" href=\"#saeuglinge-und-kleinkinder\">S\u00e4uglinge und Kleinkinder<\/a><\/li>\n<li><a class=\"smooth\" href=\"#groesse-format-und-ausrichtung\">Gr\u00f6\u00dfe, Format und Ausrichtung<\/a><\/li>\n<li><a class=\"smooth\" href=\"#videoanleitung\">Videoanleitung<\/a><\/li>\n<\/ul>\n<\/nav>\n<h2 id=\"schaerfe-und-kontrast\">Sch\u00e4rfe &amp; Kontrast<\/h2>\n<p>Das Gesicht muss in allen Bereichen scharf abgebildet, kontrastreich und klar sein. Du kannst dein Bild in den <a title=\"Persomat\" href=\"https:\/\/www.persofoto.de\/upload\/passbild\" target=\"_self\" rel=\"noopener noreferrer\">Persomat<\/a> hochladen, um pr\u00fcfen zu lassen ob die Aufl\u00f6sung ausreichend hoch ist. Zudem pr\u00fcfen wir falls gew\u00fcnscht bei den bestellten Passfotos ob sie die biometrischen Anforderungen erf\u00fcllen.<br \/>\n<img class=\"img-responsive alignnone wp-image-116 size-full\" title=\"Sch\u00e4rfe &amp; Kontrast bei biometrischen Passbildern\" src=\"https:\/\/www.persofoto.de\/lexikon\/wp-content\/uploads\/2009\/09\/service_buerger_fotom3.jpg\" alt=\"Sch\u00e4rfe &amp; Kontrast bei biometrischen Passbildern\" width=\"472\" height=\"150\" srcset=\"https:\/\/www.persofoto.de\/lexikon\/wp-content\/uploads\/2009\/09\/service_buerger_fotom3.jpg 472w, https:\/\/www.persofoto.de\/lexikon\/wp-content\/uploads\/2009\/09\/service_buerger_fotom3-250x79.jpg 250w, https:\/\/www.persofoto.de\/lexikon\/wp-content\/uploads\/2009\/09\/service_buerger_fotom3-120x38.jpg 120w\" sizes=\"(max-width: 472px) 100vw, 472px\" \/><\/p>\n<h2 id=\"ausleuchtung\">Ausleuchtung<\/h2>\n<p>Das Gesicht muss gleichm\u00e4\u00dfig ausgeleuchtet werden. Reflexionen oder Schatten im Gesicht sowie rote Augen sind zu vermeiden. Deshalb stehst du beim Foto am besten mit dem R\u00fccken an einer Wand die gegen\u00fcber von einem Fenster liegt. In K\u00fcrze werden wir noch ein kleines Video erstellen, indem erkl\u00e4rt wird wie man am Besten biometrische Passfotos schie\u00dfen kann.<br \/>\n<img class=\"img-responsive alignnone wp-image-117 size-full\" title=\"Ausleuchtung bei biometrischen Passbildern\" src=\"https:\/\/www.persofoto.de\/lexikon\/wp-content\/uploads\/2009\/09\/service_buerger_fotom4.jpg\" alt=\"Ausleuchtung bei biometrischen Passbildern\" width=\"472\" height=\"156\" loading=\"lazy\" srcset=\"https:\/\/www.persofoto.de\/lexikon\/wp-content\/uploads\/2009\/09\/service_buerger_fotom4.jpg 472w, https:\/\/www.persofoto.de\/lexikon\/wp-content\/uploads\/2009\/09\/service_buerger_fotom4-250x83.jpg 250w, https:\/\/www.persofoto.de\/lexikon\/wp-content\/uploads\/2009\/09\/service_buerger_fotom4-120x40.jpg 120w\" sizes=\"(max-width: 472px) 100vw, 472px\" \/><\/p>\n<h2 id=\"hintergrund\">Hintergrund<\/h2>\n<p>Der Hintergrund muss einfarbig hell sein (idealerweise neutral grau oder wei\u00df) und einen Kontrast zum Gesicht und zu den Haaren aufweisen. Bei hellen Haaren eignet sich ein mittelgrauer Hintergrund, bei dunklen Haaren ein hellgrauer. Der Hintergrund darf kein Muster aufweisen. Das Foto darf ausschlie\u00dflich die zu fotografierende Person zeigen (keine weiteren Personen oder Gegenst\u00e4nde im Bild). Auf dem Hintergrund d\u00fcrfen keine Schatten entstehen.<br \/>\n<img class=\"img-responsive alignnone wp-image-118 size-full\" title=\"Hintergrund bei biometrischen Passbildern\" src=\"https:\/\/www.persofoto.de\/lexikon\/wp-content\/uploads\/2009\/09\/service_buerger_fotom5.jpg\" alt=\"Hintergrund bei biometrischen Passbildern\" width=\"472\" height=\"146\" data-wp-editing=\"1\" loading=\"lazy\" srcset=\"https:\/\/www.persofoto.de\/lexikon\/wp-content\/uploads\/2009\/09\/service_buerger_fotom5.jpg 472w, https:\/\/www.persofoto.de\/lexikon\/wp-content\/uploads\/2009\/09\/service_buerger_fotom5-250x77.jpg 250w, https:\/\/www.persofoto.de\/lexikon\/wp-content\/uploads\/2009\/09\/service_buerger_fotom5-120x37.jpg 120w\" sizes=\"(max-width: 472px) 100vw, 472px\" \/><\/p>\n<h2 id=\"fotoqualitaet\">Fotoqualit\u00e4t<\/h2>\n<p>Das Foto sollte (insbesondere bei der Aufnahme mit einer Digitalkamera) auf hochwertigem Papier mit einer Druckaufl\u00f6sung von mindestens 600 dpi vorliegen. Das Foto muss farbneutral sein und die Hautt\u00f6ne nat\u00fcrlich wiedergeben. Das Foto darf keine Knicke oder Verunreinigungen aufweisen. Das Foto kann in Schwarzwei\u00df oder Farbe vorliegen.<br \/>\n<img class=\"img-responsive alignnone wp-image-119 size-full\" title=\"Fotoqualit\u00e4t bei biometrischen Passbildern\" src=\"https:\/\/www.persofoto.de\/lexikon\/wp-content\/uploads\/2009\/09\/service_buerger_fotom6.jpg\" alt=\"Fotoqualit\u00e4t bei biometrischen Passbildern\" width=\"472\" height=\"147\" loading=\"lazy\" srcset=\"https:\/\/www.persofoto.de\/lexikon\/wp-content\/uploads\/2009\/09\/service_buerger_fotom6.jpg 472w, https:\/\/www.persofoto.de\/lexikon\/wp-content\/uploads\/2009\/09\/service_buerger_fotom6-250x78.jpg 250w, https:\/\/www.persofoto.de\/lexikon\/wp-content\/uploads\/2009\/09\/service_buerger_fotom6-120x37.jpg 120w\" sizes=\"(max-width: 472px) 100vw, 472px\" \/><\/p>\n<div class=\"tipp\">\n<h3>Tipp<\/h3>\n<ul>\n<li>Du kannst ein biometrisches Passfoto auch einfach selbst erstellen. Nimm ein Foto mit Deinem Smartphone auf, passe es in unserem <a href=\"https:\/\/www.persofoto.de\/upload\/passbild\">Passfoto-Generator<\/a> an die biometrische Schablone an, und lade es kostenlos herunter oder bestelle \u00fcberarbeitete und gepr\u00fcfte Abz\u00fcge in perfekter Qualit\u00e4t.<\/li>\n<\/ul>\n<\/div>\n<h2 id=\"kopfposition-und-gesichtsausdruck\">Kopfposition &amp; Gesichtsausdruck<\/h2>\n<p>Eine Darstellung der Person mit geneigtem oder gedrehtem Kopf (z.B. Halbprofil) ist nicht zul\u00e4ssig.<br \/>\nDie Person muss mit neutralem Gesichtsausdruck und geschlossenem Mund gerade in die Kamera blicken.<br \/>\n<img class=\"img-responsive alignnone wp-image-121 size-full\" title=\"Kopfposition und Gesichtsausdruck bei biometrischen Passbildern\" src=\"https:\/\/www.persofoto.de\/lexikon\/wp-content\/uploads\/2009\/09\/service_buerger_fotom7.jpg\" alt=\"Kopfposition und Gesichtsausdruck bei biometrischen Passbildern\" width=\"472\" height=\"144\" loading=\"lazy\" srcset=\"https:\/\/www.persofoto.de\/lexikon\/wp-content\/uploads\/2009\/09\/service_buerger_fotom7.jpg 472w, https:\/\/www.persofoto.de\/lexikon\/wp-content\/uploads\/2009\/09\/service_buerger_fotom7-250x76.jpg 250w, https:\/\/www.persofoto.de\/lexikon\/wp-content\/uploads\/2009\/09\/service_buerger_fotom7-120x37.jpg 120w\" sizes=\"(max-width: 472px) 100vw, 472px\" \/><\/p>\n<h2 id=\"augen-und-blickrichtung\">Augen &amp; Blickrichtung<\/h2>\n<p>Die Person muss auf dem Foto direkt in die Kamera blicken. Die Augen m\u00fcssen ge\u00f6ffnet und deutlich sichtbar sein und d\u00fcrfen nicht durch Haare oder Brillengestelle verdeckt werden.<br \/>\n<img class=\"img-responsive alignnone wp-image-122 size-full\" title=\"Augen und Blickrichtung bei biometrischen Passbildern\" src=\"https:\/\/www.persofoto.de\/lexikon\/wp-content\/uploads\/2009\/09\/service_buerger_fotom8.jpg\" alt=\"Augen und Blickrichtung bei biometrischen Passbildern\" width=\"471\" height=\"153\" loading=\"lazy\" srcset=\"https:\/\/www.persofoto.de\/lexikon\/wp-content\/uploads\/2009\/09\/service_buerger_fotom8.jpg 471w, https:\/\/www.persofoto.de\/lexikon\/wp-content\/uploads\/2009\/09\/service_buerger_fotom8-250x81.jpg 250w, https:\/\/www.persofoto.de\/lexikon\/wp-content\/uploads\/2009\/09\/service_buerger_fotom8-120x39.jpg 120w\" sizes=\"(max-width: 471px) 100vw, 471px\" \/><\/p>\n<h2 id=\"brillentraeger\">Brillentr\u00e4ger<\/h2>\n<p>Die Augen m\u00fcssen klar und deutlich erkennbar sein (Reflexionen auf den Brillengl\u00e4sern, get\u00f6nte Gl\u00e4ser oder Sonnenbrillen sind nicht zul\u00e4ssig). Der Rand der Gl\u00e4ser oder das Gestell d\u00fcrfen nicht die Augen verdecken.<br \/>\n<img class=\"img-responsive alignnone wp-image-123 size-full\" title=\"Hinweise f\u00fcr Brillentr\u00e4ger bei biometrischen Passbildern\" src=\"https:\/\/www.persofoto.de\/lexikon\/wp-content\/uploads\/2009\/09\/service_buerger_fotom9.jpg\" alt=\"Hinweise f\u00fcr Brillentr\u00e4ger bei biometrischen Passbildern\" width=\"471\" height=\"149\" loading=\"lazy\" srcset=\"https:\/\/www.persofoto.de\/lexikon\/wp-content\/uploads\/2009\/09\/service_buerger_fotom9.jpg 471w, https:\/\/www.persofoto.de\/lexikon\/wp-content\/uploads\/2009\/09\/service_buerger_fotom9-250x79.jpg 250w, https:\/\/www.persofoto.de\/lexikon\/wp-content\/uploads\/2009\/09\/service_buerger_fotom9-120x38.jpg 120w\" sizes=\"(max-width: 471px) 100vw, 471px\" \/><\/p>\n<h2 id=\"kopfbedeckung\">Kopfbedeckung<\/h2>\n<p>Kopfbedeckungen sind grunds\u00e4tzlich nicht erlaubt. Ausnahmen sind insbesondere aus religi\u00f6sen Gr\u00fcnden zul\u00e4ssig. In diesem Fall gilt: das Gesicht muss von der unteren Kinnkante bis zur Stirn erkennbar sein. Es d\u00fcrfen keine Schatten auf dem Gesicht entstehen.<br \/>\n<img class=\"img-responsive alignnone wp-image-124 size-full\" title=\"Kopfbedeckungen bei biometrischen Passbildern\" src=\"https:\/\/www.persofoto.de\/lexikon\/wp-content\/uploads\/2009\/09\/service_buerger_fotom10.jpg\" alt=\"Kopfbedeckungen bei biometrischen Passbildern\" width=\"471\" height=\"148\" loading=\"lazy\" srcset=\"https:\/\/www.persofoto.de\/lexikon\/wp-content\/uploads\/2009\/09\/service_buerger_fotom10.jpg 471w, https:\/\/www.persofoto.de\/lexikon\/wp-content\/uploads\/2009\/09\/service_buerger_fotom10-250x79.jpg 250w, https:\/\/www.persofoto.de\/lexikon\/wp-content\/uploads\/2009\/09\/service_buerger_fotom10-120x38.jpg 120w\" sizes=\"(max-width: 471px) 100vw, 471px\" \/><\/p>\n<h2 id=\"kinder\">Kinder<\/h2>\n<p>Bei Kindern bis zum vollendeten 10. Lebensjahr sind folgende Abweichungen bei der Gesichtsh\u00f6he und im Augenbereich zul\u00e4ssig: Die Gesichtsh\u00f6he bei Kindern muss 50 &#8211; 80 % des Fotos einnehmen. Dies entspricht einer H\u00f6he von 22 &#8211; 36 mm von der Kinnspitze bis zum oberen Kopfende. Dabei ist das obere Kopfende unter Vernachl\u00e4ssigung der Frisur anzunehmen. Wegen des h\u00e4ufig nicht eindeutig zu bestimmenden oberen Kopfendes sind Passfotos jedoch erst dann abzulehnen, wenn die Gesichtsh\u00f6he 17 mm unterschreitet oder 40 mm \u00fcberschreitet. Bei S\u00e4uglingen und Kleinkindern gelten zus\u00e4tzlich die nachfolgend beschriebenen Abweichungen.<br \/>\n<img class=\"img-responsive alignnone wp-image-125 size-full\" title=\"Spezielle Hinweise f\u00fcr Kinder bei biometrischen Passbildern\" src=\"https:\/\/www.persofoto.de\/lexikon\/wp-content\/uploads\/2009\/09\/service_buerger_fotom11.jpg\" alt=\"Spezielle Hinweise f\u00fcr Kinder bei biometrischen Passbildern\" width=\"471\" height=\"139\" loading=\"lazy\" srcset=\"https:\/\/www.persofoto.de\/lexikon\/wp-content\/uploads\/2009\/09\/service_buerger_fotom11.jpg 471w, https:\/\/www.persofoto.de\/lexikon\/wp-content\/uploads\/2009\/09\/service_buerger_fotom11-250x74.jpg 250w, https:\/\/www.persofoto.de\/lexikon\/wp-content\/uploads\/2009\/09\/service_buerger_fotom11-120x35.jpg 120w\" sizes=\"(max-width: 471px) 100vw, 471px\" \/><\/p>\n<h2 id=\"saeuglinge-und-kleinkinder\">S\u00e4uglinge und Kleinkinder<\/h2>\n<p>Bei S\u00e4uglingen und Kleinkindern bis zum vollendeten 6. Lebensjahr sind zus\u00e4tzlich zu den unter der \u00dcberschrift <a class=\"smooth\" href=\"#kinder\">Kinder<\/a> dargestellten Ausnahmen Abweichungen in der Kopfhaltung (nicht von der Frontalaufnahme!), im Gesichtsausdruck, hinsichtlich Augen und Blickrichtung sowie hinsichtlich der Zentrierung auf dem Foto zul\u00e4ssig.<br \/>\n<img class=\"img-responsive alignnone wp-image-126 size-full\" title=\"Spezielle Hinweise f\u00fcr S\u00e4uglinge und Kleinkinder bei biometrischen Passbildern\" src=\"https:\/\/www.persofoto.de\/lexikon\/wp-content\/uploads\/2009\/09\/service_buerger_fotom12.jpg\" alt=\"Spezielle Hinweise f\u00fcr S\u00e4uglinge und Kleinkinder bei biometrischen Passbildern\" width=\"471\" height=\"148\" loading=\"lazy\" srcset=\"https:\/\/www.persofoto.de\/lexikon\/wp-content\/uploads\/2009\/09\/service_buerger_fotom12.jpg 471w, https:\/\/www.persofoto.de\/lexikon\/wp-content\/uploads\/2009\/09\/service_buerger_fotom12-250x79.jpg 250w, https:\/\/www.persofoto.de\/lexikon\/wp-content\/uploads\/2009\/09\/service_buerger_fotom12-120x38.jpg 120w\" sizes=\"(max-width: 471px) 100vw, 471px\" \/><\/p>\n<h2 id=\"groesse-format-und-ausrichtung\">Gr\u00f6\u00dfe, Format und Ausrichtung<\/h2>\n<p>Das Format eines biometrischen Passfotos muss 45mm * 35mm betragen. Dabei sollte 70-80% der H\u00f6he des Fotos mit der Gesichtsh\u00f6he ausgef\u00fcllt sein, also zwischen 32-36 mm. Zudem muss das Gesicht in der Mitte des Fotos zentriert sein. Du kannst dein Foto in unserem Persomat auf das gew\u00fcnschte Format zuschneiden und dein Gesicht anhand einer Schablone ausrichten.<\/p>\n<p><img class=\"img-responsive alignnone wp-image-96 size-full\" title=\"Gr\u00f6\u00dfe und Ausrichtung eines biometrischen Passfotos\" src=\"https:\/\/www.persofoto.de\/lexikon\/wp-content\/uploads\/2009\/09\/service_buerger_fotom2.jpg\" alt=\"Gr\u00f6\u00dfe und Ausrichtung eines biometrischen Passfotos\" width=\"471\" height=\"321\" loading=\"lazy\" srcset=\"https:\/\/www.persofoto.de\/lexikon\/wp-content\/uploads\/2009\/09\/service_buerger_fotom2.jpg 471w, https:\/\/www.persofoto.de\/lexikon\/wp-content\/uploads\/2009\/09\/service_buerger_fotom2-250x170.jpg 250w, https:\/\/www.persofoto.de\/lexikon\/wp-content\/uploads\/2009\/09\/service_buerger_fotom2-120x82.jpg 120w\" sizes=\"(max-width: 471px) 100vw, 471px\" \/><\/p>\n<p style=\"text-align: center;\"><a class=\"flat-button orange-flat-button\" title=\"Jetzt ein Passbild erstellen\" href=\"https:\/\/www.persofoto.de\/upload\/passbild\">Jetzt ein Passbild erstellen \u00bb<\/a><\/p>\n<h2 id=\"videoanleitung\">Videoanleitung<\/h2>\n<p>Wir haben eine kurze Videoanleitung f\u00fcr Dich erstellt. In der Anleitung erkl\u00e4ren wir Dir, wie Du ein sch\u00f6nes Passfoto von Zuhause machen kannst und worauf Du achten solltest damit das Bild sp\u00e4ter auch beim Amt angenommen wird.<\/p>\n<div class=\"use-fitvids\"><iframe src=\"https:\/\/www.youtube.com\/embed\/PblBGrMd2rE?;rel=0;autoplay=0&amp;modestbranding=1&amp;showinfo=0&amp;controls=0;showinfo=0\" width=\"420\" height=\"315\" frameborder=\"0\" allowfullscreen=\"allowfullscreen\"><\/iframe><\/div>\n<p style=\"float: right;\"><em>Quelle: Bundesdruckerei<\/em><\/p>\n","protected":false},"excerpt":{"rendered":"Auf dieser Seite Sch\u00e4rfe &amp; Kontrast Ausleuchtung Hintergrund Fotoqualit\u00e4t Kopfposition &amp; Gesichtsausdruck Augen &amp; Blickrichtung Brillentr\u00e4ger Kopfbedeckung Kinder S\u00e4uglinge und Kleinkinder Gr\u00f6\u00dfe, Format und Ausrichtung Videoanleitung Sch\u00e4rfe &amp; Kontrast Das Gesicht muss in allen Bereichen scharf abgebildet, kontrastreich und klar sein. Du kannst dein Bild in den Persomat hochladen, um pr\u00fcfen zu lassen ob die&#8230; <a class=\"view-article\" href=\"https:\/\/www.persofoto.de\/lexikon\/reisepass\/wie-mache-ich-ein-biometrisches-passfoto\/\">Anzeigen<\/a>","protected":false},"author":1,"featured_media":0,"parent":37,"menu_order":0,"comment_status":"open","ping_status":"open","template":"","meta":[],"_links":{"self":[{"href":"https:\/\/www.persofoto.de\/lexikon\/wp-json\/wp\/v2\/pages\/55"}],"collection":[{"href":"https:\/\/www.persofoto.de\/lexikon\/wp-json\/wp\/v2\/pages"}],"about":[{"href":"https:\/\/www.persofoto.de\/lexikon\/wp-json\/wp\/v2\/types\/page"}],"author":[{"embeddable":true,"href":"https:\/\/www.persofoto.de\/lexikon\/wp-json\/wp\/v2\/users\/1"}],"replies":[{"embeddable":true,"href":"https:\/\/www.persofoto.de\/lexikon\/wp-json\/wp\/v2\/comments?post=55"}],"version-history":[{"count":23,"href":"https:\/\/www.persofoto.de\/lexikon\/wp-json\/wp\/v2\/pages\/55\/revisions"}],"predecessor-version":[{"id":3672,"href":"https:\/\/www.persofoto.de\/lexikon\/wp-json\/wp\/v2\/pages\/55\/revisions\/3672"}],"up":[{"embeddable":true,"href":"https:\/\/www.persofoto.de\/lexikon\/wp-json\/wp\/v2\/pages\/37"}],"wp:attachment":[{"href":"https:\/\/www.persofoto.de\/lexikon\/wp-json\/wp\/v2\/media?parent=55"}],"curies":[{"name":"wp","href":"https:\/\/api.w.org\/{rel}","templated":true}]}}