{"id":54,"date":"2009-09-10T14:39:20","date_gmt":"2009-09-10T12:39:20","guid":{"rendered":"http:\/\/www.persofoto.de\/\/personalausweis\/gultigkeit-des-personalausweises\/"},"modified":"2018-09-06T21:30:01","modified_gmt":"2018-09-06T19:30:01","slug":"gueltigkeit-des-personalausweises","status":"publish","type":"page","link":"https:\/\/www.persofoto.de\/lexikon\/personalausweis\/gueltigkeit-des-personalausweises\/","title":{"rendered":"G\u00fcltigkeit des Personalausweises"},"content":{"rendered":"<p>F\u00fcr Personen, die zum Zeitpunkt der Antragstellung <strong>\u00e4lter als 24 Jahre<\/strong> sind, betr\u00e4gt die G\u00fcltigkeitsdauer f\u00fcr den Personalausweis <strong>10 Jahre<\/strong>.<\/p>\n<p>F\u00fcr <strong>j\u00fcngere Personen<\/strong> gilt eine <strong>G\u00fcltigkeitsdauer von 6 Jahren<\/strong>. Dies ist auf die gr\u00f6\u00dferen optischen Ver\u00e4nderungen in jungen Jahren zur\u00fcckzuf\u00fchren.<\/p>\n<table class=\"orange\">\n<thead>\n<tr>\n<th>Ausgestellt<\/th>\n<th>G\u00fcltigkeit<\/th>\n<\/tr>\n<\/thead>\n<tbody>\n<tr>\n<td>bis zum 24. Lebensjahr<\/td>\n<td>6 Jahre<\/td>\n<\/tr>\n<tr>\n<td>ab dem vollendeten\u00a024. Lebensjahr<\/td>\n<td>10 Jahre<\/td>\n<\/tr>\n<\/tbody>\n<\/table>\n<h2>Anders beim vorl\u00e4ufigen Personalausweis<\/h2>\n<p>Ein vorl\u00e4ufiger Personalausweis ist maximal 3 Monate g\u00fcltig. Nach Ablauf der G\u00fcltigkeitsdauer wird ein neuer Ausweis mit einer neuen Seriennummer erstellt, eine Verl\u00e4ngerung des alten Ausweis ist nicht m\u00f6glich.<\/p>\n<p><em>Quelle: Bundesministerium f\u00fcr Justiz \u00a7 2 G\u00fcltigkeit<\/em><\/p>\n","protected":false},"excerpt":{"rendered":"F\u00fcr Personen, die zum Zeitpunkt der Antragstellung \u00e4lter als 24 Jahre sind, betr\u00e4gt die G\u00fcltigkeitsdauer f\u00fcr den Personalausweis 10 Jahre. F\u00fcr j\u00fcngere Personen gilt eine G\u00fcltigkeitsdauer von 6 Jahren. Dies ist auf die gr\u00f6\u00dferen optischen Ver\u00e4nderungen in jungen Jahren zur\u00fcckzuf\u00fchren. Ausgestellt G\u00fcltigkeit bis zum 24. Lebensjahr 6 Jahre ab dem vollendeten\u00a024. Lebensjahr 10 Jahre Anders&#8230; <a class=\"view-article\" href=\"https:\/\/www.persofoto.de\/lexikon\/personalausweis\/gueltigkeit-des-personalausweises\/\">Anzeigen<\/a>","protected":false},"author":1,"featured_media":0,"parent":33,"menu_order":0,"comment_status":"open","ping_status":"open","template":"","meta":[],"_links":{"self":[{"href":"https:\/\/www.persofoto.de\/lexikon\/wp-json\/wp\/v2\/pages\/54"}],"collection":[{"href":"https:\/\/www.persofoto.de\/lexikon\/wp-json\/wp\/v2\/pages"}],"about":[{"href":"https:\/\/www.persofoto.de\/lexikon\/wp-json\/wp\/v2\/types\/page"}],"author":[{"embeddable":true,"href":"https:\/\/www.persofoto.de\/lexikon\/wp-json\/wp\/v2\/users\/1"}],"replies":[{"embeddable":true,"href":"https:\/\/www.persofoto.de\/lexikon\/wp-json\/wp\/v2\/comments?post=54"}],"version-history":[{"count":3,"href":"https:\/\/www.persofoto.de\/lexikon\/wp-json\/wp\/v2\/pages\/54\/revisions"}],"predecessor-version":[{"id":3432,"href":"https:\/\/www.persofoto.de\/lexikon\/wp-json\/wp\/v2\/pages\/54\/revisions\/3432"}],"up":[{"embeddable":true,"href":"https:\/\/www.persofoto.de\/lexikon\/wp-json\/wp\/v2\/pages\/33"}],"wp:attachment":[{"href":"https:\/\/www.persofoto.de\/lexikon\/wp-json\/wp\/v2\/media?parent=54"}],"curies":[{"name":"wp","href":"https:\/\/api.w.org\/{rel}","templated":true}]}}