{"id":53,"date":"2009-09-10T14:36:40","date_gmt":"2009-09-10T12:36:40","guid":{"rendered":"http:\/\/www.persofoto.de\/\/personalausweis\/erstmaliges-beantragen\/"},"modified":"2018-07-05T14:51:23","modified_gmt":"2018-07-05T12:51:23","slug":"erstmaliges-beantragen","status":"publish","type":"page","link":"https:\/\/www.persofoto.de\/lexikon\/personalausweis\/erstmaliges-beantragen\/","title":{"rendered":"Erstmaliges Beantragen"},"content":{"rendered":"<p>Ein Personalausweis kann beim zust\u00e4ndigen Rathaus oder B\u00fcrgerb\u00fcro beantragt werden. Wie die <a href=\"https:\/\/www.persofoto.de\/lexikon\/personalausweis\/beantragung\/\">Beantragung<\/a> allgemein und bei einer Verl\u00e4ngerung abl\u00e4uft, behandeln wir in einem <a href=\"https:\/\/www.persofoto.de\/lexikon\/personalausweis\/beantragung\/\">separaten Artikel<\/a>. Hier geht es um die erstmalige Beantragung.<\/p>\n<h2>Besonderheiten der erstmaligen Beantragung<\/h2>\n<p>Der erste Personalausweis ist etwas g\u00fcnstiger, wenn man ihn vor dem 24. Lebensjahr beantragt. Wenn man seinen ersten Personalausweis beantragt, m\u00fcssen einige Dinge mehr vorgelegt werden, als sp\u00e4ter, bei einer Verl\u00e4ngerung. Zur Identit\u00e4tsfeststellung ben\u00f6tigen die Beh\u00f6rden einen anderen, ggf. auch <strong>abgelaufenen Ausweis<\/strong>. Dies kann bspw. ein Kinderreisepass oder Reisepass sein. Ist der zu beantragende Personalausweis der allererste Ausweis, wird die <strong>Geburtsurkunde<\/strong> ben\u00f6tigt.<\/p>\n<p>Zus\u00e4tzlich m\u00fcssen die Erziehungsberechtigten zustimmen. Falls nicht beide zur Beantragung erscheinen, sollte eine schriftliche <strong>Einverst\u00e4ndniserkl\u00e4rung<\/strong> vorbereitet werden.<\/p>\n<div class=\"tipp\">\n<h3>Man ben\u00f6tigt:<\/h3>\n<ul>\n<li>den <strong>alten Kinderausweis<\/strong>, den <strong>alten Kinderreisepass<\/strong> oder die <strong>Geburtsurkunde<\/strong>,<\/li>\n<li>die <strong>Einverst\u00e4ndnis(-erkl\u00e4rung)<\/strong> der Erziehungsberechtigten,\u00a0alternativ einen Sorgerechtsnachweis, bei nur einem Erziehungsberechtigten.<\/li>\n<\/ul>\n<\/div>\n<p>Das waren die Besonderheiten der erstmaligen Beantragung. Dar\u00fcber hinaus ben\u00f6tigt man nat\u00fcrlich die <a href=\"https:\/\/www.persofoto.de\/lexikon\/personalausweis\/personalausweis-kosten\/\">Geb\u00fchr<\/a> <abbr title=\"in H\u00f6he von\">i. H. v.<\/abbr> 22,80 Euro und ein <a href=\"https:\/\/www.persofoto.de\/lexikon\/reisepass\/wie-mache-ich-ein-biometrisches-passfoto\/\">biometrisches Passbild<\/a>.<\/p>\n<div class=\"tipp\">\n<h3>Das muss ebenfalls mitgebracht werden:<\/h3>\n<ul>\n<li>ein aktuelles <a href=\"https:\/\/www.persofoto.de\/lexikon\/reisepass\/wie-mache-ich-ein-biometrisches-passfoto\/\"><strong>biometrisches Passfoto<\/strong><\/a> und<\/li>\n<li>die Geb\u00fchr in H\u00f6he von 22,80 \u20ac f\u00fcr Personen unter 24 Jahren. (Wer \u00e4lter ist zahlt 28,80 \u20ac.)<\/li>\n<\/ul>\n<\/div>\n","protected":false},"excerpt":{"rendered":"Ein Personalausweis kann beim zust\u00e4ndigen Rathaus oder B\u00fcrgerb\u00fcro beantragt werden. Wie die Beantragung allgemein und bei einer Verl\u00e4ngerung abl\u00e4uft, behandeln wir in einem separaten Artikel. Hier geht es um die erstmalige Beantragung. Besonderheiten der erstmaligen Beantragung Der erste Personalausweis ist etwas g\u00fcnstiger, wenn man ihn vor dem 24. Lebensjahr beantragt. Wenn man seinen ersten Personalausweis&#8230; <a class=\"view-article\" href=\"https:\/\/www.persofoto.de\/lexikon\/personalausweis\/erstmaliges-beantragen\/\">Anzeigen<\/a>","protected":false},"author":1,"featured_media":0,"parent":33,"menu_order":0,"comment_status":"open","ping_status":"open","template":"","meta":[],"_links":{"self":[{"href":"https:\/\/www.persofoto.de\/lexikon\/wp-json\/wp\/v2\/pages\/53"}],"collection":[{"href":"https:\/\/www.persofoto.de\/lexikon\/wp-json\/wp\/v2\/pages"}],"about":[{"href":"https:\/\/www.persofoto.de\/lexikon\/wp-json\/wp\/v2\/types\/page"}],"author":[{"embeddable":true,"href":"https:\/\/www.persofoto.de\/lexikon\/wp-json\/wp\/v2\/users\/1"}],"replies":[{"embeddable":true,"href":"https:\/\/www.persofoto.de\/lexikon\/wp-json\/wp\/v2\/comments?post=53"}],"version-history":[{"count":15,"href":"https:\/\/www.persofoto.de\/lexikon\/wp-json\/wp\/v2\/pages\/53\/revisions"}],"predecessor-version":[{"id":3240,"href":"https:\/\/www.persofoto.de\/lexikon\/wp-json\/wp\/v2\/pages\/53\/revisions\/3240"}],"up":[{"embeddable":true,"href":"https:\/\/www.persofoto.de\/lexikon\/wp-json\/wp\/v2\/pages\/33"}],"wp:attachment":[{"href":"https:\/\/www.persofoto.de\/lexikon\/wp-json\/wp\/v2\/media?parent=53"}],"curies":[{"name":"wp","href":"https:\/\/api.w.org\/{rel}","templated":true}]}}