{"id":51,"date":"2009-09-10T14:35:42","date_gmt":"2009-09-10T12:35:42","guid":{"rendered":"http:\/\/www.persofoto.de\/\/personalausweis\/personalausweis-verloren\/"},"modified":"2020-01-17T23:17:53","modified_gmt":"2020-01-17T22:17:53","slug":"personalausweis-verloren","status":"publish","type":"page","link":"https:\/\/www.persofoto.de\/lexikon\/personalausweis\/personalausweis-verloren\/","title":{"rendered":"Personalausweis verloren \ud83d\ude31"},"content":{"rendered":"<nav class=\"chapter-toc\">\n<h2>Auf dieser Seite<\/h2>\n<ul>\n<li><a class=\"smooth\" href=\"#verlorene-personalausweise\">Verlorene Personalausweise<\/a><\/li>\n<li><a class=\"smooth\" href=\"#personalausweis-gestohlen\">Gestohlene Personalausweise<\/a><\/li>\n<li><a class=\"smooth\" href=\"#neu-beantragung\">Neu-Beantragungen<\/a><\/li>\n<\/ul>\n<\/nav>\n<p>Was macht man, wenn der Personalausweis weg ist?&nbsp;\ud83d\ude22 \u00c4rgerlich, dass Du in diese Situation gekommen bist. Wir helfen Dir weiter und sagen, was nun zu tun ist.<\/p>\n<h2 id=\"verlorene-personalausweise\">Verlorene Personalausweise<\/h2>\n<p>Bei einem Verlust des Personalausweises musst Du einen neuen Ausweis bei Deinem <strong>zust\u00e4ndigen Einwohnermeldeamt<\/strong> bzw. B\u00fcrgerb\u00fcro beantragen. Falls Du Dich noch durch ein anderes Dokument ausweisen kannst (Reisepass, F\u00fchrerschein) ist es empfehlenswert ein paar Wochen abzuwarten, ob der alte Ausweis wieder auftaucht. Die meisten verlorenen Ausweise tauchen innerhalb von einem Monat wieder auf.<\/p>\n<div class=\"tipp\">\n<h3>Tipp<\/h3>\n<ul>\n<li>Warte mit der Neu-Beantragung einige Wochen ab. Innerhalb des ersten Monats tauchen einige verlorene Personalausweise wieder auf.<\/li>\n<\/ul>\n<\/div>\n<h2 id=\"personalausweis-gestohlen\">Gestohlene Personalausweise<\/h2>\n<p>Wenn der Personalausweis nicht verloren, sondern mitsamt dem Portemonnaie gestohlen wurde, sollte man dies zus\u00e4tzlich noch bei der n\u00e4chstgelegenen Polizeibeh\u00f6rde melden. Man bekommt dann auch einen Nachweis \u00fcber den Diebstahl, der in der Regel auch bei Polizeikontrollen an Stelle des Personalausweises als Identit\u00e4tsnachweis dient.<\/p>\n<p>Bei gestohlenen Geldbeuteln interessieren sich die Diebe oft nur f\u00fcr Bargeld und entledigen sich vom Rest. Es kann daher sein, dass der &#8222;Rest&#8220; einige Zeit sp\u00e4ter den Weg zur\u00fcck zum Besitzer findet, falls das Portemonnaie gefunden wird.<\/p>\n<h2 id=\"neu-beantragung\">Neu-Beantragungen<\/h2>\n<p>Wurde das gesamte Portemonnaie gestohlen und taucht nicht wieder auf, beginnt leider eine kleine Odyssee der Neu-Beantragung. Kundenkarten und Co. werden meist kostenlos neu ausgestellt. Bei Geld- und Kreditkarten, sowie Ausweisen kommen jedoch leider einige Geb\u00fchren zusammen.<\/p>\n<p>F\u00fcr einen neuen Personalausweis und ggf. F\u00fchrerschein werden je ein biometrisches Passfoto ben\u00f6tigt.<\/p>\n<p>Bei der Beantragung des neuen <strong>Personalausweises<\/strong> sind f\u00fcr Personen \u00fcber 24 Jahre 28,80 Euro zu entrichten. Mehr zu den <a title=\"Personalausweis Kosten\" href=\"https:\/\/www.persofoto.de\/lexikon\/personalausweis\/personalausweis-kosten\/\">Kosten eines neuen Personalausweises<\/a> erf\u00e4hrst Du in der <a href=\"https:\/\/www.persofoto.de\/lexikon\/personalausweis\/personalausweis-kosten\/\">Geb\u00fchren\u00fcbersicht<\/a>. Je nach B\u00fcrgerb\u00fcro variiert die <a href=\"https:\/\/www.persofoto.de\/lexikon\/personalausweis\/ausstellungsdauer\/\">Ausstellungsdauer<\/a>. Nach 3 bis 6 Wochen kann der Personalausweis meist abgeholt werden.<\/p>\n<p>Ein <strong>Ersatz-F\u00fchrerschein<\/strong> kann ebenfalls beim B\u00fcrgerb\u00fcro oder ggf. dem Stra\u00dfenverkehrsamt beantragt werden. Zudem muss meist der Verlust an Eides statt versichert werden. Je nach Wohnort variieren die Geb\u00fchren f\u00fcr die Neu-Ausstellung und das Abgeben der Verlustmeldung.<\/p>\n<p>Hier noch einmal eine komprimierte \u00dcbersicht der wichtigsten Daten:<\/p>\n<div class=\"table-responsive\">\n<table class=\"list\">\n<tbody>\n<tr>\n<th>Ausweis<\/th>\n<th>Ausstellungsort<\/th>\n<th>Ausstellungsdauer<\/th>\n<th>Kosten<\/th>\n<\/tr>\n<tr>\n<td>Personalausweis<\/td>\n<td>B\u00fcrgerb\u00fcro \/ Rathaus<\/td>\n<td>3 bis 6 Wochen<\/td>\n<td nowrap=\"nowrap\">22,80 Euro (unter 24 Jahre)<\/p>\n<p>28,80 Euro&nbsp;(\u00fcber&nbsp;24 Jahre)<\/td>\n<\/tr>\n<tr class=\"odge\">\n<td>F\u00fchrerschein<\/td>\n<td>B\u00fcrgerb\u00fcro \/ Stra\u00dfenverkehrsamt<\/td>\n<td>2 bis 6 Wochen<\/td>\n<td nowrap=\"nowrap\">13 bis 40 Euro<\/td>\n<\/tr>\n<\/tbody>\n<\/table>\n<\/div>\n","protected":false},"excerpt":{"rendered":"Auf dieser Seite Verlorene Personalausweise Gestohlene Personalausweise Neu-Beantragungen Was macht man, wenn der Personalausweis weg ist?&nbsp;\ud83d\ude22 \u00c4rgerlich, dass Du in diese Situation gekommen bist. Wir helfen Dir weiter und sagen, was nun zu tun ist. Verlorene Personalausweise Bei einem Verlust des Personalausweises musst Du einen neuen Ausweis bei Deinem zust\u00e4ndigen Einwohnermeldeamt bzw. B\u00fcrgerb\u00fcro beantragen. Falls&#8230; <a class=\"view-article\" href=\"https:\/\/www.persofoto.de\/lexikon\/personalausweis\/personalausweis-verloren\/\">Anzeigen<\/a>","protected":false},"author":1,"featured_media":0,"parent":33,"menu_order":0,"comment_status":"open","ping_status":"open","template":"","meta":[],"_links":{"self":[{"href":"https:\/\/www.persofoto.de\/lexikon\/wp-json\/wp\/v2\/pages\/51"}],"collection":[{"href":"https:\/\/www.persofoto.de\/lexikon\/wp-json\/wp\/v2\/pages"}],"about":[{"href":"https:\/\/www.persofoto.de\/lexikon\/wp-json\/wp\/v2\/types\/page"}],"author":[{"embeddable":true,"href":"https:\/\/www.persofoto.de\/lexikon\/wp-json\/wp\/v2\/users\/1"}],"replies":[{"embeddable":true,"href":"https:\/\/www.persofoto.de\/lexikon\/wp-json\/wp\/v2\/comments?post=51"}],"version-history":[{"count":13,"href":"https:\/\/www.persofoto.de\/lexikon\/wp-json\/wp\/v2\/pages\/51\/revisions"}],"predecessor-version":[{"id":3617,"href":"https:\/\/www.persofoto.de\/lexikon\/wp-json\/wp\/v2\/pages\/51\/revisions\/3617"}],"up":[{"embeddable":true,"href":"https:\/\/www.persofoto.de\/lexikon\/wp-json\/wp\/v2\/pages\/33"}],"wp:attachment":[{"href":"https:\/\/www.persofoto.de\/lexikon\/wp-json\/wp\/v2\/media?parent=51"}],"curies":[{"name":"wp","href":"https:\/\/api.w.org\/{rel}","templated":true}]}}