{"id":47,"date":"2009-09-10T02:27:31","date_gmt":"2009-09-10T00:27:31","guid":{"rendered":"http:\/\/www.persofoto.de\/\/?page_id=47"},"modified":"2018-10-01T22:18:35","modified_gmt":"2018-10-01T20:18:35","slug":"vorlaufiger-personalausweis","status":"publish","type":"page","link":"https:\/\/www.persofoto.de\/lexikon\/personalausweis\/vorlaufiger-personalausweis\/","title":{"rendered":"Vorl\u00e4ufiger Personalausweis"},"content":{"rendered":"<p>Ben\u00f6tigt man umgehend einen Personalausweis, kann bis zur Ausstellung des Personalausweises ein vorl\u00e4ufiger Personalausweis beantragt werden. Er wird <strong>sofort ausgestellt<\/strong> und kann direkt mitgenommen werden. Im Vergleich: ein &#8222;normaler&#8220; Personalausweis hat eine Ausstellungsdauer von 3 bis 6 Wochen.<\/p>\n<p>Ein vorl\u00e4ufiger Personalausweis ist <strong>maximal 3 Monate g\u00fcltig<\/strong>. Nach Ablauf der G\u00fcltigkeitsdauer wird ein neuer Personalausweis mit einer neuen Seriennummer erstellt. Eine Verl\u00e4ngerung des alten (vorl\u00e4ufigen) Ausweises ist nicht m\u00f6glich.<\/p>\n<div class=\"tipp\">\n<h3>In kurz<\/h3>\n<ul>\n<li>Ein vorl\u00e4ufiger Personalausweis wird sofort ausgestellt und kostet 10 Euro.<\/li>\n<\/ul>\n<\/div>\n<p>Die <strong>Geb\u00fchr<\/strong> f\u00fcr die Ausstellung eines vorl\u00e4ufigen Personalausweises betr\u00e4gt <strong>10,00 Euro<\/strong>. Ein vorl\u00e4ufiger Personalausweis wird sofort nach Ausstellung ausgeh\u00e4ndigt. Leider reicht er f\u00fcr die Einreise in verschiedene L\u00e4nder nicht aus. Welche L\u00e4nder, erf\u00e4hrst Du unter \u201e<a href=\"https:\/\/www.persofoto.de\/lexikon\/einreisebestimmungen\/\">Einreisebestimmungen<\/a>\u201c.<\/p>\n<div class=\"table-responsive\">\n<table class=\"list\">\n<tbody>\n<tr>\n<th>G\u00fcltigkeit<\/th>\n<td>3 Monate<\/td>\n<\/tr>\n<tr>\n<th>Ausstellungsdauer<\/th>\n<td>sofort<\/td>\n<\/tr>\n<tr>\n<th>Geb\u00fchr<\/th>\n<td>10 Euro<\/td>\n<\/tr>\n<tr>\n<th>Bedingung<\/th>\n<td>nur in Verbindung mit einem Personalausweis beantragbar.<\/td>\n<\/tr>\n<\/tbody>\n<\/table>\n<\/div>\n","protected":false},"excerpt":{"rendered":"Ben\u00f6tigt man umgehend einen Personalausweis, kann bis zur Ausstellung des Personalausweises ein vorl\u00e4ufiger Personalausweis beantragt werden. Er wird sofort ausgestellt und kann direkt mitgenommen werden. Im Vergleich: ein &#8222;normaler&#8220; Personalausweis hat eine Ausstellungsdauer von 3 bis 6 Wochen. Ein vorl\u00e4ufiger Personalausweis ist maximal 3 Monate g\u00fcltig. Nach Ablauf der G\u00fcltigkeitsdauer wird ein neuer Personalausweis mit&#8230; <a class=\"view-article\" href=\"https:\/\/www.persofoto.de\/lexikon\/personalausweis\/vorlaufiger-personalausweis\/\">Anzeigen<\/a>","protected":false},"author":1,"featured_media":0,"parent":33,"menu_order":0,"comment_status":"open","ping_status":"open","template":"","meta":[],"_links":{"self":[{"href":"https:\/\/www.persofoto.de\/lexikon\/wp-json\/wp\/v2\/pages\/47"}],"collection":[{"href":"https:\/\/www.persofoto.de\/lexikon\/wp-json\/wp\/v2\/pages"}],"about":[{"href":"https:\/\/www.persofoto.de\/lexikon\/wp-json\/wp\/v2\/types\/page"}],"author":[{"embeddable":true,"href":"https:\/\/www.persofoto.de\/lexikon\/wp-json\/wp\/v2\/users\/1"}],"replies":[{"embeddable":true,"href":"https:\/\/www.persofoto.de\/lexikon\/wp-json\/wp\/v2\/comments?post=47"}],"version-history":[{"count":15,"href":"https:\/\/www.persofoto.de\/lexikon\/wp-json\/wp\/v2\/pages\/47\/revisions"}],"predecessor-version":[{"id":3536,"href":"https:\/\/www.persofoto.de\/lexikon\/wp-json\/wp\/v2\/pages\/47\/revisions\/3536"}],"up":[{"embeddable":true,"href":"https:\/\/www.persofoto.de\/lexikon\/wp-json\/wp\/v2\/pages\/33"}],"wp:attachment":[{"href":"https:\/\/www.persofoto.de\/lexikon\/wp-json\/wp\/v2\/media?parent=47"}],"curies":[{"name":"wp","href":"https:\/\/api.w.org\/{rel}","templated":true}]}}