{"id":45,"date":"2009-09-09T20:30:41","date_gmt":"2009-09-09T18:30:41","guid":{"rendered":"http:\/\/www.persofoto.de\/\/?page_id=45"},"modified":"2016-10-17T15:31:34","modified_gmt":"2016-10-17T13:31:34","slug":"personalausweisregister","status":"publish","type":"page","link":"https:\/\/www.persofoto.de\/lexikon\/personalausweis\/personalausweisregister\/","title":{"rendered":"Personalausweisregister"},"content":{"rendered":"<p>Die Personalausweisbeh\u00f6rden f\u00fchren Personalausweisregister. Diese d\u00fcrfen neben dem Lichtbild, der Unterschrift des Ausweisinhabers und verfahrensbedingten Bearbeitungsvermerken ausschlie\u00dflich folgende Daten enthalten:<\/p>\n<ol>\n<li>Familienname und Geburtsname,<\/li>\n<li>Vornamen,<\/li>\n<li>Doktorgrad,<\/li>\n<li>Tag der Geburt,<\/li>\n<li>Ort der Geburt,<\/li>\n<li>Gr\u00f6\u00dfe,<\/li>\n<li>Farbe der Augen,<\/li>\n<li>Anschrift,<\/li>\n<li>Staatsangeh\u00f6rigkeit,<\/li>\n<li>Familienname, Vornamen, Tag der Geburt und Unterschrift des gesetzlichen Vertreters,<\/li>\n<li>Seriennummer,<\/li>\n<li>Sperrkennwort,<\/li>\n<li>letzter Tag der G\u00fcltigkeitsdauer,<\/li>\n<li>ausstellende Beh\u00f6rde,<\/li>\n<li>Vermerke \u00fcber Anordnungen nach \u00a7 6 Abs. 7,<\/li>\n<li>Angaben zur Erkl\u00e4rungspflicht des Ausweisinhabers nach \u00a7 29 des Staatsangeh\u00f6rigkeitsgesetzes,<\/li>\n<li>die Tatsache, dass die Funktion des Personalausweises zum elektronischen Identit\u00e4tsnachweis ausgeschaltet wurde oder der Personalausweis in die Sperrliste eingetragen ist,<\/li>\n<li>Ordensname, K\u00fcnstlername und<\/li>\n<li>den Nachweis \u00fcber eine erteilte Erm\u00e4chtigung nach \u00a7 8 Abs. 4 Satz 2.<\/li>\n<\/ol>\n<p>Personenbezogene Daten im Personalausweisregister sind mindestens bis zur Ausstellung eines neuen Personalausweises, h\u00f6chstens jedoch bis zu f\u00fcnf Jahren nach dem Ablauf der G\u00fcltigkeit des Personalausweises, auf den sie sich beziehen, zu speichern und dann zu l\u00f6schen.<\/p>\n<p><em>Quelle:\u00a0PAuswG \u00a7 23<\/em><\/p>\n","protected":false},"excerpt":{"rendered":"Die Personalausweisbeh\u00f6rden f\u00fchren Personalausweisregister. Diese d\u00fcrfen neben dem Lichtbild, der Unterschrift des Ausweisinhabers und verfahrensbedingten Bearbeitungsvermerken ausschlie\u00dflich folgende Daten enthalten: Familienname und Geburtsname, Vornamen, Doktorgrad, Tag der Geburt, Ort der Geburt, Gr\u00f6\u00dfe, Farbe der Augen, Anschrift, Staatsangeh\u00f6rigkeit, Familienname, Vornamen, Tag der Geburt und Unterschrift des gesetzlichen Vertreters, Seriennummer, Sperrkennwort, letzter Tag der G\u00fcltigkeitsdauer, ausstellende Beh\u00f6rde,&#8230; <a class=\"view-article\" href=\"https:\/\/www.persofoto.de\/lexikon\/personalausweis\/personalausweisregister\/\">Anzeigen<\/a>","protected":false},"author":1,"featured_media":0,"parent":33,"menu_order":0,"comment_status":"open","ping_status":"open","template":"","meta":[],"_links":{"self":[{"href":"https:\/\/www.persofoto.de\/lexikon\/wp-json\/wp\/v2\/pages\/45"}],"collection":[{"href":"https:\/\/www.persofoto.de\/lexikon\/wp-json\/wp\/v2\/pages"}],"about":[{"href":"https:\/\/www.persofoto.de\/lexikon\/wp-json\/wp\/v2\/types\/page"}],"author":[{"embeddable":true,"href":"https:\/\/www.persofoto.de\/lexikon\/wp-json\/wp\/v2\/users\/1"}],"replies":[{"embeddable":true,"href":"https:\/\/www.persofoto.de\/lexikon\/wp-json\/wp\/v2\/comments?post=45"}],"version-history":[{"count":1,"href":"https:\/\/www.persofoto.de\/lexikon\/wp-json\/wp\/v2\/pages\/45\/revisions"}],"predecessor-version":[{"id":2694,"href":"https:\/\/www.persofoto.de\/lexikon\/wp-json\/wp\/v2\/pages\/45\/revisions\/2694"}],"up":[{"embeddable":true,"href":"https:\/\/www.persofoto.de\/lexikon\/wp-json\/wp\/v2\/pages\/33"}],"wp:attachment":[{"href":"https:\/\/www.persofoto.de\/lexikon\/wp-json\/wp\/v2\/media?parent=45"}],"curies":[{"name":"wp","href":"https:\/\/api.w.org\/{rel}","templated":true}]}}