{"id":37,"date":"2009-09-09T20:23:08","date_gmt":"2009-09-09T18:23:08","guid":{"rendered":"http:\/\/www.persofoto.de\/\/?page_id=37"},"modified":"2018-07-05T14:10:10","modified_gmt":"2018-07-05T12:10:10","slug":"reisepass","status":"publish","type":"page","link":"https:\/\/www.persofoto.de\/lexikon\/reisepass\/","title":{"rendered":"Reisepass"},"content":{"rendered":"<p>Der Reisepass ist die m\u00e4chtigste deutsche Ausweisform. Er wird sp\u00e4testens bei Reisen au\u00dferhalb des europ\u00e4ischen Raums n\u00f6tig, wenn <abbr title=\"beispielsweise\">bspw.<\/abbr> ein <a href=\"https:\/\/www.persofoto.de\/lexikon\/personalausweis\/\">Personalausweis<\/a> nicht mehr ausreicht, um den Inhaber und dessen Staatsangeh\u00f6rigkeit gegen\u00fcber Beh\u00f6rden und Institutionen zu identifizieren und legitimieren.<\/p>\n<h2>H\u00e4ufigste Fragen zum Reisepass<\/h2>\n<p>Wenn man bemerkt, dass f\u00fcr die anstehende Reise ein Reisepass ben\u00f6tigt wird, stellen sich meist direkt zwei Fragen: &#8222;<a href=\"https:\/\/www.persofoto.de\/lexikon\/reisepass\/kosten\/\">Was kostet er?<\/a>&#8220; und &#8222;<a href=\"https:\/\/www.persofoto.de\/lexikon\/reisepass\/ausstellungsdauer\/\">Wie lange dauert die Beantragung bzw. Ausstellung?<\/a>&#8222;.<\/p>\n<p>Beide Themen und einige mehr behandeln wir auf diesen Seiten. Du kannst \u00fcber die Links unten direkt dorthin springen.<\/p>\n<p>Damit keine Reise durch die Ausstellungsdauer gef\u00e4hrdet wird, bieten die Beh\u00f6rden auch einen <a href=\"https:\/\/www.persofoto.de\/lexikon\/reisepass\/express-reisepass\/\">Express-Reisepass<\/a> an.<\/p>\n<p><img class=\"img-responsive alignnone wp-image-3181 size-full\" src=\"https:\/\/www.persofoto.de\/lexikon\/wp-content\/uploads\/2018\/06\/reisepass-im-groessenvergleich.jpg\" alt=\"Reisepass auf B\u00fccherstapel\" width=\"1000\" height=\"595\" srcset=\"https:\/\/www.persofoto.de\/lexikon\/wp-content\/uploads\/2018\/06\/reisepass-im-groessenvergleich.jpg 1000w, https:\/\/www.persofoto.de\/lexikon\/wp-content\/uploads\/2018\/06\/reisepass-im-groessenvergleich-250x149.jpg 250w, https:\/\/www.persofoto.de\/lexikon\/wp-content\/uploads\/2018\/06\/reisepass-im-groessenvergleich-768x457.jpg 768w, https:\/\/www.persofoto.de\/lexikon\/wp-content\/uploads\/2018\/06\/reisepass-im-groessenvergleich-700x417.jpg 700w, https:\/\/www.persofoto.de\/lexikon\/wp-content\/uploads\/2018\/06\/reisepass-im-groessenvergleich-120x71.jpg 120w\" sizes=\"(max-width: 1000px) 100vw, 1000px\" \/><\/p>\n<h2>Bisherige Entwicklung des elektronischen Reisepasses<\/h2>\n<p>Der Reisepass wurde <strong>2005<\/strong> erstmalig mit einem elektronischen Chip ausgestattet und wird seither auch oft &#8222;elektronischer Reisepass&#8220; oder &#8222;ePass&#8220; betitelt.<\/p>\n<p>Seit dem <strong>01.11.2007<\/strong> gelten\u00a0f\u00fcr das Erstellen eines Reisepasses neue Anforderungen. So werden mittlerweile Fingerabdr\u00fccke und ein <a href=\"https:\/\/www.persofoto.de\/lexikon\/reisepass\/wie-mache-ich-ein-biometrisches-passfoto\/\">biometrisches Passbild<\/a> in digitaler Form auf dem <abbr title=\"sogenannten\">sog.<\/abbr> \u201eePass\u201c gespeichert. Abgenommen werden die Fingerabdr\u00fccke von zwei verschiedenen Fingern. Kinder bis zum 6. Lebensjahr sind von dieser Regelung allerdings ausgenommen.<\/p>\n<p>Zuletzt wurde der elektronische Reisepass <strong>2017<\/strong> aktualisiert. Er bietet in der nun <em>dritten Generation<\/em> erneut modernste Sicherheitsmerkmale und wird als f\u00e4lschungssicheres Reisedokument in mehr als 170 Staaten Europas und der restlichen Welt anerkannt.<\/p>\n<hr \/>\n<p>Weitere Details zum aktuellen deutschen Reisepass\u00a0haben wir auf den folgenden Seiten zusammengetragen.<\/p>\n","protected":false},"excerpt":{"rendered":"Der Reisepass ist die m\u00e4chtigste deutsche Ausweisform. Er wird sp\u00e4testens bei Reisen au\u00dferhalb des europ\u00e4ischen Raums n\u00f6tig, wenn bspw. ein Personalausweis nicht mehr ausreicht, um den Inhaber und dessen Staatsangeh\u00f6rigkeit gegen\u00fcber Beh\u00f6rden und Institutionen zu identifizieren und legitimieren. H\u00e4ufigste Fragen zum Reisepass Wenn man bemerkt, dass f\u00fcr die anstehende Reise ein Reisepass ben\u00f6tigt wird, stellen&#8230; <a class=\"view-article\" href=\"https:\/\/www.persofoto.de\/lexikon\/reisepass\/\">Anzeigen<\/a>","protected":false},"author":1,"featured_media":0,"parent":0,"menu_order":-98,"comment_status":"open","ping_status":"closed","template":"lexikonkategorie_template.php","meta":[],"_links":{"self":[{"href":"https:\/\/www.persofoto.de\/lexikon\/wp-json\/wp\/v2\/pages\/37"}],"collection":[{"href":"https:\/\/www.persofoto.de\/lexikon\/wp-json\/wp\/v2\/pages"}],"about":[{"href":"https:\/\/www.persofoto.de\/lexikon\/wp-json\/wp\/v2\/types\/page"}],"author":[{"embeddable":true,"href":"https:\/\/www.persofoto.de\/lexikon\/wp-json\/wp\/v2\/users\/1"}],"replies":[{"embeddable":true,"href":"https:\/\/www.persofoto.de\/lexikon\/wp-json\/wp\/v2\/comments?post=37"}],"version-history":[{"count":20,"href":"https:\/\/www.persofoto.de\/lexikon\/wp-json\/wp\/v2\/pages\/37\/revisions"}],"predecessor-version":[{"id":3224,"href":"https:\/\/www.persofoto.de\/lexikon\/wp-json\/wp\/v2\/pages\/37\/revisions\/3224"}],"wp:attachment":[{"href":"https:\/\/www.persofoto.de\/lexikon\/wp-json\/wp\/v2\/media?parent=37"}],"curies":[{"name":"wp","href":"https:\/\/api.w.org\/{rel}","templated":true}]}}