{"id":36,"date":"2009-09-09T20:23:45","date_gmt":"2009-09-09T18:23:45","guid":{"rendered":"http:\/\/www.persofoto.de\/\/?page_id=36"},"modified":"2020-10-27T00:45:33","modified_gmt":"2020-10-26T23:45:33","slug":"fuehrerschein","status":"publish","type":"page","link":"https:\/\/www.persofoto.de\/lexikon\/fuehrerschein\/","title":{"rendered":"F\u00fchrerschein"},"content":{"rendered":"<p>Viele Infos zum deutschen F\u00fchrerschein im EU-Scheckkarten Format haben wir auf den folgenden Seiten zusammengefasst.<\/p>\n<p>Klicke einfach auf einen der weiterf\u00fchrenden Links, um <abbr title=\"beispielsweise\">bspw.<\/abbr> zu weiteren Infos zum Vorgehen bei Verlust, oder zur G\u00fcltigkeit \u00e4lterer und aktueller F\u00fchrerscheine zu gelangen.<\/p>\n<div id=\"attachment_206\" style=\"width: 260px\" class=\"wp-caption alignnone\"><img aria-describedby=\"caption-attachment-206\" class=\"wp-image-206 size-medium\" title=\"F\u00fchrerschein\" src=\"https:\/\/www.persofoto.de\/lexikon\/wp-content\/uploads\/2009\/10\/F\u00fchrerschein-250x160.jpg\" alt=\"Bild vom aktuellen F\u00fchrerschein\" width=\"250\" height=\"160\" srcset=\"https:\/\/www.persofoto.de\/lexikon\/wp-content\/uploads\/2009\/10\/F\u00fchrerschein-250x160.jpg 250w, https:\/\/www.persofoto.de\/lexikon\/wp-content\/uploads\/2009\/10\/F\u00fchrerschein-700x448.jpg 700w, https:\/\/www.persofoto.de\/lexikon\/wp-content\/uploads\/2009\/10\/F\u00fchrerschein-120x77.jpg 120w, https:\/\/www.persofoto.de\/lexikon\/wp-content\/uploads\/2009\/10\/F\u00fchrerschein.jpg 1034w\" sizes=\"(max-width: 250px) 100vw, 250px\" \/><p id=\"caption-attachment-206\" class=\"wp-caption-text\">Abbildung vom aktuell g\u00fcltigen F\u00fchrerschein<\/p><\/div>\n","protected":false},"excerpt":{"rendered":"Viele Infos zum deutschen F\u00fchrerschein im EU-Scheckkarten Format haben wir auf den folgenden Seiten zusammengefasst. Klicke einfach auf einen der weiterf\u00fchrenden Links, um bspw. zu weiteren Infos zum Vorgehen bei Verlust, oder zur G\u00fcltigkeit \u00e4lterer und aktueller F\u00fchrerscheine zu gelangen.","protected":false},"author":1,"featured_media":0,"parent":0,"menu_order":0,"comment_status":"open","ping_status":"closed","template":"lexikonkategorie_template.php","meta":[],"_links":{"self":[{"href":"https:\/\/www.persofoto.de\/lexikon\/wp-json\/wp\/v2\/pages\/36"}],"collection":[{"href":"https:\/\/www.persofoto.de\/lexikon\/wp-json\/wp\/v2\/pages"}],"about":[{"href":"https:\/\/www.persofoto.de\/lexikon\/wp-json\/wp\/v2\/types\/page"}],"author":[{"embeddable":true,"href":"https:\/\/www.persofoto.de\/lexikon\/wp-json\/wp\/v2\/users\/1"}],"replies":[{"embeddable":true,"href":"https:\/\/www.persofoto.de\/lexikon\/wp-json\/wp\/v2\/comments?post=36"}],"version-history":[{"count":3,"href":"https:\/\/www.persofoto.de\/lexikon\/wp-json\/wp\/v2\/pages\/36\/revisions"}],"predecessor-version":[{"id":3687,"href":"https:\/\/www.persofoto.de\/lexikon\/wp-json\/wp\/v2\/pages\/36\/revisions\/3687"}],"wp:attachment":[{"href":"https:\/\/www.persofoto.de\/lexikon\/wp-json\/wp\/v2\/media?parent=36"}],"curies":[{"name":"wp","href":"https:\/\/api.w.org\/{rel}","templated":true}]}}