{"id":3537,"date":"2018-10-01T22:39:08","date_gmt":"2018-10-01T20:39:08","guid":{"rendered":"https:\/\/www.persofoto.de\/lexikon\/?page_id=3537"},"modified":"2018-10-04T16:42:46","modified_gmt":"2018-10-04T14:42:46","slug":"reisepass-verlaengern","status":"publish","type":"page","link":"https:\/\/www.persofoto.de\/lexikon\/reisepass\/reisepass-verlaengern\/","title":{"rendered":"Reisepass verl\u00e4ngern"},"content":{"rendered":"<p>Okay &#8211; Du hast einen Reisepass, aber er ist abgelaufen. Was macht man da? Verl\u00e4ngern nat\u00fcrlich! &#8230; Falsch gedacht.\u00a0\ud83d\ude05<\/p>\n<div class=\"tipp\">\n<h3>In kurz<\/h3>\n<ul>\n<li>Einen <strong>Reisepass zu verl\u00e4ngern<\/strong> ist leider <strong>nicht m\u00f6glich<\/strong>. Man kann nur einen <strong>neuen Reisepass beantragen<\/strong>.<\/li>\n<\/ul>\n<\/div>\n<p>Einzige Ausnahme ist ein nicht maschinenlesbarer Kinderreisepass. Ihn kann man ein Mal verl\u00e4ngern &#8211; gegen eine Geb\u00fchr von 6 Euro.<\/p>\n<p>Ein &#8222;richtiger&#8220; Reisepass kann leider nicht verl\u00e4ngert, sondern nur neu aufgestellt werden. Den alten Reisepass, mit seinen Eintr\u00e4gen und Stempeln, kannst Du jedoch als Andenken behalten. Vermutlich ist der aktuelle auch ein bis zwei Generationen neuer &#8211; und damit kleiner und leichter als der Vorg\u00e4nger. Wenigstens etwas. \ud83d\ude09<\/p>\n<h2>Ausstellungsdauer<\/h2>\n<p>Problematisch wird es nur, wenn Du dachtest, eine Verl\u00e4ngerung w\u00e4re auf dem Amt schnell erledigt. Das Ausstellen eines neuen Reisepasses dauert n\u00e4mlich circa 4 bis 6 Wochen. Wenn diese Ausstellungsdauer eine anstehende Reise gef\u00e4hrdet, kannst Du jedoch noch immer auf einen <a href=\"https:\/\/www.persofoto.de\/lexikon\/reisepass\/express-reisepass\/\">Express-Reisepass<\/a> bauen. Wird er fristgerecht (bis 11 Uhr) beantragt, wird er von der Bundesdruckerei im Bestfall in 72 h ausgestellt. <a href=\"https:\/\/www.persofoto.de\/lexikon\/reisepass\/ausstellungsdauer\/\">Dauer der Beantragung &amp; Alternativen \u00bb<\/a><\/p>\n<h2>Geb\u00fchren<\/h2>\n<p>Preislich startet der \u201ekleinste\u201c Reisepass mit 32 Seiten bei\u00a037,50 \u20ac &#8211; wenn man zu den jungen Menschen unter 24 Jahren z\u00e4hlt. Die teuerste Express-Variante mit 48 Seiten kostet alle \u00fcber 24 Jahre alten Menschen 114,00 \u20ac. <a href=\"https:\/\/www.persofoto.de\/lexikon\/reisepass\/kosten\/\">Alle Varianten und Geb\u00fchren des Reisepasses \u00bb<\/a><\/p>\n","protected":false},"excerpt":{"rendered":"Okay &#8211; Du hast einen Reisepass, aber er ist abgelaufen. Was macht man da? Verl\u00e4ngern nat\u00fcrlich! &#8230; Falsch gedacht.\u00a0\ud83d\ude05 In kurz Einen Reisepass zu verl\u00e4ngern ist leider nicht m\u00f6glich. Man kann nur einen neuen Reisepass beantragen. Einzige Ausnahme ist ein nicht maschinenlesbarer Kinderreisepass. Ihn kann man ein Mal verl\u00e4ngern &#8211; gegen eine Geb\u00fchr von 6&#8230; <a class=\"view-article\" href=\"https:\/\/www.persofoto.de\/lexikon\/reisepass\/reisepass-verlaengern\/\">Anzeigen<\/a>","protected":false},"author":1,"featured_media":0,"parent":37,"menu_order":0,"comment_status":"closed","ping_status":"closed","template":"","meta":[],"_links":{"self":[{"href":"https:\/\/www.persofoto.de\/lexikon\/wp-json\/wp\/v2\/pages\/3537"}],"collection":[{"href":"https:\/\/www.persofoto.de\/lexikon\/wp-json\/wp\/v2\/pages"}],"about":[{"href":"https:\/\/www.persofoto.de\/lexikon\/wp-json\/wp\/v2\/types\/page"}],"author":[{"embeddable":true,"href":"https:\/\/www.persofoto.de\/lexikon\/wp-json\/wp\/v2\/users\/1"}],"replies":[{"embeddable":true,"href":"https:\/\/www.persofoto.de\/lexikon\/wp-json\/wp\/v2\/comments?post=3537"}],"version-history":[{"count":14,"href":"https:\/\/www.persofoto.de\/lexikon\/wp-json\/wp\/v2\/pages\/3537\/revisions"}],"predecessor-version":[{"id":3560,"href":"https:\/\/www.persofoto.de\/lexikon\/wp-json\/wp\/v2\/pages\/3537\/revisions\/3560"}],"up":[{"embeddable":true,"href":"https:\/\/www.persofoto.de\/lexikon\/wp-json\/wp\/v2\/pages\/37"}],"wp:attachment":[{"href":"https:\/\/www.persofoto.de\/lexikon\/wp-json\/wp\/v2\/media?parent=3537"}],"curies":[{"name":"wp","href":"https:\/\/api.w.org\/{rel}","templated":true}]}}