{"id":3404,"date":"2018-08-21T15:52:49","date_gmt":"2018-08-21T13:52:49","guid":{"rendered":"https:\/\/www.persofoto.de\/lexikon\/?page_id=3404"},"modified":"2020-10-27T00:49:07","modified_gmt":"2020-10-26T23:49:07","slug":"griechenland","status":"publish","type":"page","link":"https:\/\/www.persofoto.de\/lexikon\/auslaendische-passbildbestimmungen\/griechenland\/","title":{"rendered":"Griechenland \ud83c\uddec\ud83c\uddf7"},"content":{"rendered":"<p>Die Passbild-Bestimmungen von Griechenland unterscheiden sich ein wenig, von den deutschen Passbild-Bestimmungen. Gr\u00f6\u00dfte Abweichung ist das in Griechenland ben\u00f6tigte Format von <strong>40 \u00d7 60 mm<\/strong>.<\/p>\n<h2>Format und Ausrichtung<\/h2>\n<p>Auch in Griechenland verlangen die Beh\u00f6rden ein &#8222;aktuelles&#8220; Foto &#8211; das Erscheinungsbild sollte sich daher seit der Aufnahme des Fotos m\u00f6glichst wenig ver\u00e4ndert haben. Dar\u00fcber hinaus gelten die \u00fcblichen Anforderungen an die Papierbeschaffenheit (Fotopapier, keine Pixel- oder Rasterstruktur).<\/p>\n<p>Das Gesicht wird so ausgerichtet und gezoomt, dass die L\u00e4nge von <strong>Kinn bis zum oberen Kopfende zwischen 31 mm und 35 mm<\/strong> betr\u00e4gt.<\/p>\n<p>Die Breite des Gesichts, von <strong>Ohr zu Ohr, sollte zwischen 20 mm und 25 mm<\/strong> liegen.<\/p>\n<p>Die folgende Grafik stellt ein deutsches Passfoto einem griechischem Passfoto gegen\u00fcber.<\/p>\n<p><img class=\"img-responsive alignnone wp-image-3411 size-full\" src=\"https:\/\/www.persofoto.de\/lexikon\/wp-content\/uploads\/2018\/08\/passfoto-vergleich-de-gr_2.jpg\" alt=\"\" width=\"1020\" height=\"691\" srcset=\"https:\/\/www.persofoto.de\/lexikon\/wp-content\/uploads\/2018\/08\/passfoto-vergleich-de-gr_2.jpg 1020w, https:\/\/www.persofoto.de\/lexikon\/wp-content\/uploads\/2018\/08\/passfoto-vergleich-de-gr_2-250x169.jpg 250w, https:\/\/www.persofoto.de\/lexikon\/wp-content\/uploads\/2018\/08\/passfoto-vergleich-de-gr_2-768x520.jpg 768w, https:\/\/www.persofoto.de\/lexikon\/wp-content\/uploads\/2018\/08\/passfoto-vergleich-de-gr_2-700x474.jpg 700w, https:\/\/www.persofoto.de\/lexikon\/wp-content\/uploads\/2018\/08\/passfoto-vergleich-de-gr_2-120x81.jpg 120w\" sizes=\"(max-width: 1020px) 100vw, 1020px\" \/><\/p>\n<p>Eine absolute Kinnlinie gibt es bei den Griechen nicht, aber einen Augenbereich. Dieser erstreckt sich, vom unteren Bildende ausgehend, ab Millimeter 30 bis 39.<\/p>\n<p>Der <strong>Hintergrund<\/strong> sollte, wie bei uns auch, <strong>wei\u00df oder hellgrau<\/strong> sein. Die griechischen Beh\u00f6rden machen bzgl. des Graus eine Vorgabe von 5-prozentigem Grau.<\/p>\n<p>Die folgende Tabelle stellt die griechischen den deutschen Besonderheiten gegen\u00fcber:<\/p>\n<div class=\"table-responsive\" style=\"margin-bottom: 2em;\">\n<table class=\"list\">\n<tbody>\n<tr>\n<th>Eigenschaft<\/th>\n<th>Deutschland<\/th>\n<th>Griechenland<\/th>\n<\/tr>\n<tr class=\"odge\">\n<td>Passbild-Breite<\/td>\n<td><strong>35 mm<\/strong><\/td>\n<td><strong>40 mm<\/strong><\/td>\n<\/tr>\n<tr>\n<td>Passbild-H\u00f6he<\/td>\n<td><strong>45 mm<\/strong><\/td>\n<td><strong>60 mm<\/strong><\/td>\n<\/tr>\n<tr class=\"odge\">\n<td>Gesichtsh\u00f6he<\/td>\n<td><strong>32 &#8211; 36 mm<\/strong><\/td>\n<td><strong>31&nbsp;&#8211; 35 mm<\/strong><\/td>\n<\/tr>\n<tr>\n<td>Ausrichtung<\/td>\n<td>an Kinnlinie, Toleranzbereich f\u00fcrs Kopfende,<\/p>\n<p>Einhaltung des Augenbereichs<\/td>\n<td>strengere Toleranzbereiche f\u00fcr Kinn &amp; Kopfende,<\/p>\n<p>Einhaltung des Augenbereichs<\/td>\n<\/tr>\n<\/tbody>\n<\/table>\n<\/div>\n<h2>Anforderungen an die Aufnahme<\/h2>\n<p>Die Anforderungen an die Aufnahme decken sich stark mit den Anforderungen, die ebenfalls in Deutschland gelten. Sie sind abgeleitet vom internationalen ICAO-Standard.<\/p>\n<p>Das Gesicht sollte <strong>gut ausgeleuchtet<\/strong> und sichtbar sein. Dies bedeutet, dass es zum einen gut ausgeleuchtet sein sollte, aber auch, dass die Frisur nicht zu gro\u00dfe Teile des Gesichts verdeckt. Schatten im Gesicht und Hintergrund sollten ebenfalls vermieden werden.<\/p>\n<p>Das Gesicht der fotografierten Person muss <strong>frontal<\/strong> abgebildet sein. Die <strong>Lippen<\/strong> m\u00fcssen <strong>geschlossen<\/strong> sein. Wie auch in Deutschland wird der <strong>direkte Blick in die Kamera<\/strong> gefordert.<\/p>\n<p>Die Augen m\u00fcssen gut erkennbar sein und d\u00fcrfen weder von Brillenrahmen, noch Haaren verdeckt werden. Letztere d\u00fcrfen auch die Augenbrauen nicht verdecken. Dies ist eine etwas strengere Auslegung, als bei uns in Deutschland. Get\u00f6nte Brillen d\u00fcrfen nicht getragen werden.<\/p>\n<p>Allgemein gilt, dass das Foto <strong>keine Reflexionen<\/strong> aufweisen soll. Da gerade Brillen diese h\u00e4ufig verursachen, wird empfohlen, sie f\u00fcr die Aufnahme abzusetzen.<\/p>\n<p><strong>Kopfbedeckungen<\/strong> werden in Griechenland ebenfalls <strong>nur aus religi\u00f6sen Gr\u00fcnden<\/strong> gestattet.<\/p>\n<p>Bei Kinderfotos sollte zudem darauf geachtet werden, dass keine anderen Personen oder Spielsachen im Bild zu sehen sind.<\/p>\n<h2>Die Schablone<\/h2>\n<p>Die griechischen Beh\u00f6rden stellen eine Schablone bereit, mit der man sein Foto und die Ausrichtung des Gesichts \u00fcberpr\u00fcfen kann. Wenn Du ein Foto an die griechischen Passbild-Vorgaben anpassen m\u00f6chtest, kannst Du Dein Foto auch kostenlos mit unserem Passfoto-Generator anpassen. Hier geht&#8217;s zum <a href=\"https:\/\/www.persofoto.de\/upload\/spezialformat\/html5\/431\">Passfoto-Generator f\u00fcr griechische Passfotos<\/a>.<\/p>\n<p><img width=\"250\" height=\"302\" class=\"alignnone size-medium wp-image-3405\" src=\"https:\/\/www.persofoto.de\/lexikon\/wp-content\/uploads\/2018\/08\/passbildschablone-griechenland-250x302.jpg\" alt=\"\" srcset=\"https:\/\/www.persofoto.de\/lexikon\/wp-content\/uploads\/2018\/08\/passbildschablone-griechenland-250x302.jpg 250w, https:\/\/www.persofoto.de\/lexikon\/wp-content\/uploads\/2018\/08\/passbildschablone-griechenland-768x927.jpg 768w, https:\/\/www.persofoto.de\/lexikon\/wp-content\/uploads\/2018\/08\/passbildschablone-griechenland-700x845.jpg 700w, https:\/\/www.persofoto.de\/lexikon\/wp-content\/uploads\/2018\/08\/passbildschablone-griechenland-120x145.jpg 120w, https:\/\/www.persofoto.de\/lexikon\/wp-content\/uploads\/2018\/08\/passbildschablone-griechenland.jpg 820w\" sizes=\"(max-width: 250px) 100vw, 250px\" \/><\/p>\n","protected":false},"excerpt":{"rendered":"Die Passbild-Bestimmungen von Griechenland unterscheiden sich ein wenig, von den deutschen Passbild-Bestimmungen. Gr\u00f6\u00dfte Abweichung ist das in Griechenland ben\u00f6tigte Format von 40 \u00d7 60 mm. Format und Ausrichtung Auch in Griechenland verlangen die Beh\u00f6rden ein &#8222;aktuelles&#8220; Foto &#8211; das Erscheinungsbild sollte sich daher seit der Aufnahme des Fotos m\u00f6glichst wenig ver\u00e4ndert haben. Dar\u00fcber hinaus gelten&#8230; <a class=\"view-article\" href=\"https:\/\/www.persofoto.de\/lexikon\/auslaendische-passbildbestimmungen\/griechenland\/\">Anzeigen<\/a>","protected":false},"author":1,"featured_media":0,"parent":1582,"menu_order":0,"comment_status":"closed","ping_status":"closed","template":"","meta":[],"_links":{"self":[{"href":"https:\/\/www.persofoto.de\/lexikon\/wp-json\/wp\/v2\/pages\/3404"}],"collection":[{"href":"https:\/\/www.persofoto.de\/lexikon\/wp-json\/wp\/v2\/pages"}],"about":[{"href":"https:\/\/www.persofoto.de\/lexikon\/wp-json\/wp\/v2\/types\/page"}],"author":[{"embeddable":true,"href":"https:\/\/www.persofoto.de\/lexikon\/wp-json\/wp\/v2\/users\/1"}],"replies":[{"embeddable":true,"href":"https:\/\/www.persofoto.de\/lexikon\/wp-json\/wp\/v2\/comments?post=3404"}],"version-history":[{"count":10,"href":"https:\/\/www.persofoto.de\/lexikon\/wp-json\/wp\/v2\/pages\/3404\/revisions"}],"predecessor-version":[{"id":3691,"href":"https:\/\/www.persofoto.de\/lexikon\/wp-json\/wp\/v2\/pages\/3404\/revisions\/3691"}],"up":[{"embeddable":true,"href":"https:\/\/www.persofoto.de\/lexikon\/wp-json\/wp\/v2\/pages\/1582"}],"wp:attachment":[{"href":"https:\/\/www.persofoto.de\/lexikon\/wp-json\/wp\/v2\/media?parent=3404"}],"curies":[{"name":"wp","href":"https:\/\/api.w.org\/{rel}","templated":true}]}}