{"id":33,"date":"2009-09-09T20:00:35","date_gmt":"2009-09-09T18:00:35","guid":{"rendered":"http:\/\/www.persofoto.de\/\/?page_id=33"},"modified":"2017-10-18T14:32:34","modified_gmt":"2017-10-18T12:32:34","slug":"personalausweis","status":"publish","type":"page","link":"https:\/\/www.persofoto.de\/lexikon\/personalausweis\/","title":{"rendered":"Personalausweis"},"content":{"rendered":"<p>Der Personalausweis ist ein vom Staat ausgegebenes Personaldokument in Form eines Lichtbildausweises als Identit\u00e4tsnachweis seiner B\u00fcrger. Alle Informationen rund um den Personalausweis findest Du hier bei uns im PersoFoto Lexikon.<\/p>\n<div class=\"table-responsive\">\n<table class=\"list\">\n<tbody>\n<tr>\n<th><\/th>\n<th>Alter Personalausweis<\/th>\n<th>Neuer Personalausweis<\/th>\n<\/tr>\n<tr class=\"odge\">\n<td>Bild<\/td>\n<td><img class=\"wp-image-209 size-medium aligncenter\" title=\"Abbildung des aktuell g\u00fcltigen Personalausweises\" src=\"https:\/\/www.persofoto.de\/lexikon\/wp-content\/uploads\/2009\/10\/personalausweis-250x176.jpg\" alt=\"\" width=\"250\" height=\"176\" srcset=\"https:\/\/www.persofoto.de\/lexikon\/wp-content\/uploads\/2009\/10\/personalausweis-250x176.jpg 250w, https:\/\/www.persofoto.de\/lexikon\/wp-content\/uploads\/2009\/10\/personalausweis-120x84.jpg 120w, https:\/\/www.persofoto.de\/lexikon\/wp-content\/uploads\/2009\/10\/personalausweis.jpg 400w\" sizes=\"(max-width: 250px) 100vw, 250px\" \/><\/td>\n<td><img class=\"wp-image-987 size-medium aligncenter\" title=\"Abbildung des aktuell g\u00fcltigen Personalausweises\" src=\"https:\/\/www.persofoto.de\/lexikon\/wp-content\/uploads\/2011\/05\/neuer_personalausweis_muster-250x158.jpg\" alt=\"\" width=\"250\" height=\"158\" srcset=\"https:\/\/www.persofoto.de\/lexikon\/wp-content\/uploads\/2011\/05\/neuer_personalausweis_muster-250x158.jpg 250w, https:\/\/www.persofoto.de\/lexikon\/wp-content\/uploads\/2011\/05\/neuer_personalausweis_muster-700x444.jpg 700w, https:\/\/www.persofoto.de\/lexikon\/wp-content\/uploads\/2011\/05\/neuer_personalausweis_muster-120x76.jpg 120w, https:\/\/www.persofoto.de\/lexikon\/wp-content\/uploads\/2011\/05\/neuer_personalausweis_muster.jpg 1019w\" sizes=\"(max-width: 250px) 100vw, 250px\" \/><\/td>\n<\/tr>\n<tr>\n<td>Gr\u00f6\u00dfe<\/td>\n<td>10,5 cm \u00d7 7,4 cm<\/td>\n<td>Scheckkarten-Format<br \/>\n(8,6 cm \u00d7 5,4 cm)<\/td>\n<\/tr>\n<tr class=\"odge\">\n<td>Kosten<\/td>\n<td>8 Euro<\/td>\n<td>ab 22,80 Euro<\/td>\n<\/tr>\n<tr>\n<td>angefertigt bis<\/td>\n<td>1. November 2010<\/td>\n<td>2010 &#8211; heute<\/td>\n<\/tr>\n<tr>\n<td>noch g\u00fcltig?<\/td>\n<td>ja &#8211; bis zum Ablaufdatum auf dem Ausweis<\/td>\n<td>ja<\/td>\n<\/tr>\n<\/tbody>\n<\/table>\n<\/div>\n<hr \/>\n","protected":false},"excerpt":{"rendered":"Der Personalausweis ist ein vom Staat ausgegebenes Personaldokument in Form eines Lichtbildausweises als Identit\u00e4tsnachweis seiner B\u00fcrger. Alle Informationen rund um den Personalausweis findest Du hier bei uns im PersoFoto Lexikon. Alter Personalausweis Neuer Personalausweis Bild Gr\u00f6\u00dfe 10,5 cm \u00d7 7,4 cm Scheckkarten-Format (8,6 cm \u00d7 5,4 cm) Kosten 8 Euro ab 22,80 Euro angefertigt bis&#8230; <a class=\"view-article\" href=\"https:\/\/www.persofoto.de\/lexikon\/personalausweis\/\">Anzeigen<\/a>","protected":false},"author":1,"featured_media":0,"parent":0,"menu_order":-97,"comment_status":"open","ping_status":"closed","template":"lexikonkategorie_template.php","meta":[],"_links":{"self":[{"href":"https:\/\/www.persofoto.de\/lexikon\/wp-json\/wp\/v2\/pages\/33"}],"collection":[{"href":"https:\/\/www.persofoto.de\/lexikon\/wp-json\/wp\/v2\/pages"}],"about":[{"href":"https:\/\/www.persofoto.de\/lexikon\/wp-json\/wp\/v2\/types\/page"}],"author":[{"embeddable":true,"href":"https:\/\/www.persofoto.de\/lexikon\/wp-json\/wp\/v2\/users\/1"}],"replies":[{"embeddable":true,"href":"https:\/\/www.persofoto.de\/lexikon\/wp-json\/wp\/v2\/comments?post=33"}],"version-history":[{"count":9,"href":"https:\/\/www.persofoto.de\/lexikon\/wp-json\/wp\/v2\/pages\/33\/revisions"}],"predecessor-version":[{"id":2907,"href":"https:\/\/www.persofoto.de\/lexikon\/wp-json\/wp\/v2\/pages\/33\/revisions\/2907"}],"wp:attachment":[{"href":"https:\/\/www.persofoto.de\/lexikon\/wp-json\/wp\/v2\/media?parent=33"}],"curies":[{"name":"wp","href":"https:\/\/api.w.org\/{rel}","templated":true}]}}