{"id":321,"date":"2009-10-19T23:30:00","date_gmt":"2009-10-19T21:30:00","guid":{"rendered":"http:\/\/www.persofoto.de\/?page_id=321"},"modified":"2020-10-27T18:12:07","modified_gmt":"2020-10-27T17:12:07","slug":"biometrische-schablone","status":"publish","type":"page","link":"https:\/\/www.persofoto.de\/lexikon\/passbild\/biometrische-schablone\/","title":{"rendered":"Biometrische Schablone"},"content":{"rendered":"<p>Passbilder f\u00fcr den Reisepass (ePass) oder den neuen elektronischen Personalausweis (ePerso) m\u00fcssen neben einigen <a href=\"https:\/\/www.persofoto.de\/lexikon\/reisepass\/wie-mache-ich-ein-biometrisches-passfoto\/\">biometrischen Besonderheiten<\/a> auch an eine <a href=\"https:\/\/www.bundesdruckerei.de\/sites\/default\/files\/fotomustertafel_72dpi.pdf\">Passbild-Schablone<\/a> angepasst werden. Diese wird von der Bundesdruckerei zur Verf\u00fcgung gestellt und ist <a href=\"https:\/\/www.bundesdruckerei.de\/sites\/default\/files\/fotomustertafel_72dpi.pdf\">hier<\/a> abrufbar.<\/p>\n<div class=\"row\">\n<div class=\"col-md-6\"><img class=\"aligncenter size-full wp-image-2862 img-responsive\" src=\"https:\/\/www.persofoto.de\/lexikon\/wp-content\/uploads\/2009\/10\/biometrische-schablone.png\" alt=\"biometrische Passbild-Schablone\" width=\"591\" height=\"421\" srcset=\"https:\/\/www.persofoto.de\/lexikon\/wp-content\/uploads\/2009\/10\/biometrische-schablone.png 1182w, https:\/\/www.persofoto.de\/lexikon\/wp-content\/uploads\/2009\/10\/biometrische-schablone-250x178.png 250w, https:\/\/www.persofoto.de\/lexikon\/wp-content\/uploads\/2009\/10\/biometrische-schablone-768x547.png 768w, https:\/\/www.persofoto.de\/lexikon\/wp-content\/uploads\/2009\/10\/biometrische-schablone-700x499.png 700w, https:\/\/www.persofoto.de\/lexikon\/wp-content\/uploads\/2009\/10\/biometrische-schablone-120x85.png 120w\" sizes=\"(max-width: 591px) 100vw, 591px\" \/><\/div>\n<div class=\"col-md-6\">\n<p><img class=\"img-responsive\" style=\"margin-top: 1em; margin-right: 0; margin-left: 6em;\" title=\"Zum Passfoto-Generator\" src=\"https:\/\/www.persofoto.de\/lexikon\/wp-content\/uploads\/2009\/09\/passfoto-generator-de-250x188.png\" alt=\"Der Passfoto-Generator schneidet Bilder ins korrekte Passfoto-Format.\" width=\"250\" height=\"188\" \/><\/p>\n<p style=\"text-align: center;\"><a class=\"flat-button orange-flat-button\" title=\"Bild hochladen und zuschneiden!\" href=\"https:\/\/www.persofoto.de\/upload\/passbild\">Passfoto zuschneiden<\/a><\/p>\n<\/div>\n<\/div>\n<p>Wenn Du die Passbild-Schablone verwenden willst, um Dein Passbild an sie anzupassen, kannst Du auch unseren Online\u00a0<a title=\"Passfoto-Generator\" href=\"https:\/\/www.persofoto.de\/upload\/passbild\">Passfoto-Generator<\/a> verwenden. Du kannst das angepasste und zugeschnittene Bild <strong>kostenlos<\/strong> herunterladen und selbst ausdrucken. Oder Du machst es Dir ganz einfach, und bestellst gleich Deine Fotos, \u00fcberarbeitet und in perfekter Qualit\u00e4t zum kleinen Preis.<\/p>\n<p><img class=\"aligncenter wp-image-3709\" src=\"https:\/\/www.persofoto.de\/lexikon\/wp-content\/uploads\/2020\/10\/bild-wird-im-passfoto-generator-angepasst-scaled.jpg\" alt=\"Frau passt ein Foto im Passfoto-Generator auf ihrem Smartphone an biometrische Schablone an.\" width=\"750\" height=\"500\" srcset=\"https:\/\/www.persofoto.de\/lexikon\/wp-content\/uploads\/2020\/10\/bild-wird-im-passfoto-generator-angepasst-scaled.jpg 2560w, https:\/\/www.persofoto.de\/lexikon\/wp-content\/uploads\/2020\/10\/bild-wird-im-passfoto-generator-angepasst-250x167.jpg 250w, https:\/\/www.persofoto.de\/lexikon\/wp-content\/uploads\/2020\/10\/bild-wird-im-passfoto-generator-angepasst-700x467.jpg 700w, https:\/\/www.persofoto.de\/lexikon\/wp-content\/uploads\/2020\/10\/bild-wird-im-passfoto-generator-angepasst-768x512.jpg 768w, https:\/\/www.persofoto.de\/lexikon\/wp-content\/uploads\/2020\/10\/bild-wird-im-passfoto-generator-angepasst-1536x1024.jpg 1536w, https:\/\/www.persofoto.de\/lexikon\/wp-content\/uploads\/2020\/10\/bild-wird-im-passfoto-generator-angepasst-2048x1365.jpg 2048w, https:\/\/www.persofoto.de\/lexikon\/wp-content\/uploads\/2020\/10\/bild-wird-im-passfoto-generator-angepasst-750x500.jpg 750w, https:\/\/www.persofoto.de\/lexikon\/wp-content\/uploads\/2020\/10\/bild-wird-im-passfoto-generator-angepasst-375x250.jpg 375w, https:\/\/www.persofoto.de\/lexikon\/wp-content\/uploads\/2020\/10\/bild-wird-im-passfoto-generator-angepasst-120x80.jpg 120w\" sizes=\"(max-width: 750px) 100vw, 750px\" \/><\/p>\n<p>Du kannst ein beliebiges Foto kostenlos in unserem <a title=\"Passfoto Generator\" href=\"https:\/\/www.persofoto.de\/upload\/passbild\">Passfoto-Generator<\/a> zuschneiden und an die biometrische Schablone der Bundesdruckerei anpassen. Das geht am Computer, Tablet oder direkt auf dem Smartphone. Der Passfoto-Generator schneidet Bilder ins korrekte Passfoto-Format und erh\u00e4lt die gr\u00f6\u00dftm\u00f6gliche Aufl\u00f6sung Deines Fotos.<\/p>\n","protected":false},"excerpt":{"rendered":"Passbilder f\u00fcr den Reisepass (ePass) oder den neuen elektronischen Personalausweis (ePerso) m\u00fcssen neben einigen biometrischen Besonderheiten auch an eine Passbild-Schablone angepasst werden. Diese wird von der Bundesdruckerei zur Verf\u00fcgung gestellt und ist hier abrufbar. Passfoto zuschneiden Wenn Du die Passbild-Schablone verwenden willst, um Dein Passbild an sie anzupassen, kannst Du auch unseren Online\u00a0Passfoto-Generator verwenden. Du&#8230; <a class=\"view-article\" href=\"https:\/\/www.persofoto.de\/lexikon\/passbild\/biometrische-schablone\/\">Anzeigen<\/a>","protected":false},"author":1,"featured_media":0,"parent":142,"menu_order":0,"comment_status":"open","ping_status":"open","template":"","meta":[],"_links":{"self":[{"href":"https:\/\/www.persofoto.de\/lexikon\/wp-json\/wp\/v2\/pages\/321"}],"collection":[{"href":"https:\/\/www.persofoto.de\/lexikon\/wp-json\/wp\/v2\/pages"}],"about":[{"href":"https:\/\/www.persofoto.de\/lexikon\/wp-json\/wp\/v2\/types\/page"}],"author":[{"embeddable":true,"href":"https:\/\/www.persofoto.de\/lexikon\/wp-json\/wp\/v2\/users\/1"}],"replies":[{"embeddable":true,"href":"https:\/\/www.persofoto.de\/lexikon\/wp-json\/wp\/v2\/comments?post=321"}],"version-history":[{"count":33,"href":"https:\/\/www.persofoto.de\/lexikon\/wp-json\/wp\/v2\/pages\/321\/revisions"}],"predecessor-version":[{"id":3711,"href":"https:\/\/www.persofoto.de\/lexikon\/wp-json\/wp\/v2\/pages\/321\/revisions\/3711"}],"up":[{"embeddable":true,"href":"https:\/\/www.persofoto.de\/lexikon\/wp-json\/wp\/v2\/pages\/142"}],"wp:attachment":[{"href":"https:\/\/www.persofoto.de\/lexikon\/wp-json\/wp\/v2\/media?parent=321"}],"curies":[{"name":"wp","href":"https:\/\/api.w.org\/{rel}","templated":true}]}}