{"id":3135,"date":"2018-06-21T12:26:44","date_gmt":"2018-06-21T10:26:44","guid":{"rendered":"https:\/\/www.persofoto.de\/lexikon\/?page_id=3135"},"modified":"2020-02-07T03:46:18","modified_gmt":"2020-02-07T02:46:18","slug":"reisepass-fuer-ein-baby","status":"publish","type":"page","link":"https:\/\/www.persofoto.de\/lexikon\/reisepass\/reisepass-fuer-ein-baby\/","title":{"rendered":"Reisepass f\u00fcr ein Baby"},"content":{"rendered":"<p>Es gibt den Kinderreisepass speziell f\u00fcr Kinder und Babys unter 12 Jahren. Dennoch ben\u00f6tigt man manchmal einen &#8222;richtigen Reisepass&#8220; \u2013 selbst f\u00fcr ein Baby. Reist man <abbr title=\"beispielsweise\">bspw.<\/abbr> in die USA, wird ein Kinderreisepass nicht akzeptiert. Problem ist die fehlende Maschinenlesbarkeit.<\/p>\n<div class=\"tipp\">\n<h3>In kurz<\/h3>\n<ul>\n<li>F\u00fcr Kinder unter 12 Jahren kann man einen <strong><a href=\"https:\/\/www.persofoto.de\/lexikon\/kinderreisepass\/\">Kinderreisepass<\/a><\/strong> oder <strong><a href=\"https:\/\/www.persofoto.de\/lexikon\/reisepass\/\">Reisepass<\/a><\/strong> beantragen. Kinderreisep\u00e4sse werden in entfernteren Reisezielen jedoch nicht immer akzeptiert.<\/li>\n<\/ul>\n<\/div>\n<p>F\u00fcr welche L\u00e4nder ein Kinderreisepass ausreicht, kannst Du unter <a href=\"https:\/\/www.persofoto.de\/lexikon\/einreisebestimmungen\/\">Einreisebestimmungen<\/a> nachlesen. Dort findest Du auch weitere Angaben zu vielen L\u00e4ndern, zum Beispiel die Einreisebestimmungen f\u00fcr:<\/p>\n<ul>\n<li>die <a href=\"https:\/\/www.persofoto.de\/lexikon\/einreisebestimmungen\/usa-vereinigte-staaten-von-amerika\/\">\ud83c\uddfa\ud83c\uddf8 Vereinigten Staaten von Amerika (USA)<\/a>,<\/li>\n<li><a href=\"https:\/\/www.persofoto.de\/lexikon\/einreisebestimmungen\/australien\/\">\ud83c\udde6\ud83c\uddfa&nbsp;Australien<\/a> oder<\/li>\n<li><a href=\"https:\/\/www.persofoto.de\/lexikon\/einreisebestimmungen\/kanada\/\">\ud83c\udde8\ud83c\udde6&nbsp;Kanada<\/a>.<\/li>\n<\/ul>\n<h2>Kostenunterschiede<\/h2>\n<p>Leider kostet der richtige Reisepass mit (ab) 37,50 Euro deutlich mehr als ein Kinderreisepass, der nur 13 Euro kostet. Da Kinder und junge Menschen sich optisch noch deutlich schneller ver\u00e4ndern, hat der Reisepass f\u00fcr Personen, die j\u00fcnger als 24 Jahre sind, zudem nur eine G\u00fcltigkeit von 6 Jahren, sonst 10 Jahre.<\/p>\n<div class=\"table-responsive\">\n<table class=\"narrow text-center\">\n<thead>\n<tr>\n<th><\/th>\n<th>Kinderreisepass<\/th>\n<th>Reisepass<\/th>\n<\/tr>\n<\/thead>\n<tbody>\n<tr>\n<th>G\u00fcltigkeit<\/th>\n<td>6 Jahre<\/td>\n<td>6 Jahre<\/td>\n<\/tr>\n<tr>\n<th rowspan=\"2\">Geb\u00fchr<\/th>\n<td rowspan=\"2\">13 Euro<\/td>\n<td>37,50 Euro (32 Seiten)<\/td>\n<\/tr>\n<tr>\n<td>59,50 Euro (48 Seiten)<\/td>\n<\/tr>\n<tr>\n<th>Verl\u00e4ngerung<\/th>\n<td>6 Euro<\/td>\n<td>nicht m\u00f6glich<\/td>\n<\/tr>\n<\/tbody>\n<\/table>\n<\/div>\n<p><img class=\"alignnone wp-image-3656 size-full img-responsive\" src=\"https:\/\/www.persofoto.de\/lexikon\/wp-content\/uploads\/2020\/02\/Reisepass-oder-Kinderreisepass_750x390_96.png\" alt=\"Verreisen mit Babys. Reisepass oder Kinderreisepass? Das sind die Unterschiede der beiden Ausweise | PersoFoto\" width=\"750\" height=\"390\" srcset=\"https:\/\/www.persofoto.de\/lexikon\/wp-content\/uploads\/2020\/02\/Reisepass-oder-Kinderreisepass_750x390_96.png 750w, https:\/\/www.persofoto.de\/lexikon\/wp-content\/uploads\/2020\/02\/Reisepass-oder-Kinderreisepass_750x390_96-250x130.png 250w, https:\/\/www.persofoto.de\/lexikon\/wp-content\/uploads\/2020\/02\/Reisepass-oder-Kinderreisepass_750x390_96-700x364.png 700w, https:\/\/www.persofoto.de\/lexikon\/wp-content\/uploads\/2020\/02\/Reisepass-oder-Kinderreisepass_750x390_96-120x62.png 120w\" sizes=\"(max-width: 750px) 100vw, 750px\" \/><\/p>\n","protected":false},"excerpt":{"rendered":"Es gibt den Kinderreisepass speziell f\u00fcr Kinder und Babys unter 12 Jahren. Dennoch ben\u00f6tigt man manchmal einen &#8222;richtigen Reisepass&#8220; \u2013 selbst f\u00fcr ein Baby. Reist man bspw. in die USA, wird ein Kinderreisepass nicht akzeptiert. Problem ist die fehlende Maschinenlesbarkeit. In kurz F\u00fcr Kinder unter 12 Jahren kann man einen Kinderreisepass oder Reisepass beantragen. Kinderreisep\u00e4sse&#8230; <a class=\"view-article\" href=\"https:\/\/www.persofoto.de\/lexikon\/reisepass\/reisepass-fuer-ein-baby\/\">Anzeigen<\/a>","protected":false},"author":1,"featured_media":0,"parent":37,"menu_order":0,"comment_status":"closed","ping_status":"closed","template":"","meta":[],"_links":{"self":[{"href":"https:\/\/www.persofoto.de\/lexikon\/wp-json\/wp\/v2\/pages\/3135"}],"collection":[{"href":"https:\/\/www.persofoto.de\/lexikon\/wp-json\/wp\/v2\/pages"}],"about":[{"href":"https:\/\/www.persofoto.de\/lexikon\/wp-json\/wp\/v2\/types\/page"}],"author":[{"embeddable":true,"href":"https:\/\/www.persofoto.de\/lexikon\/wp-json\/wp\/v2\/users\/1"}],"replies":[{"embeddable":true,"href":"https:\/\/www.persofoto.de\/lexikon\/wp-json\/wp\/v2\/comments?post=3135"}],"version-history":[{"count":22,"href":"https:\/\/www.persofoto.de\/lexikon\/wp-json\/wp\/v2\/pages\/3135\/revisions"}],"predecessor-version":[{"id":3662,"href":"https:\/\/www.persofoto.de\/lexikon\/wp-json\/wp\/v2\/pages\/3135\/revisions\/3662"}],"up":[{"embeddable":true,"href":"https:\/\/www.persofoto.de\/lexikon\/wp-json\/wp\/v2\/pages\/37"}],"wp:attachment":[{"href":"https:\/\/www.persofoto.de\/lexikon\/wp-json\/wp\/v2\/media?parent=3135"}],"curies":[{"name":"wp","href":"https:\/\/api.w.org\/{rel}","templated":true}]}}