{"id":3132,"date":"2018-06-21T12:12:03","date_gmt":"2018-06-21T10:12:03","guid":{"rendered":"https:\/\/www.persofoto.de\/lexikon\/?page_id=3132"},"modified":"2020-01-07T00:48:46","modified_gmt":"2020-01-06T23:48:46","slug":"australien","status":"publish","type":"page","link":"https:\/\/www.persofoto.de\/lexikon\/einreisebestimmungen\/australien\/","title":{"rendered":"\ud83c\udde6\ud83c\uddfa Australien"},"content":{"rendered":"<p>F\u00fcr die Einreise nach Kanada wird ein <strong>Reisepass<\/strong> oder <strong>Kinderreisepass<\/strong> ben\u00f6tigt. Ein <strong>vorl\u00e4ufiger Reisepass<\/strong> wird ebenfalls akzeptiert.<\/p>\n<p>Vor der Einreise nach Australien muss ein Visum vorliegen, das vor Reiseantritt beantragt werden muss. Diese Regelung gilt f\u00fcr Staatsangeh\u00f6rige aller Staaten. Staatsb\u00fcrger der Europ\u00e4ischen Union k\u00f6nnen dazu ein eVisitor Visum (Subclass 651) nutzen. Es gilt f\u00fcr Gesch\u00e4ftsreisende und Touristen und ist 12 Monate g\u00fcltig. Die maximale Aufenthaltsdauer pro Besuch darf 3 Monate nicht \u00fcbersteigen.<\/p>\n<p>Das <a href=\"https:\/\/immi.homeaffairs.gov.au\/visas\/getting-a-visa\/visa-finder\" target=\"_blank\" rel=\"noopener noreferrer\">eVisitor Visum (Besuchervisa)<\/a> kann kostenlos und direkt auf der Webseite der <a href=\"http:\/\/germany.embassy.gov.au\/belngerman\/visit_dt.html\" target=\"_blank\" rel=\"noopener noreferrer\">Australischen Botschaft<\/a> beantragt werden.<\/p>\n<div class=\"table-responsive\">\n<table class=\"list\">\n<tbody>\n<tr class=\"odge\">\n<th>(vorl\u00e4ufiger) Personalausweis<\/th>\n<td>(nein) \/ nein<\/td>\n<\/tr>\n<tr class=\"even\">\n<th>Kinderreisepass<\/th>\n<td>ja<\/td>\n<\/tr>\n<tr class=\"odge\">\n<th>(vorl\u00e4ufiger) Reisepass<\/th>\n<td>(ja) \/ ja<\/td>\n<\/tr>\n<\/tbody>\n<\/table>\n<\/div>\n<hr>\n<p>Einreise mit: Reisepass \ud83d\udec2, Kinderreisepass \ud83d\udc76\ud83d\udec2.<\/p>\n","protected":false},"excerpt":{"rendered":"F\u00fcr die Einreise nach Kanada wird ein Reisepass oder Kinderreisepass ben\u00f6tigt. Ein vorl\u00e4ufiger Reisepass wird ebenfalls akzeptiert. Vor der Einreise nach Australien muss ein Visum vorliegen, das vor Reiseantritt beantragt werden muss. Diese Regelung gilt f\u00fcr Staatsangeh\u00f6rige aller Staaten. Staatsb\u00fcrger der Europ\u00e4ischen Union k\u00f6nnen dazu ein eVisitor Visum (Subclass 651) nutzen. Es gilt f\u00fcr Gesch\u00e4ftsreisende&#8230; <a class=\"view-article\" href=\"https:\/\/www.persofoto.de\/lexikon\/einreisebestimmungen\/australien\/\">Anzeigen<\/a>","protected":false},"author":1,"featured_media":0,"parent":923,"menu_order":0,"comment_status":"closed","ping_status":"closed","template":"","meta":[],"_links":{"self":[{"href":"https:\/\/www.persofoto.de\/lexikon\/wp-json\/wp\/v2\/pages\/3132"}],"collection":[{"href":"https:\/\/www.persofoto.de\/lexikon\/wp-json\/wp\/v2\/pages"}],"about":[{"href":"https:\/\/www.persofoto.de\/lexikon\/wp-json\/wp\/v2\/types\/page"}],"author":[{"embeddable":true,"href":"https:\/\/www.persofoto.de\/lexikon\/wp-json\/wp\/v2\/users\/1"}],"replies":[{"embeddable":true,"href":"https:\/\/www.persofoto.de\/lexikon\/wp-json\/wp\/v2\/comments?post=3132"}],"version-history":[{"count":7,"href":"https:\/\/www.persofoto.de\/lexikon\/wp-json\/wp\/v2\/pages\/3132\/revisions"}],"predecessor-version":[{"id":3588,"href":"https:\/\/www.persofoto.de\/lexikon\/wp-json\/wp\/v2\/pages\/3132\/revisions\/3588"}],"up":[{"embeddable":true,"href":"https:\/\/www.persofoto.de\/lexikon\/wp-json\/wp\/v2\/pages\/923"}],"wp:attachment":[{"href":"https:\/\/www.persofoto.de\/lexikon\/wp-json\/wp\/v2\/media?parent=3132"}],"curies":[{"name":"wp","href":"https:\/\/api.w.org\/{rel}","templated":true}]}}