{"id":31,"date":"2009-09-09T19:59:41","date_gmt":"2009-09-09T17:59:41","guid":{"rendered":"http:\/\/www.persofoto.de\/\/?page_id=31"},"modified":"2009-09-09T19:59:41","modified_gmt":"2009-09-09T17:59:41","slug":"ausweispflicht","status":"publish","type":"page","link":"https:\/\/www.persofoto.de\/lexikon\/personalausweis\/ausweispflicht\/","title":{"rendered":"Ausweispflicht"},"content":{"rendered":"<p>In Deutschland ist man ab Vollendung des 16. Lebensjahres verpflichtet einen Ausweis zu besitzen. Dabei kann es sich entweder um einen Personalausweis oder einen Reisepass handeln. Es wird empfohlen, den Ausweis immer dabei zu haben, da man sonst bei polizeilichen Kontrollen, zur Feststellung der Identit\u00e4t, auf die Wache mitgenommen werden kann. Der Ausweispflicht kann auch durch Vorlage eines vorl\u00e4ufigen Personalausweises gen\u00fcgt werden.<\/p>\n","protected":false},"excerpt":{"rendered":"In Deutschland ist man ab Vollendung des 16. Lebensjahres verpflichtet einen Ausweis zu besitzen. Dabei kann es sich entweder um einen Personalausweis oder einen Reisepass handeln. Es wird empfohlen, den Ausweis immer dabei zu haben, da man sonst bei polizeilichen Kontrollen, zur Feststellung der Identit\u00e4t, auf die Wache mitgenommen werden kann. Der Ausweispflicht kann auch&#8230; <a class=\"view-article\" href=\"https:\/\/www.persofoto.de\/lexikon\/personalausweis\/ausweispflicht\/\">Anzeigen<\/a>","protected":false},"author":1,"featured_media":0,"parent":33,"menu_order":0,"comment_status":"open","ping_status":"open","template":"","meta":[],"_links":{"self":[{"href":"https:\/\/www.persofoto.de\/lexikon\/wp-json\/wp\/v2\/pages\/31"}],"collection":[{"href":"https:\/\/www.persofoto.de\/lexikon\/wp-json\/wp\/v2\/pages"}],"about":[{"href":"https:\/\/www.persofoto.de\/lexikon\/wp-json\/wp\/v2\/types\/page"}],"author":[{"embeddable":true,"href":"https:\/\/www.persofoto.de\/lexikon\/wp-json\/wp\/v2\/users\/1"}],"replies":[{"embeddable":true,"href":"https:\/\/www.persofoto.de\/lexikon\/wp-json\/wp\/v2\/comments?post=31"}],"version-history":[{"count":0,"href":"https:\/\/www.persofoto.de\/lexikon\/wp-json\/wp\/v2\/pages\/31\/revisions"}],"up":[{"embeddable":true,"href":"https:\/\/www.persofoto.de\/lexikon\/wp-json\/wp\/v2\/pages\/33"}],"wp:attachment":[{"href":"https:\/\/www.persofoto.de\/lexikon\/wp-json\/wp\/v2\/media?parent=31"}],"curies":[{"name":"wp","href":"https:\/\/api.w.org\/{rel}","templated":true}]}}