{"id":2980,"date":"2018-06-17T21:54:53","date_gmt":"2018-06-17T19:54:53","guid":{"rendered":"https:\/\/www.persofoto.de\/lexikon\/?page_id=2980"},"modified":"2020-01-17T21:49:11","modified_gmt":"2020-01-17T20:49:11","slug":"usa-vereinigte-staaten-von-amerika","status":"publish","type":"page","link":"https:\/\/www.persofoto.de\/lexikon\/einreisebestimmungen\/usa-vereinigte-staaten-von-amerika\/","title":{"rendered":"\ud83c\uddfa\ud83c\uddf8 USA &#8211; Vereinigte Staaten von Amerika"},"content":{"rendered":"<p>Die Einreise in die USA ist nur mit einem <strong><a href=\"https:\/\/www.persofoto.de\/lexikon\/reisepass\/\">Reisepass<\/a><\/strong> m\u00f6glich. Kinderreisep\u00e4sse werden wegen der fehlenden Maschinenlesbarkeit nicht akzeptiert &nbsp;&#8211; somit ben\u00f6tigen auch Kleinkinder und Babys den viel <a href=\"https:\/\/www.persofoto.de\/lexikon\/reisepass\/kosten\/\">teureren<\/a>, &#8222;richtigen&#8220; Reisepass.<\/p>\n<p>Dar\u00fcber hinaus muss man sich entweder per ESTA registrieren oder ein Visum beantragen.<\/p>\n<h3>Visum oder ESTA?<\/h3>\n<p>Nicht immer ist ein Visum n\u00f6tig. Unter anderem deutsche Staatsangeh\u00f6rige (und Angeh\u00f6rige von 35 weiteren Staaten) kommen bei einem Aufenthalt unter 90 Tagen auch ohne Visum aus, wenn sie sich mittels <strong>ESTA<\/strong> registrieren.<\/p>\n<p>Mehr zum Thema ESTA findest Du auch&nbsp;<a href=\"https:\/\/www.persofoto.de\/lexikon\/visum\/united-states-of-america-usa\/\">hier<\/a>.<\/p>\n<p>Erf\u00fcllst Du nicht alle der genannten Anforderungen, musst Du ein Visum beantragen. Aber auch, wenn Du die ESTA-Voraussetzungen erf\u00fcllst, kannst Du Dich f\u00fcr ein Visum entscheiden.<\/p>\n<p>Wer ein <strong>Visum<\/strong> beantragt, ben\u00f6tigt zudem ein <a href=\"https:\/\/www.persofoto.de\/upload\/visumfoto\/html5\/1557\">Visum-Foto im US-Format 2 \u00d7 2 Zoll<\/a>, bzw. 5 \u00d7 5 cm. Du kannst ein Foto in diesem Format kostenlos in unserem <a href=\"https:\/\/www.persofoto.de\/upload\/visumfoto\/html5\/1557\">Visum-Foto-Generator<\/a>&nbsp;erstellen.<\/p>\n<div class=\"tipp\">\n<h3>Wichtig<\/h3>\n<ul>\n<li>Auf Visum-Fotos f\u00fcr die USA darf man seit November 2016 <strong>keine Brille<\/strong>&nbsp;\ud83d\udc53 mehr tragen. Sie ist in jedem Fall abzusetzen.<\/li>\n<\/ul>\n<\/div>\n<div class=\"table-responsive\">\n<table class=\"list\">\n<tbody>\n<tr class=\"odge\">\n<th>(vorl\u00e4ufiger) Personalausweis<\/th>\n<td>(nein) \/ nein<\/td>\n<\/tr>\n<tr class=\"even\">\n<th>Kinderreisepass<\/th>\n<td>nein<\/td>\n<\/tr>\n<tr class=\"odge\">\n<th>(vorl\u00e4ufiger) Reisepass<\/th>\n<td>(nein) \/ ja<\/td>\n<\/tr>\n<\/tbody>\n<\/table>\n<\/div>\n<hr>\n<p>Nativ: United States of America, USA.<\/p>\n<p>Einreise mit: Reisepass \ud83d\udec2&nbsp;+ (ESTA oder Visum).<\/p>\n","protected":false},"excerpt":{"rendered":"Die Einreise in die USA ist nur mit einem Reisepass m\u00f6glich. Kinderreisep\u00e4sse werden wegen der fehlenden Maschinenlesbarkeit nicht akzeptiert &nbsp;&#8211; somit ben\u00f6tigen auch Kleinkinder und Babys den viel teureren, &#8222;richtigen&#8220; Reisepass. Dar\u00fcber hinaus muss man sich entweder per ESTA registrieren oder ein Visum beantragen. Visum oder ESTA? Nicht immer ist ein Visum n\u00f6tig. Unter anderem&#8230; <a class=\"view-article\" href=\"https:\/\/www.persofoto.de\/lexikon\/einreisebestimmungen\/usa-vereinigte-staaten-von-amerika\/\">Anzeigen<\/a>","protected":false},"author":1,"featured_media":0,"parent":923,"menu_order":0,"comment_status":"closed","ping_status":"closed","template":"","meta":[],"_links":{"self":[{"href":"https:\/\/www.persofoto.de\/lexikon\/wp-json\/wp\/v2\/pages\/2980"}],"collection":[{"href":"https:\/\/www.persofoto.de\/lexikon\/wp-json\/wp\/v2\/pages"}],"about":[{"href":"https:\/\/www.persofoto.de\/lexikon\/wp-json\/wp\/v2\/types\/page"}],"author":[{"embeddable":true,"href":"https:\/\/www.persofoto.de\/lexikon\/wp-json\/wp\/v2\/users\/1"}],"replies":[{"embeddable":true,"href":"https:\/\/www.persofoto.de\/lexikon\/wp-json\/wp\/v2\/comments?post=2980"}],"version-history":[{"count":34,"href":"https:\/\/www.persofoto.de\/lexikon\/wp-json\/wp\/v2\/pages\/2980\/revisions"}],"predecessor-version":[{"id":3596,"href":"https:\/\/www.persofoto.de\/lexikon\/wp-json\/wp\/v2\/pages\/2980\/revisions\/3596"}],"up":[{"embeddable":true,"href":"https:\/\/www.persofoto.de\/lexikon\/wp-json\/wp\/v2\/pages\/923"}],"wp:attachment":[{"href":"https:\/\/www.persofoto.de\/lexikon\/wp-json\/wp\/v2\/media?parent=2980"}],"curies":[{"name":"wp","href":"https:\/\/api.w.org\/{rel}","templated":true}]}}