{"id":2979,"date":"2018-06-17T22:04:53","date_gmt":"2018-06-17T20:04:53","guid":{"rendered":"https:\/\/www.persofoto.de\/lexikon\/?page_id=2979"},"modified":"2018-06-17T22:53:08","modified_gmt":"2018-06-17T20:53:08","slug":"ukraine","status":"publish","type":"page","link":"https:\/\/www.persofoto.de\/lexikon\/einreisebestimmungen\/ukraine\/","title":{"rendered":"\ud83c\uddfa\ud83c\udde6 Ukraine"},"content":{"rendered":"<p>Mit dem Personalausweis kommt man in der Ukraine nicht weit. Die Einreise ist offiziell nur mit dem Reisepass m\u00f6glich. F\u00fcr Kurzentschlossene reicht auch ein vorl\u00e4ufiger Reisepass aus. Die Einreise nur mit Personalausweis oder vorl\u00e4ufigem Personalausweis ist jedoch nicht m\u00f6glich.<\/p>\n<div class=\"table-responsive\">\n<table class=\"list\">\n<tbody>\n<tr class=\"odge\">\n<th>(vorl\u00e4ufiger) Personalausweis<\/th>\n<td>(nein) \/ nein<\/td>\n<\/tr>\n<tr class=\"even\">\n<th>Kinderreisepass<\/th>\n<td>ja<\/td>\n<\/tr>\n<tr class=\"odge\">\n<th>(vorl\u00e4ufiger) Reisepass<\/th>\n<td>(ja) \/ ja<\/td>\n<\/tr>\n<\/tbody>\n<\/table>\n<\/div>\n<hr \/>\n<p>Nativ: \u0423\u043a\u0440\u0430\u0457\u043d\u0430, Ukrajina.<\/p>\n<p>Einreise mit: Reisepass \ud83d\udec2.<\/p>\n","protected":false},"excerpt":{"rendered":"Mit dem Personalausweis kommt man in der Ukraine nicht weit. Die Einreise ist offiziell nur mit dem Reisepass m\u00f6glich. F\u00fcr Kurzentschlossene reicht auch ein vorl\u00e4ufiger Reisepass aus. Die Einreise nur mit Personalausweis oder vorl\u00e4ufigem Personalausweis ist jedoch nicht m\u00f6glich. (vorl\u00e4ufiger) Personalausweis (nein) \/ nein Kinderreisepass ja (vorl\u00e4ufiger) Reisepass (ja) \/ ja Nativ: \u0423\u043a\u0440\u0430\u0457\u043d\u0430, Ukrajina. Einreise&#8230; <a class=\"view-article\" href=\"https:\/\/www.persofoto.de\/lexikon\/einreisebestimmungen\/ukraine\/\">Anzeigen<\/a>","protected":false},"author":1,"featured_media":0,"parent":923,"menu_order":0,"comment_status":"closed","ping_status":"closed","template":"","meta":[],"_links":{"self":[{"href":"https:\/\/www.persofoto.de\/lexikon\/wp-json\/wp\/v2\/pages\/2979"}],"collection":[{"href":"https:\/\/www.persofoto.de\/lexikon\/wp-json\/wp\/v2\/pages"}],"about":[{"href":"https:\/\/www.persofoto.de\/lexikon\/wp-json\/wp\/v2\/types\/page"}],"author":[{"embeddable":true,"href":"https:\/\/www.persofoto.de\/lexikon\/wp-json\/wp\/v2\/users\/1"}],"replies":[{"embeddable":true,"href":"https:\/\/www.persofoto.de\/lexikon\/wp-json\/wp\/v2\/comments?post=2979"}],"version-history":[{"count":5,"href":"https:\/\/www.persofoto.de\/lexikon\/wp-json\/wp\/v2\/pages\/2979\/revisions"}],"predecessor-version":[{"id":3049,"href":"https:\/\/www.persofoto.de\/lexikon\/wp-json\/wp\/v2\/pages\/2979\/revisions\/3049"}],"up":[{"embeddable":true,"href":"https:\/\/www.persofoto.de\/lexikon\/wp-json\/wp\/v2\/pages\/923"}],"wp:attachment":[{"href":"https:\/\/www.persofoto.de\/lexikon\/wp-json\/wp\/v2\/media?parent=2979"}],"curies":[{"name":"wp","href":"https:\/\/api.w.org\/{rel}","templated":true}]}}