{"id":2974,"date":"2018-06-17T22:03:52","date_gmt":"2018-06-17T20:03:52","guid":{"rendered":"https:\/\/www.persofoto.de\/lexikon\/?page_id=2974"},"modified":"2018-06-17T22:51:40","modified_gmt":"2018-06-17T20:51:40","slug":"oesterreich","status":"publish","type":"page","link":"https:\/\/www.persofoto.de\/lexikon\/einreisebestimmungen\/oesterreich\/","title":{"rendered":"\ud83c\udde6\ud83c\uddf9 \u00d6sterreich"},"content":{"rendered":"<p>Die Einreise nach \u00d6sterreich ist mit einem deutschen Personalausweis uneingeschr\u00e4nkt m\u00f6glich, selbst wenn dieser bis zu einem Jahr abgelaufen ist. Ein Reisepass wird selbstverst\u00e4ndlich auch anerkannt. Kinderreisep\u00e4sse ebenfalls.<\/p>\n<div class=\"table-responsive\">\n<table class=\"list\">\n<tbody>\n<tr class=\"odge\">\n<th>(vorl\u00e4ufiger) Personalausweis<\/th>\n<td>(ja) \/ ja<\/td>\n<\/tr>\n<tr class=\"even\">\n<th>Kinderreisepass<\/th>\n<td>ja<\/td>\n<\/tr>\n<tr class=\"odge\">\n<th>(vorl\u00e4ufiger) Reisepass<\/th>\n<td>(ja) \/ ja<\/td>\n<\/tr>\n<\/tbody>\n<\/table>\n<\/div>\n<hr \/>\n<p>Einreise mit: Personalausweis \ud83c\udd94, Reisepass \ud83d\udec2, Kinderreisepass \ud83d\udc76\ud83d\udec2.<\/p>\n","protected":false},"excerpt":{"rendered":"Die Einreise nach \u00d6sterreich ist mit einem deutschen Personalausweis uneingeschr\u00e4nkt m\u00f6glich, selbst wenn dieser bis zu einem Jahr abgelaufen ist. Ein Reisepass wird selbstverst\u00e4ndlich auch anerkannt. Kinderreisep\u00e4sse ebenfalls. (vorl\u00e4ufiger) Personalausweis (ja) \/ ja Kinderreisepass ja (vorl\u00e4ufiger) Reisepass (ja) \/ ja Einreise mit: Personalausweis \ud83c\udd94, Reisepass \ud83d\udec2, Kinderreisepass \ud83d\udc76\ud83d\udec2.","protected":false},"author":1,"featured_media":0,"parent":923,"menu_order":0,"comment_status":"closed","ping_status":"closed","template":"","meta":[],"_links":{"self":[{"href":"https:\/\/www.persofoto.de\/lexikon\/wp-json\/wp\/v2\/pages\/2974"}],"collection":[{"href":"https:\/\/www.persofoto.de\/lexikon\/wp-json\/wp\/v2\/pages"}],"about":[{"href":"https:\/\/www.persofoto.de\/lexikon\/wp-json\/wp\/v2\/types\/page"}],"author":[{"embeddable":true,"href":"https:\/\/www.persofoto.de\/lexikon\/wp-json\/wp\/v2\/users\/1"}],"replies":[{"embeddable":true,"href":"https:\/\/www.persofoto.de\/lexikon\/wp-json\/wp\/v2\/comments?post=2974"}],"version-history":[{"count":5,"href":"https:\/\/www.persofoto.de\/lexikon\/wp-json\/wp\/v2\/pages\/2974\/revisions"}],"predecessor-version":[{"id":3044,"href":"https:\/\/www.persofoto.de\/lexikon\/wp-json\/wp\/v2\/pages\/2974\/revisions\/3044"}],"up":[{"embeddable":true,"href":"https:\/\/www.persofoto.de\/lexikon\/wp-json\/wp\/v2\/pages\/923"}],"wp:attachment":[{"href":"https:\/\/www.persofoto.de\/lexikon\/wp-json\/wp\/v2\/media?parent=2974"}],"curies":[{"name":"wp","href":"https:\/\/api.w.org\/{rel}","templated":true}]}}