{"id":2972,"date":"2018-06-17T22:13:44","date_gmt":"2018-06-17T20:13:44","guid":{"rendered":"https:\/\/www.persofoto.de\/lexikon\/?page_id=2972"},"modified":"2018-06-17T23:07:32","modified_gmt":"2018-06-17T21:07:32","slug":"neuseeland","status":"publish","type":"page","link":"https:\/\/www.persofoto.de\/lexikon\/einreisebestimmungen\/neuseeland\/","title":{"rendered":"\ud83c\uddf3\ud83c\uddff Neuseeland"},"content":{"rendered":"<p>Die Einreise nach Neuseeland ist mit einem deutschen Personalausweis leider nicht m\u00f6glich. Es wird ein Reisepass oder Kinderreisepass ben\u00f6tigt. Ein vorl\u00e4ufiger Reisepass gen\u00fcgt allerdings ebenfalls.<\/p>\n<div class=\"table-responsive\">\n<table class=\"list\">\n<tbody>\n<tr class=\"odge\">\n<th>(vorl\u00e4ufiger) Personalausweis<\/th>\n<td>(nein) \/ nein<\/td>\n<\/tr>\n<tr class=\"even\">\n<th>Kinderreisepass<\/th>\n<td>ja<\/td>\n<\/tr>\n<tr class=\"odge\">\n<th>(vorl\u00e4ufiger) Reisepass<\/th>\n<td>(ja) \/ ja<\/td>\n<\/tr>\n<\/tbody>\n<\/table>\n<\/div>\n<hr \/>\n<p>Einreise mit: Reisepass \ud83d\udec2, vorl\u00e4ufiger Reisepass \ud83d\udec2, Kinderreisepass \ud83d\udc76\ud83d\udec2.<\/p>\n","protected":false},"excerpt":{"rendered":"Die Einreise nach Neuseeland ist mit einem deutschen Personalausweis leider nicht m\u00f6glich. Es wird ein Reisepass oder Kinderreisepass ben\u00f6tigt. Ein vorl\u00e4ufiger Reisepass gen\u00fcgt allerdings ebenfalls. (vorl\u00e4ufiger) Personalausweis (nein) \/ nein Kinderreisepass ja (vorl\u00e4ufiger) Reisepass (ja) \/ ja Einreise mit: Reisepass \ud83d\udec2, vorl\u00e4ufiger Reisepass \ud83d\udec2, Kinderreisepass \ud83d\udc76\ud83d\udec2.","protected":false},"author":1,"featured_media":0,"parent":923,"menu_order":0,"comment_status":"closed","ping_status":"closed","template":"","meta":[],"_links":{"self":[{"href":"https:\/\/www.persofoto.de\/lexikon\/wp-json\/wp\/v2\/pages\/2972"}],"collection":[{"href":"https:\/\/www.persofoto.de\/lexikon\/wp-json\/wp\/v2\/pages"}],"about":[{"href":"https:\/\/www.persofoto.de\/lexikon\/wp-json\/wp\/v2\/types\/page"}],"author":[{"embeddable":true,"href":"https:\/\/www.persofoto.de\/lexikon\/wp-json\/wp\/v2\/users\/1"}],"replies":[{"embeddable":true,"href":"https:\/\/www.persofoto.de\/lexikon\/wp-json\/wp\/v2\/comments?post=2972"}],"version-history":[{"count":4,"href":"https:\/\/www.persofoto.de\/lexikon\/wp-json\/wp\/v2\/pages\/2972\/revisions"}],"predecessor-version":[{"id":3052,"href":"https:\/\/www.persofoto.de\/lexikon\/wp-json\/wp\/v2\/pages\/2972\/revisions\/3052"}],"up":[{"embeddable":true,"href":"https:\/\/www.persofoto.de\/lexikon\/wp-json\/wp\/v2\/pages\/923"}],"wp:attachment":[{"href":"https:\/\/www.persofoto.de\/lexikon\/wp-json\/wp\/v2\/media?parent=2972"}],"curies":[{"name":"wp","href":"https:\/\/api.w.org\/{rel}","templated":true}]}}