{"id":2971,"date":"2018-06-17T22:03:04","date_gmt":"2018-06-17T20:03:04","guid":{"rendered":"https:\/\/www.persofoto.de\/lexikon\/?page_id=2971"},"modified":"2018-06-24T02:38:49","modified_gmt":"2018-06-24T00:38:49","slug":"kanada","status":"publish","type":"page","link":"https:\/\/www.persofoto.de\/lexikon\/einreisebestimmungen\/kanada\/","title":{"rendered":"\ud83c\udde8\ud83c\udde6 Kanada"},"content":{"rendered":"<p>F\u00fcr die Einreise nach Kanada wird ein Reisepass ben\u00f6tigt. Kinderreisep\u00e4sse mit Foto sind ebenfalls zugelassen.<\/p>\n<p>Zus\u00e4tzlich wird eine sogenannte Electronic Travel Authorisation (eTA) ben\u00f6tigt. Mehr dazu <a href=\"https:\/\/www.persofoto.de\/lexikon\/visum\/kanada\/\">hier<\/a>.<\/p>\n<div class=\"table-responsive\">\n<table class=\"list\">\n<tbody>\n<tr class=\"odge\">\n<th>(vorl\u00e4ufiger) Personalausweis<\/th>\n<td>(nein) \/ nein<\/td>\n<\/tr>\n<tr class=\"even\">\n<th>Kinderreisepass<\/th>\n<td>ja<\/td>\n<\/tr>\n<tr class=\"odge\">\n<th>(vorl\u00e4ufiger) Reisepass<\/th>\n<td>(ja) \/ ja<\/td>\n<\/tr>\n<\/tbody>\n<\/table>\n<\/div>\n<hr \/>\n<p>Einreise mit: Reisepass \ud83d\udec2, Kinderreisepass \ud83d\udc76\ud83d\udec2.<\/p>\n","protected":false},"excerpt":{"rendered":"F\u00fcr die Einreise nach Kanada wird ein Reisepass ben\u00f6tigt. Kinderreisep\u00e4sse mit Foto sind ebenfalls zugelassen. Zus\u00e4tzlich wird eine sogenannte Electronic Travel Authorisation (eTA) ben\u00f6tigt. Mehr dazu hier. (vorl\u00e4ufiger) Personalausweis (nein) \/ nein Kinderreisepass ja (vorl\u00e4ufiger) Reisepass (ja) \/ ja Einreise mit: Reisepass \ud83d\udec2, Kinderreisepass \ud83d\udc76\ud83d\udec2.","protected":false},"author":1,"featured_media":0,"parent":923,"menu_order":0,"comment_status":"closed","ping_status":"closed","template":"","meta":[],"_links":{"self":[{"href":"https:\/\/www.persofoto.de\/lexikon\/wp-json\/wp\/v2\/pages\/2971"}],"collection":[{"href":"https:\/\/www.persofoto.de\/lexikon\/wp-json\/wp\/v2\/pages"}],"about":[{"href":"https:\/\/www.persofoto.de\/lexikon\/wp-json\/wp\/v2\/types\/page"}],"author":[{"embeddable":true,"href":"https:\/\/www.persofoto.de\/lexikon\/wp-json\/wp\/v2\/users\/1"}],"replies":[{"embeddable":true,"href":"https:\/\/www.persofoto.de\/lexikon\/wp-json\/wp\/v2\/comments?post=2971"}],"version-history":[{"count":5,"href":"https:\/\/www.persofoto.de\/lexikon\/wp-json\/wp\/v2\/pages\/2971\/revisions"}],"predecessor-version":[{"id":3169,"href":"https:\/\/www.persofoto.de\/lexikon\/wp-json\/wp\/v2\/pages\/2971\/revisions\/3169"}],"up":[{"embeddable":true,"href":"https:\/\/www.persofoto.de\/lexikon\/wp-json\/wp\/v2\/pages\/923"}],"wp:attachment":[{"href":"https:\/\/www.persofoto.de\/lexikon\/wp-json\/wp\/v2\/media?parent=2971"}],"curies":[{"name":"wp","href":"https:\/\/api.w.org\/{rel}","templated":true}]}}