{"id":2969,"date":"2018-06-17T22:02:34","date_gmt":"2018-06-17T20:02:34","guid":{"rendered":"https:\/\/www.persofoto.de\/lexikon\/?page_id=2969"},"modified":"2018-06-17T22:50:09","modified_gmt":"2018-06-17T20:50:09","slug":"griechenland","status":"publish","type":"page","link":"https:\/\/www.persofoto.de\/lexikon\/einreisebestimmungen\/griechenland\/","title":{"rendered":"\ud83c\uddec\ud83c\uddf7 Griechenland"},"content":{"rendered":"<p>Die Einreise nach Griechenland ist mit einem deutschen Personalausweis uneingeschr\u00e4nkt m\u00f6glich. Ein Reisepass wird selbstverst\u00e4ndlich auch anerkannt. Kinderreisep\u00e4sse ebenfalls.<\/p>\n<div class=\"table-responsive\">\n<table class=\"list\">\n<tbody>\n<tr class=\"odge\">\n<th>(vorl\u00e4ufiger) Personalausweis<\/th>\n<td>(ja) \/ ja<\/td>\n<\/tr>\n<tr class=\"even\">\n<th>Kinderreisepass<\/th>\n<td>ja<\/td>\n<\/tr>\n<tr class=\"odge\">\n<th>(vorl\u00e4ufiger) Reisepass<\/th>\n<td>(ja) \/ ja<\/td>\n<\/tr>\n<\/tbody>\n<\/table>\n<\/div>\n<hr \/>\n<p>Einreise mit: Personalausweis \ud83c\udd94, Reisepass \ud83d\udec2, Kinderreisepass \ud83d\udc76\ud83d\udec2.<\/p>\n","protected":false},"excerpt":{"rendered":"Die Einreise nach Griechenland ist mit einem deutschen Personalausweis uneingeschr\u00e4nkt m\u00f6glich. Ein Reisepass wird selbstverst\u00e4ndlich auch anerkannt. Kinderreisep\u00e4sse ebenfalls. (vorl\u00e4ufiger) Personalausweis (ja) \/ ja Kinderreisepass ja (vorl\u00e4ufiger) Reisepass (ja) \/ ja Einreise mit: Personalausweis \ud83c\udd94, Reisepass \ud83d\udec2, Kinderreisepass \ud83d\udc76\ud83d\udec2.","protected":false},"author":1,"featured_media":0,"parent":923,"menu_order":0,"comment_status":"closed","ping_status":"closed","template":"","meta":[],"_links":{"self":[{"href":"https:\/\/www.persofoto.de\/lexikon\/wp-json\/wp\/v2\/pages\/2969"}],"collection":[{"href":"https:\/\/www.persofoto.de\/lexikon\/wp-json\/wp\/v2\/pages"}],"about":[{"href":"https:\/\/www.persofoto.de\/lexikon\/wp-json\/wp\/v2\/types\/page"}],"author":[{"embeddable":true,"href":"https:\/\/www.persofoto.de\/lexikon\/wp-json\/wp\/v2\/users\/1"}],"replies":[{"embeddable":true,"href":"https:\/\/www.persofoto.de\/lexikon\/wp-json\/wp\/v2\/comments?post=2969"}],"version-history":[{"count":3,"href":"https:\/\/www.persofoto.de\/lexikon\/wp-json\/wp\/v2\/pages\/2969\/revisions"}],"predecessor-version":[{"id":3039,"href":"https:\/\/www.persofoto.de\/lexikon\/wp-json\/wp\/v2\/pages\/2969\/revisions\/3039"}],"up":[{"embeddable":true,"href":"https:\/\/www.persofoto.de\/lexikon\/wp-json\/wp\/v2\/pages\/923"}],"wp:attachment":[{"href":"https:\/\/www.persofoto.de\/lexikon\/wp-json\/wp\/v2\/media?parent=2969"}],"curies":[{"name":"wp","href":"https:\/\/api.w.org\/{rel}","templated":true}]}}