{"id":2944,"date":"2018-06-15T00:57:16","date_gmt":"2018-06-14T22:57:16","guid":{"rendered":"https:\/\/www.persofoto.de\/lexikon\/?page_id=2944"},"modified":"2018-06-19T20:43:39","modified_gmt":"2018-06-19T18:43:39","slug":"das-perfekte-ausgangsfoto-audio-anleitung","status":"publish","type":"page","link":"https:\/\/www.persofoto.de\/lexikon\/passbild\/das-perfekte-ausgangsfoto-audio-anleitung\/","title":{"rendered":"Das perfekte Ausgangsfoto [Audio-Anleitung] \ud83c\udfa7"},"content":{"rendered":"<p>Du hast keine Lust, ein <a href=\"https:\/\/www.persofoto.de\/lexikon\/passbild\/biometrisches-passbild-selber-machen-anleitung\/#anleitungs-video\">Anleitungs-Video<\/a> zu schauen, oder lange Texte \u00fcber <a href=\"https:\/\/www.persofoto.de\/lexikon\/reisepass\/wie-mache-ich-ein-biometrisches-passfoto\/\">Passbild-Bestimmungen<\/a> zu lesen? Unsere Audio-Anleitung kannst Du problemlos nebenbei h\u00f6ren, oder w\u00e4hrend Du alles f\u00fcr Dein perfektes Ausgangsfoto vorbereitest.<\/p>\n<p><audio style=\"width: 100%;\" controls=\"controls\"><source src=\"\/audio\/persofoto-de-audio-anleitung.ogg\" type=\"audio\/ogg\" \/><source src=\"\/audio\/persofoto-de-audio-anleitung.mp3\" type=\"audio\/mpeg\" \/>Your browser does not support the audio element.<\/audio><\/p>\n<h2>Das Transkript &#8211; der Inhalt zum Nachlesen<\/h2>\n<p>Den Inhalt kannst Du unten auch noch einmal nachlesen.<\/p>\n<blockquote><p>Hallo. Du m\u00f6chtest Dein biometrisches Passfoto selber machen? Kein Problem &#8211; wir helfen Dir dabei. In dieser Anleitung erkl\u00e4ren wir Dir, wie Du das perfekte Ausgangsfoto aufnimmst. Alles, was Du brauchst, ist eine Digitalkamera oder ein Smartphone und im Idealfall eine helfende Hand. Es geht aber auch alleine, mit einem Selfie oder per Selbstausl\u00f6ser.<\/p>\n<p>Biometrische Passfotos m\u00fcssen einige Vorgaben erf\u00fcllen, damit sie von den Beh\u00f6rden akzeptiert werden. Aber gemeinsam bekommen wir das problemlos hin &#8211; versprochen.<\/p>\n<p>Wenn Du willst, kannst Du Dir unter persofoto.de\/bestimmungen die Passbild-Bestimmungen anschauen. Dort findest Du auch einige Beispiel-Bilder.<\/p>\n<p>Wir erkl\u00e4ren Dir aber auch hier, was zu tun ist. Los geht\u2019s.<\/p>\n<p>Bei einem biometrischen Passfoto dreht sich alles um die Merkmale und Abst\u00e4nde Deines Gesichts. Damit die gut erkennbar sind, muss es gut ausgeleuchtet sein. Es ist egal, wie alt Deine Kamera ist &#8211; je besser die Lichtverh\u00e4ltnisse sind, umso bessere Fotos liefert sie. Daher stellst Du Dich am besten tags\u00fcber vor ein Fenster und schaust Richtung Fenster. So wird Dein Gesicht optimal ausgeleuchtet.<\/p>\n<p>Die Kamera h\u00e4ltst Du dann mittig vor dem Gesicht und maximal auf Augenh\u00f6he. Am einfachsten geht es, wenn jemand das Foto von Dir aufnimmt. Aber mit der Front-Kamera Deines Smartphones geht es zur Not nat\u00fcrlich auch allein.<\/p>\n<p>Du musst jetzt darauf achten, dass beide Wangen gleicherma\u00dfen erkennbar sind &#8211; Dein Kopf also nicht nach links oder rechts weggedreht ist.<\/p>\n<p>Wir sehen auch h\u00e4ufig Bilder, bei denen die Kamera zu hoch gehalten wird, oder der Kopf nach unten geneigt ist. Beim Selfie f\u00fcr Instagram ist das okay, aber die Beh\u00f6rden akzeptieren solche Bilder leider nicht. Meist lassen sich die Gesichter dann auch schon nicht mehr an die biometrische Schablone anpassen.<\/p>\n<p>Ein guter Indikator daf\u00fcr, ob die Perspektive stimmt, ist die H\u00f6he der Augen im Vergleich zu den Ohren. Was redet der da? Moment, ich erkl\u00e4r\u2019 es. Wenn Du mal Dein Gesicht betrachtest und Deinen Kopf weit nach hinten neigst, erkennst Du, dass die Augen weit oberhalb der Ohren liegen. Neigst Du den Kopf weit nach unten, wandern sie nach unten und liegen vermutlich auf H\u00f6he Deiner Ohrl\u00e4ppchen oder sogar tiefer.<\/p>\n<p>Damit Dein Gesicht sich korrekt an die biometrische Schablone anpassen l\u00e4sst, neigst Du Deinen Kopf jetzt wieder so weit nach oben, bis die Augen leicht oberhalb der Ohren oder auf H\u00f6he der Ohrenspitzen liegen.<\/p>\n<p>Du kannst ja gerne einige Fotos machen und den Kopf bei jedem etwas anders neigen &#8211; dann hast Du sp\u00e4ter eine Auswahl.<\/p>\n<p>Was gibt es noch zu beachten?<\/p>\n<p>L\u00e4cheln darf man leider nicht mehr &#8211; die Lippen m\u00fcssen geschlossen sein.<\/p>\n<p>Wenn Du bei uns auf persofoto.de bestellen m\u00f6chtest, musst Du Dir auch keine Gedanken \u00fcber den Hintergrund machen. Wir tauschen ihn ohnehin aus, damit er wei\u00df oder hellgrau ist &#8211; so wie die Beh\u00f6rden es verlangen.<\/p>\n<p>M\u00f6chtest Du Dein Foto nicht bei uns bestellen, musst Du auf einige Dinge mehr achten. Wir haben dazu eine weitere Anleitung vorbereitet. Am besten h\u00f6rst Du Dir im Anschluss noch Teil zwei an.<\/p>\n<p>So, das war\u2019s. Jetzt nimmst Du am besten einige Fotos auf und variierst wie beschrieben ein wenig die Kopfneigung und vielleicht auch minimal die Drehung nach links oder rechts, damit auf jeden Fall ein absolut frontales Foto dabei ist.<\/p>\n<p>Das beste kannst Du dann mit unserem Passfoto-Generator auf persofoto.de einfach und kostenlos an die Passbild-Schablone anpassen.<\/p>\n<p>Wir w\u00fcrden uns nat\u00fcrlich freuen, wenn (auch) Du bei uns bestellst.<\/p>\n<p>Dann pr\u00fcfen wir Dein Bild zun\u00e4chst auf Tauglichkeit. Gibt es Probleme mit einem Bild, kannst Du es unkompliziert und nat\u00fcrlich kostenlos austauschen. Bis es passt. Anschlie\u00dfend \u00fcberarbeitet unser Team das Bild. So brauchst Du Dir keine Gedanken zu machen, dass auf dem Amt etwas schief l\u00e4uft.<\/p>\n<p>Aber auch wenn Du nicht bestellst, hoffen wir, dass Dir diese Anleitung weitergeholfen hat. Wenn ja, freuen wir uns immer \u00fcber Feedback und Likes auf Google, Facebook und Co.<\/p>\n<p>Jetzt viel Erfolg beim Fotografieren! \ud83e\udd1c<\/p>\n<p>Ciao.<\/p><\/blockquote>\n","protected":false},"excerpt":{"rendered":"Du hast keine Lust, ein Anleitungs-Video zu schauen, oder lange Texte \u00fcber Passbild-Bestimmungen zu lesen? Unsere Audio-Anleitung kannst Du problemlos nebenbei h\u00f6ren, oder w\u00e4hrend Du alles f\u00fcr Dein perfektes Ausgangsfoto vorbereitest. Your browser does not support the audio element. Das Transkript &#8211; der Inhalt zum Nachlesen Den Inhalt kannst Du unten auch noch einmal nachlesen&#8230;. <a class=\"view-article\" href=\"https:\/\/www.persofoto.de\/lexikon\/passbild\/das-perfekte-ausgangsfoto-audio-anleitung\/\">Anzeigen<\/a>","protected":false},"author":1,"featured_media":0,"parent":142,"menu_order":0,"comment_status":"closed","ping_status":"closed","template":"","meta":[],"_links":{"self":[{"href":"https:\/\/www.persofoto.de\/lexikon\/wp-json\/wp\/v2\/pages\/2944"}],"collection":[{"href":"https:\/\/www.persofoto.de\/lexikon\/wp-json\/wp\/v2\/pages"}],"about":[{"href":"https:\/\/www.persofoto.de\/lexikon\/wp-json\/wp\/v2\/types\/page"}],"author":[{"embeddable":true,"href":"https:\/\/www.persofoto.de\/lexikon\/wp-json\/wp\/v2\/users\/1"}],"replies":[{"embeddable":true,"href":"https:\/\/www.persofoto.de\/lexikon\/wp-json\/wp\/v2\/comments?post=2944"}],"version-history":[{"count":10,"href":"https:\/\/www.persofoto.de\/lexikon\/wp-json\/wp\/v2\/pages\/2944\/revisions"}],"predecessor-version":[{"id":3095,"href":"https:\/\/www.persofoto.de\/lexikon\/wp-json\/wp\/v2\/pages\/2944\/revisions\/3095"}],"up":[{"embeddable":true,"href":"https:\/\/www.persofoto.de\/lexikon\/wp-json\/wp\/v2\/pages\/142"}],"wp:attachment":[{"href":"https:\/\/www.persofoto.de\/lexikon\/wp-json\/wp\/v2\/media?parent=2944"}],"curies":[{"name":"wp","href":"https:\/\/api.w.org\/{rel}","templated":true}]}}