{"id":289,"date":"2009-10-15T23:09:19","date_gmt":"2009-10-15T21:09:19","guid":{"rendered":"http:\/\/www.persofoto.de\/?page_id=289"},"modified":"2020-01-07T00:11:36","modified_gmt":"2020-01-06T23:11:36","slug":"bewerbungsfotos","status":"publish","type":"page","link":"https:\/\/www.persofoto.de\/lexikon\/bewerbung\/bewerbungsfotos\/","title":{"rendered":"Bewerbungsfotos"},"content":{"rendered":"<nav class=\"chapter-toc\">\n<h2>Auf dieser Seite<\/h2>\n<ul>\n<li><a class=\"smooth\" href=\"#format\">Format<\/a><\/li>\n<li><a class=\"smooth\" href=\"#blick-und-kopfhaltung\">Blick und Kopfhaltung<\/a><\/li>\n<li><a class=\"smooth\" href=\"#kleidung-und-frisur\">Kleidung &amp; Frisur<\/a><\/li>\n<li><a class=\"smooth\" href=\"#ort-des-fotos\">Ort des Fotos<\/a><\/li>\n<\/ul>\n<\/nav>\n<h2 id=\"format\">Format<\/h2>\n<p>Ein Bewerbungsfoto wird im Normalfall im Format 60&nbsp;mm \u00d7&nbsp;45 mm erstellt, ist also etwas gr\u00f6\u00dfer als ein normales Passfoto. Das Bewerbungsfoto sollte ein Portraitfoto sein, also nur Deinen Kopf, die Schultern und eventuell noch einen Teil der Brust zeigen. Du hast die M\u00f6glichkeit Dich durch ein gutes Bewerbungsfoto entscheidend in Szene zu setzen und Dich zu pr\u00e4sentieren. Zuerst einmal solltest du das Unternehmen analysieren, auf dessen Stelle Du Dich bewirbst.<\/p>\n<h2 id=\"blick-und-kopfhaltung\">Blick und Kopfhaltung<\/h2>\n<p>Ein direkter Blick und ein freundliches, nat\u00fcrliches L\u00e4cheln machen Dich sympathisch und glaubhaft. Der Kopf sollte auf dem Foto mittig zentriert sein. Man kann das Bild auch leicht von der Seite aufnehmen. Eine leicht schr\u00e4ge Kopfhaltung ist auch m\u00f6glich. Aber bitte nicht \u00fcbertreiben. Das Foto kannst Du in unserem <a title=\"Passbild-Generator\" href=\"https:\/\/www.persofoto.de\/upload\/bewerbungsfoto\">Online&nbsp;Bewerbungsfoto-Generator<\/a> zuschneiden und an eine Schablonen-Vorlage anpassen.<\/p>\n<h2 id=\"kleidung-und-frisur\">Kleidung &amp; Frisur<\/h2>\n<p>Handelt es sich eher um ein konservatives Unternehmen, in Bezug auf die Mitarbeiterkleidung, oder sind die Kleidungsvorschriften eher liberal? Wenn Du Dich <abbr title=\"zum Beispiel\">z.B.<\/abbr> auf einen Streetworker Job bewirbst, w\u00e4re ein Anzug wohl etwas zu overdressed, zumal der Personalchef wohl selber nur Pullover und Hemden tr\u00e4gt. Je nach Branche gibt es ganz unterschiedliche M\u00f6glichkeiten. Mit gedeckten und eher dunkleren Farben &#8211; bei Frauen Bluse und Blazer, bei M\u00e4nnern Hemd, Krawatte und Jackett &#8211; sind Bewerber aber wohl bei den meisten Jobs auf der richtigen Seite. Grelle Farben und Muster sollten besser vermieden werden. Bei der Kleidung ist Fingerspitzengef\u00fchl gefragt, aber als Faustregel gilt. \u201eBesser zu schick anziehen als andersherum\u201c. Die Haare sollten ordentlich aussehen. Mach das Bild also am Besten ein paar Tage nachdem Du beim Fris\u00f6r warst. Mehr zu Frisuren f\u00fcr Frauen gibt&#8217;s im Unterpunkt &#8222;f\u00fcr Bewerberinnen&#8220;.<\/p>\n<h2 id=\"ort-des-fotos\">Ort des Fotos<\/h2>\n<p>Wichtig ist, dass Du einen neutralen Hintergrund f\u00fcr Dein Foto w\u00e4hlst, der einen starken Kontrast zu Deiner Kleidung bildet. Im Normalfall wird dies eine wei\u00dfe Wand sein. Falls Du Dich f\u00fcr einen Job an der frischen Luft bewirbst, z.B. als G\u00e4rtner, kannst du eventuell auch ein Foto im Freien machen lassen, aber z\u00fcgle Deine Experimentierfreude. Gerade Personalchefs gr\u00f6\u00dferer Firmen haben meist schon hunderte von Bildern gesehen und ein Raster entwickelt, durch das Dein Bewerbungsfoto schnell durchfallen k\u00f6nnte.<\/p>\n","protected":false},"excerpt":{"rendered":"Auf dieser Seite Format Blick und Kopfhaltung Kleidung &amp; Frisur Ort des Fotos Format Ein Bewerbungsfoto wird im Normalfall im Format 60&nbsp;mm \u00d7&nbsp;45 mm erstellt, ist also etwas gr\u00f6\u00dfer als ein normales Passfoto. Das Bewerbungsfoto sollte ein Portraitfoto sein, also nur Deinen Kopf, die Schultern und eventuell noch einen Teil der Brust zeigen. Du hast&#8230; <a class=\"view-article\" href=\"https:\/\/www.persofoto.de\/lexikon\/bewerbung\/bewerbungsfotos\/\">Anzeigen<\/a>","protected":false},"author":1,"featured_media":0,"parent":285,"menu_order":0,"comment_status":"open","ping_status":"open","template":"","meta":[],"_links":{"self":[{"href":"https:\/\/www.persofoto.de\/lexikon\/wp-json\/wp\/v2\/pages\/289"}],"collection":[{"href":"https:\/\/www.persofoto.de\/lexikon\/wp-json\/wp\/v2\/pages"}],"about":[{"href":"https:\/\/www.persofoto.de\/lexikon\/wp-json\/wp\/v2\/types\/page"}],"author":[{"embeddable":true,"href":"https:\/\/www.persofoto.de\/lexikon\/wp-json\/wp\/v2\/users\/1"}],"replies":[{"embeddable":true,"href":"https:\/\/www.persofoto.de\/lexikon\/wp-json\/wp\/v2\/comments?post=289"}],"version-history":[{"count":4,"href":"https:\/\/www.persofoto.de\/lexikon\/wp-json\/wp\/v2\/pages\/289\/revisions"}],"predecessor-version":[{"id":3582,"href":"https:\/\/www.persofoto.de\/lexikon\/wp-json\/wp\/v2\/pages\/289\/revisions\/3582"}],"up":[{"embeddable":true,"href":"https:\/\/www.persofoto.de\/lexikon\/wp-json\/wp\/v2\/pages\/285"}],"wp:attachment":[{"href":"https:\/\/www.persofoto.de\/lexikon\/wp-json\/wp\/v2\/media?parent=289"}],"curies":[{"name":"wp","href":"https:\/\/api.w.org\/{rel}","templated":true}]}}