{"id":285,"date":"2009-10-15T23:08:05","date_gmt":"2009-10-15T21:08:05","guid":{"rendered":"http:\/\/www.persofoto.de\/?page_id=285"},"modified":"2015-11-05T13:55:11","modified_gmt":"2015-11-05T12:55:11","slug":"bewerbung","status":"publish","type":"page","link":"https:\/\/www.persofoto.de\/lexikon\/bewerbung\/","title":{"rendered":"Bewerbung"},"content":{"rendered":"<p>Eine Bewerbung steht an? Meist bedingt\u00a0dies gr\u00f6\u00dfere Ver\u00e4nderungen im Leben. Die Bewerbung beim neuen Arbeitgeber muss in\u00a0kurzen Augenblicken einen guten Eindruck vermitteln. Obwohl immer h\u00e4ufiger auch\u00a0Blind-Bewerbungen ein Thema sind, gelingt dies mit einem aussagekr\u00e4ftigen und freundlichen Bewerbungsfoto meist am besten.<\/p>\n<p>Einige\u00a0Tipps zum Thema Bewerbung und Bewerbungsfoto haben wir auf den folgenden Seiten zusammengetragen.<\/p>\n","protected":false},"excerpt":{"rendered":"Eine Bewerbung steht an? Meist bedingt\u00a0dies gr\u00f6\u00dfere Ver\u00e4nderungen im Leben. Die Bewerbung beim neuen Arbeitgeber muss in\u00a0kurzen Augenblicken einen guten Eindruck vermitteln. Obwohl immer h\u00e4ufiger auch\u00a0Blind-Bewerbungen ein Thema sind, gelingt dies mit einem aussagekr\u00e4ftigen und freundlichen Bewerbungsfoto meist am besten. Einige\u00a0Tipps zum Thema Bewerbung und Bewerbungsfoto haben wir auf den folgenden Seiten zusammengetragen.","protected":false},"author":1,"featured_media":0,"parent":0,"menu_order":0,"comment_status":"open","ping_status":"closed","template":"lexikonkategorie_template.php","meta":[],"_links":{"self":[{"href":"https:\/\/www.persofoto.de\/lexikon\/wp-json\/wp\/v2\/pages\/285"}],"collection":[{"href":"https:\/\/www.persofoto.de\/lexikon\/wp-json\/wp\/v2\/pages"}],"about":[{"href":"https:\/\/www.persofoto.de\/lexikon\/wp-json\/wp\/v2\/types\/page"}],"author":[{"embeddable":true,"href":"https:\/\/www.persofoto.de\/lexikon\/wp-json\/wp\/v2\/users\/1"}],"replies":[{"embeddable":true,"href":"https:\/\/www.persofoto.de\/lexikon\/wp-json\/wp\/v2\/comments?post=285"}],"version-history":[{"count":2,"href":"https:\/\/www.persofoto.de\/lexikon\/wp-json\/wp\/v2\/pages\/285\/revisions"}],"predecessor-version":[{"id":2528,"href":"https:\/\/www.persofoto.de\/lexikon\/wp-json\/wp\/v2\/pages\/285\/revisions\/2528"}],"wp:attachment":[{"href":"https:\/\/www.persofoto.de\/lexikon\/wp-json\/wp\/v2\/media?parent=285"}],"curies":[{"name":"wp","href":"https:\/\/api.w.org\/{rel}","templated":true}]}}