{"id":2637,"date":"2015-11-29T15:17:42","date_gmt":"2015-11-29T14:17:42","guid":{"rendered":"https:\/\/www.persofoto.de\/lexikon\/?page_id=2637"},"modified":"2018-09-14T14:55:42","modified_gmt":"2018-09-14T12:55:42","slug":"ausstellungsdauer","status":"publish","type":"page","link":"https:\/\/www.persofoto.de\/lexikon\/personalausweis\/ausstellungsdauer\/","title":{"rendered":"Ausstellungsdauer"},"content":{"rendered":"<p>Die Bearbeitungszeit f\u00fcr die Ausstellung eines\u00a0Personalausweises betr\u00e4gt\u00a0ab Beantragung\u00a0<abbr title=\"in der Regel\">i. d. R.<\/abbr> <strong>3 bis 6 Wochen<\/strong>.<\/p>\n<p>Diese Dauer l\u00e4sst sich leider nicht verk\u00fcrzen &#8211; einen Express-Personalausweis als Pendant zum <a href=\"https:\/\/www.persofoto.de\/lexikon\/reisepass\/express-reisepass\/\">Express-Reisepass<\/a> gibt es leider nicht. In besonderen Ausnahmef\u00e4llen kann ein <a href=\"https:\/\/www.persofoto.de\/lexikon\/personalausweis\/vorlaufiger-personalausweis\/\">vorl\u00e4ufiger Personalausweis<\/a> beantragt werden. Dieser kann meist sofort mitgenommen werden.<\/p>\n<div class=\"tipp\">\n<h3>Zusammengefasst<\/h3>\n<ul>\n<li>Einen Personalausweis kannst Du im B\u00fcrgerb\u00fcro beantragen. Nach der Beantragung dauert es\u00a0\u23f1\ufe0f\u00a0<strong>3 bis 6 Wochen<\/strong>.<\/li>\n<\/ul>\n<\/div>\n<p>Du kannst den Personalausweis im B\u00fcrgeramt oder Rathaus Deines Wohnortes beantragen.\u00a0M\u00f6chtest Du ihn nicht an Deinem Hauptwohnsitz beantragen, musst Du einen wichtigen Grund vorbringen k\u00f6nnen. Am besten stimmst Du Dich daher bereits vorab mit den Beh\u00f6rden ab, ob sie Deinen Grund anerkennen.<\/p>\n<p>In folgendem Artikel kannst Du auch nachlesen, <a href=\"https:\/\/www.persofoto.de\/lexikon\/personalausweis\/beantragung\/\">was Du alles f\u00fcr die Beantragung mitbringen musst<\/a>, und wie sie abl\u00e4uft.<\/p>\n<p>Nachfolgend noch einmal die Ausstellungsdauer der m\u00f6glichen Personalausweise in tabellarischer Form:<\/p>\n<div class=\"table-responsive\">\n<table class=\"list\">\n<tbody>\n<tr>\n<th>Ausweis-Dokument<\/th>\n<th>Ausstellungsdauer<\/th>\n<\/tr>\n<tr>\n<td>Personalausweis<\/td>\n<td>3\u00a0bis 6 Wochen<\/td>\n<\/tr>\n<tr class=\"odge\">\n<td>vorl\u00e4ufiger Personalausweis<\/td>\n<td>sofort<\/td>\n<\/tr>\n<\/tbody>\n<\/table>\n<p>&nbsp;<\/p>\n<\/div>\n","protected":false},"excerpt":{"rendered":"Die Bearbeitungszeit f\u00fcr die Ausstellung eines\u00a0Personalausweises betr\u00e4gt\u00a0ab Beantragung\u00a0i. d. R. 3 bis 6 Wochen. Diese Dauer l\u00e4sst sich leider nicht verk\u00fcrzen &#8211; einen Express-Personalausweis als Pendant zum Express-Reisepass gibt es leider nicht. In besonderen Ausnahmef\u00e4llen kann ein vorl\u00e4ufiger Personalausweis beantragt werden. Dieser kann meist sofort mitgenommen werden. Zusammengefasst Einen Personalausweis kannst Du im B\u00fcrgerb\u00fcro beantragen&#8230;. <a class=\"view-article\" href=\"https:\/\/www.persofoto.de\/lexikon\/personalausweis\/ausstellungsdauer\/\">Anzeigen<\/a>","protected":false},"author":1,"featured_media":0,"parent":33,"menu_order":0,"comment_status":"closed","ping_status":"closed","template":"","meta":[],"_links":{"self":[{"href":"https:\/\/www.persofoto.de\/lexikon\/wp-json\/wp\/v2\/pages\/2637"}],"collection":[{"href":"https:\/\/www.persofoto.de\/lexikon\/wp-json\/wp\/v2\/pages"}],"about":[{"href":"https:\/\/www.persofoto.de\/lexikon\/wp-json\/wp\/v2\/types\/page"}],"author":[{"embeddable":true,"href":"https:\/\/www.persofoto.de\/lexikon\/wp-json\/wp\/v2\/users\/1"}],"replies":[{"embeddable":true,"href":"https:\/\/www.persofoto.de\/lexikon\/wp-json\/wp\/v2\/comments?post=2637"}],"version-history":[{"count":15,"href":"https:\/\/www.persofoto.de\/lexikon\/wp-json\/wp\/v2\/pages\/2637\/revisions"}],"predecessor-version":[{"id":3453,"href":"https:\/\/www.persofoto.de\/lexikon\/wp-json\/wp\/v2\/pages\/2637\/revisions\/3453"}],"up":[{"embeddable":true,"href":"https:\/\/www.persofoto.de\/lexikon\/wp-json\/wp\/v2\/pages\/33"}],"wp:attachment":[{"href":"https:\/\/www.persofoto.de\/lexikon\/wp-json\/wp\/v2\/media?parent=2637"}],"curies":[{"name":"wp","href":"https:\/\/api.w.org\/{rel}","templated":true}]}}