{"id":2630,"date":"2015-11-29T15:08:17","date_gmt":"2015-11-29T14:08:17","guid":{"rendered":"https:\/\/www.persofoto.de\/lexikon\/?page_id=2630"},"modified":"2018-07-05T14:49:42","modified_gmt":"2018-07-05T12:49:42","slug":"beantragung","status":"publish","type":"page","link":"https:\/\/www.persofoto.de\/lexikon\/personalausweis\/beantragung\/","title":{"rendered":"Beantragung"},"content":{"rendered":"<h2>Ablauf der Beantragung<\/h2>\n<p>Wie auch der <a href=\"https:\/\/www.persofoto.de\/lexikon\/reisepass\/beantragung\/\">Reisepass<\/a> kann der Personalausweis nur pers\u00f6nlich im zust\u00e4ndigen Rathaus beantragt werden.\u00a0Zur Beantragung sollte der alte Personalausweis oder ein Reisepass mitgebracht werden. Anders l\u00e4uft es bei der <a href=\"https:\/\/www.persofoto.de\/lexikon\/personalausweis\/erstmaliges-beantragen\/\">erstmaligen Beantragung eines Personalausweises<\/a> ab.<\/p>\n<p>Die Beantragung ist dann schnell erledigt &#8211; es bedarf lediglich einer Unterschrift.<\/p>\n<p>Ist der Antragsteller noch unter 16, muss zur Beantragung eine schriftliche Best\u00e4tigung der bzw. des\u00a0Personensorgeberechtigten und dessen Ausweis mitgebracht werden. Die Eltern sollten in diesem Fall also am besten einfach mitkommen.<\/p>\n<div class=\"tipp\">\n<h3>Das muss mitgebracht werden:<\/h3>\n<ul>\n<li>abgelaufener Personalausweis,\u00a0aktueller Reisepass oder Geburtsurkunde<\/li>\n<li><a href=\"https:\/\/www.persofoto.de\/lexikon\/passbild\/biometrisches-passbild\/\">biometrisches Passbild<\/a><\/li>\n<li><a href=\"https:\/\/www.persofoto.de\/lexikon\/personalausweis\/personalausweis-kosten\/\">Geb\u00fchr<\/a> (28,80 \u20ac, bzw.\u00a022,80 \u20ac\u00a0f\u00fcr Personen unter\u00a024 Jahren)<\/li>\n<\/ul>\n<\/div>\n<p>Es dauert dann i. d. R. zwischen 3 und 6 Wochen, bis der Personalausweis ausgestellt wurde und abgeholt werden kann.<\/p>\n<h2>Abholung<\/h2>\n<p>Ist die Bearbeitung abgeschlossen und der Ausweis ausgestellt, wird man dar\u00fcber informiert. Oft\u00a0ist die Statusauskunft auch <a href=\"https:\/\/ausweisstatus.krz.de\/e01_antragsstatusausweis\/?kunde=05970044\" target=\"_blank\" rel=\"noopener\">online m\u00f6glich<\/a>. Der neue Personalausweis\u00a0kann dann entweder pers\u00f6nlich oder durch einen Bevollm\u00e4chtigten abgeholt werden. Dieser ben\u00f6tigt dazu eine schriftliche Vollmacht (formlos m\u00f6glich), in dem sein Name und seine Anschrift genannt werden und eine M\u00f6glichkeit, sich auf dem Amt ausweisen zu k\u00f6nnen.<\/p>\n","protected":false},"excerpt":{"rendered":"Ablauf der Beantragung Wie auch der Reisepass kann der Personalausweis nur pers\u00f6nlich im zust\u00e4ndigen Rathaus beantragt werden.\u00a0Zur Beantragung sollte der alte Personalausweis oder ein Reisepass mitgebracht werden. Anders l\u00e4uft es bei der erstmaligen Beantragung eines Personalausweises ab. Die Beantragung ist dann schnell erledigt &#8211; es bedarf lediglich einer Unterschrift. Ist der Antragsteller noch unter 16,&#8230; <a class=\"view-article\" href=\"https:\/\/www.persofoto.de\/lexikon\/personalausweis\/beantragung\/\">Anzeigen<\/a>","protected":false},"author":1,"featured_media":0,"parent":33,"menu_order":0,"comment_status":"closed","ping_status":"closed","template":"","meta":[],"_links":{"self":[{"href":"https:\/\/www.persofoto.de\/lexikon\/wp-json\/wp\/v2\/pages\/2630"}],"collection":[{"href":"https:\/\/www.persofoto.de\/lexikon\/wp-json\/wp\/v2\/pages"}],"about":[{"href":"https:\/\/www.persofoto.de\/lexikon\/wp-json\/wp\/v2\/types\/page"}],"author":[{"embeddable":true,"href":"https:\/\/www.persofoto.de\/lexikon\/wp-json\/wp\/v2\/users\/1"}],"replies":[{"embeddable":true,"href":"https:\/\/www.persofoto.de\/lexikon\/wp-json\/wp\/v2\/comments?post=2630"}],"version-history":[{"count":7,"href":"https:\/\/www.persofoto.de\/lexikon\/wp-json\/wp\/v2\/pages\/2630\/revisions"}],"predecessor-version":[{"id":3238,"href":"https:\/\/www.persofoto.de\/lexikon\/wp-json\/wp\/v2\/pages\/2630\/revisions\/3238"}],"up":[{"embeddable":true,"href":"https:\/\/www.persofoto.de\/lexikon\/wp-json\/wp\/v2\/pages\/33"}],"wp:attachment":[{"href":"https:\/\/www.persofoto.de\/lexikon\/wp-json\/wp\/v2\/media?parent=2630"}],"curies":[{"name":"wp","href":"https:\/\/api.w.org\/{rel}","templated":true}]}}