{"id":2441,"date":"2015-09-27T13:06:18","date_gmt":"2015-09-27T11:06:18","guid":{"rendered":"https:\/\/www.persofoto.de\/lexikon\/?page_id=2441"},"modified":"2020-01-18T00:07:48","modified_gmt":"2020-01-17T23:07:48","slug":"vereinigtes-koenigreich","status":"publish","type":"page","link":"https:\/\/www.persofoto.de\/lexikon\/auslaendische-passbildbestimmungen\/vereinigtes-koenigreich\/","title":{"rendered":"Vereinigtes K\u00f6nigreich \ud83c\uddec\ud83c\udde7"},"content":{"rendered":"<h2>Allgemeine Anforderungen gleich<\/h2>\n<p>Im Vereinigten K\u00f6nigreich \ud83c\uddec\ud83c\udde7 werden f\u00fcr alle offiziellen Ausweisdokumente biometrische Passfotos verwendet. Die Anforderungen an die Fotos sind nahezu identisch zu den deutschen Passbild-Bestimmungen &#8211; allerdings unterscheiden sich die geforderten Ma\u00dfe und die Anforderung an den Hintergrund.<\/p>\n<h2>Unterschiede bei den Abmessungen des Gesichts<\/h2>\n<p>Auch in England haben Passfotos eine Gr\u00f6\u00dfe von 35 \u00d7 45 mm.<\/p>\n<p>Das <strong>Gesicht<\/strong> wird jedoch <strong>deutlich kleiner<\/strong> angepasst, sodass fast immer auch die Schultern und gro\u00dfe Teile des Oberk\u00f6rpers zu sehen sind. W\u00e4hrend das Gesicht in Deutschland eine H\u00f6he von 32 &#8211; 36 mm haben sollte, ist die vorgeschriebene Gesichtsh\u00f6he bei Passbildern f\u00fcr das Vereinigte K\u00f6nigreich 29 &#8211; 34 mm. Das Gesicht muss zudem nicht &#8211; wie in Deutschland &#8211; mit Hilfe der <a href=\"https:\/\/www.persofoto.de\/lexikon\/passbild\/biometrische-schablone\/\">Passbild-Schablone<\/a> absolut an einer Kinnlinie ausgerichtet werden. Es gen\u00fcgt, wenn das Gesicht horizontal mittig auf dem Foto zentriert wird. Der Kopf wird vertikal etwas oberhalb der Mitte platziert.<\/p>\n<p>Dar\u00fcber hinaus gibt es andere Anforderungen an den Hintergrund. In Deutschland sind Passbilder mit wei\u00dfen oder hellgrauen Hintergr\u00fcnden zul\u00e4ssig. In England werden Fotos mit wei\u00dfen Hintergr\u00fcnden jedoch abgelehnt. Er muss dort <strong>cremefarben oder hellgrau<\/strong> sein.<\/p>\n<p>Das folgende Schaubild zeigt die Ausrichtung eines Fotos nach den Passbild-Bestimmungen Deutschlands und des Vereinigten K\u00f6nigreichs &#8211; links das deutsche, rechts das englische.<\/p>\n<p><img class=\"img-responsive aligncenter wp-image-2885 size-full\" src=\"https:\/\/www.persofoto.de\/lexikon\/wp-content\/uploads\/2015\/09\/passfoto-vergleich-de-uk.jpg\" alt=\"\" width=\"950\" height=\"480\" srcset=\"https:\/\/www.persofoto.de\/lexikon\/wp-content\/uploads\/2015\/09\/passfoto-vergleich-de-uk.jpg 950w, https:\/\/www.persofoto.de\/lexikon\/wp-content\/uploads\/2015\/09\/passfoto-vergleich-de-uk-250x126.jpg 250w, https:\/\/www.persofoto.de\/lexikon\/wp-content\/uploads\/2015\/09\/passfoto-vergleich-de-uk-768x388.jpg 768w, https:\/\/www.persofoto.de\/lexikon\/wp-content\/uploads\/2015\/09\/passfoto-vergleich-de-uk-700x354.jpg 700w, https:\/\/www.persofoto.de\/lexikon\/wp-content\/uploads\/2015\/09\/passfoto-vergleich-de-uk-120x61.jpg 120w\" sizes=\"(max-width: 950px) 100vw, 950px\" \/><\/p>\n<p>Nachfolgend noch einmal die Eigenschaften von deutschen und englischen Passbildern im Vergleich. Unterschiede sind wie immer der hervorgehoben.<\/p>\n<div class=\"table-responsive\">\n<table class=\"list\">\n<tbody>\n<tr>\n<th>Eigenschaft<\/th>\n<th>Deutschland<\/th>\n<th>Vereinigtes K\u00f6nigreich<\/th>\n<\/tr>\n<tr class=\"odge\">\n<td>Passbild-Breite<\/td>\n<td>35 mm<\/td>\n<td>35 mm<\/td>\n<\/tr>\n<tr>\n<td>Passbild-H\u00f6he<\/td>\n<td>45 mm<\/td>\n<td>45 mm<\/td>\n<\/tr>\n<tr class=\"odge\">\n<td>Gesichtsh\u00f6he<\/td>\n<td><strong>32 &#8211; 36 mm<\/strong><\/td>\n<td><strong>29 &#8211; 34 mm<\/strong><\/td>\n<\/tr>\n<tr>\n<td>Ausrichtung<\/td>\n<td><strong>an Kinnlinie<\/strong><\/td>\n<td><strong>horizontal mittig zentriert,<br \/>\nvertikal etwas oberhalb der Mitte<\/strong><\/td>\n<\/tr>\n<tr class=\"odge\">\n<td>Hintergrund<\/td>\n<td><strong>wei\u00df oder hellgrau<\/strong><\/td>\n<td><strong>cremefarben oder hellgrau<br \/>\n(nicht wei\u00df!)<\/strong><\/td>\n<\/tr>\n<\/tbody>\n<\/table>\n<\/div>\n<h2>Die biometrische Schablone f\u00fcr das United Kingdom<\/h2>\n<p>Die zu verwendende Schablone sieht wie folgt aus:<\/p>\n<p><img width=\"250\" height=\"225\" class=\"aligncenter size-medium wp-image-2447\" src=\"https:\/\/www.persofoto.de\/lexikon\/wp-content\/uploads\/2015\/09\/biometrische-schablone-vereinigtes-k\u00f6nigreich-250x225.png\" alt=\"biometrische-schablone-vereinigtes-k\u00f6nigreich\" srcset=\"https:\/\/www.persofoto.de\/lexikon\/wp-content\/uploads\/2015\/09\/biometrische-schablone-vereinigtes-k\u00f6nigreich-250x225.png 250w, https:\/\/www.persofoto.de\/lexikon\/wp-content\/uploads\/2015\/09\/biometrische-schablone-vereinigtes-k\u00f6nigreich-120x108.png 120w, https:\/\/www.persofoto.de\/lexikon\/wp-content\/uploads\/2015\/09\/biometrische-schablone-vereinigtes-k\u00f6nigreich.png 385w\" sizes=\"(max-width: 250px) 100vw, 250px\" \/><\/p>\n<p>Wenn Du ein Foto an die <a href=\"https:\/\/www.persofoto.de\/upload\/passbild\/html5\/439\">Passbild-Schablone f\u00fcr England<\/a> anpassen m\u00f6chtest, kannst Du ganz einfach unseren Passfoto-Generator nutzen.<\/p>\n<p>Abgesehen von der Gesichts-Gr\u00f6\u00dfe und -Position sind die restlichen Anforderungen nahezu identisch zu den deutschen Passbild-Bestimmungen.<\/p>\n<ul>\n<li>Das Gesicht muss bspw. ebenfalls absolut frontal fotografiert werden,<\/li>\n<li>man darf nicht l\u00e4cheln und<\/li>\n<li>Brillenrahmen d\u00fcrfen die Augen nicht verdecken.<\/li>\n<\/ul>\n<p>Mehr dazu auf den Seiten der <a href=\"https:\/\/www.persofoto.de\/lexikon\/reisepass\/wie-mache-ich-ein-biometrisches-passfoto\/\">Deutschen Passbild-Bestimmungen<\/a> und der <a href=\"https:\/\/www.gov.uk\/photos-for-passports\" target=\"_blank\" rel=\"noopener noreferrer\">Passbild-Bestimmungen des Vereinigten K\u00f6nigreichs<\/a>.<\/p>\n","protected":false},"excerpt":{"rendered":"Allgemeine Anforderungen gleich Im Vereinigten K\u00f6nigreich \ud83c\uddec\ud83c\udde7 werden f\u00fcr alle offiziellen Ausweisdokumente biometrische Passfotos verwendet. Die Anforderungen an die Fotos sind nahezu identisch zu den deutschen Passbild-Bestimmungen &#8211; allerdings unterscheiden sich die geforderten Ma\u00dfe und die Anforderung an den Hintergrund. Unterschiede bei den Abmessungen des Gesichts Auch in England haben Passfotos eine Gr\u00f6\u00dfe von 35&#8230; <a class=\"view-article\" href=\"https:\/\/www.persofoto.de\/lexikon\/auslaendische-passbildbestimmungen\/vereinigtes-koenigreich\/\">Anzeigen<\/a>","protected":false},"author":1,"featured_media":0,"parent":1582,"menu_order":0,"comment_status":"closed","ping_status":"closed","template":"","meta":[],"_links":{"self":[{"href":"https:\/\/www.persofoto.de\/lexikon\/wp-json\/wp\/v2\/pages\/2441"}],"collection":[{"href":"https:\/\/www.persofoto.de\/lexikon\/wp-json\/wp\/v2\/pages"}],"about":[{"href":"https:\/\/www.persofoto.de\/lexikon\/wp-json\/wp\/v2\/types\/page"}],"author":[{"embeddable":true,"href":"https:\/\/www.persofoto.de\/lexikon\/wp-json\/wp\/v2\/users\/1"}],"replies":[{"embeddable":true,"href":"https:\/\/www.persofoto.de\/lexikon\/wp-json\/wp\/v2\/comments?post=2441"}],"version-history":[{"count":20,"href":"https:\/\/www.persofoto.de\/lexikon\/wp-json\/wp\/v2\/pages\/2441\/revisions"}],"predecessor-version":[{"id":3636,"href":"https:\/\/www.persofoto.de\/lexikon\/wp-json\/wp\/v2\/pages\/2441\/revisions\/3636"}],"up":[{"embeddable":true,"href":"https:\/\/www.persofoto.de\/lexikon\/wp-json\/wp\/v2\/pages\/1582"}],"wp:attachment":[{"href":"https:\/\/www.persofoto.de\/lexikon\/wp-json\/wp\/v2\/media?parent=2441"}],"curies":[{"name":"wp","href":"https:\/\/api.w.org\/{rel}","templated":true}]}}