{"id":2425,"date":"2015-09-26T22:40:55","date_gmt":"2015-09-26T20:40:55","guid":{"rendered":"https:\/\/www.persofoto.de\/lexikon\/?page_id=2425"},"modified":"2017-09-10T18:39:19","modified_gmt":"2017-09-10T16:39:19","slug":"passfoto-generator","status":"publish","type":"page","link":"https:\/\/www.persofoto.de\/lexikon\/passfoto-generator\/","title":{"rendered":"Passfoto-Generator"},"content":{"rendered":"<div style=\"font-size:1.13em; line-height:1.65em; text-align:justify;\">\nUnser <a href=\"https:\/\/www.persofoto.de\/upload\/passfoto\">Passfoto-Generator<\/a> erlaubt seit 2009 das Anpassen von Fotos an die biometrische Schablone und das Zuschneiden auf das korrekte Passfoto-Format.<\/p>\n<p>Neben Passfotos lassen sich auch <a href=\"https:\/\/www.persofoto.de\/upload\/visumfoto\">Visum-Fotos<\/a>, <a href=\"https:\/\/www.persofoto.de\/upload\/bewerbungsfoto\">Bewerbungsfotos<\/a> und Fotos in <a href=\"https:\/\/www.persofoto.de\/passbildgroesse\">Spezialformaten<\/a> zuschneiden.<\/p>\n<p><a href=\"https:\/\/www.persofoto.de\/upload\/passbild\"><img class=\"wp-image-2182 alignright\" src=\"https:\/\/www.persofoto.de\/lexikon\/wp-content\/uploads\/2009\/09\/passfoto-generator-de.png\" alt=\"Passfoto-Generator\" width=\"361\" height=\"272\" srcset=\"https:\/\/www.persofoto.de\/lexikon\/wp-content\/uploads\/2009\/09\/passfoto-generator-de.png 593w, https:\/\/www.persofoto.de\/lexikon\/wp-content\/uploads\/2009\/09\/passfoto-generator-de-250x188.png 250w, https:\/\/www.persofoto.de\/lexikon\/wp-content\/uploads\/2009\/09\/passfoto-generator-de-120x90.png 120w\" sizes=\"(max-width: 361px) 100vw, 361px\" \/><\/a><\/p>\n<p>Wir haben den Passfoto-Generator\u00a0\u00fcber die Jahre stetig weiterentwickelt. Mittlerweile stehen verschiedene Versionen zur Verf\u00fcgung. Neben einer auf Adobe Flash basierenden Version, k\u00f6nnen Bilder seit 2014 auch mit einer auf HTML5 basierenden Version des Passfoto-Generators angepasst werden. Sind die Bedingungen des lokalen Rechners sehr eingeschr\u00e4nkt und veraltet, k\u00f6nnen Bilder auch \u00fcber einen einfachen Datei-Upload hochgeladen werden.<\/p>\n<p>Der Ablauf ist immer gleich: Das Ausgangsfoto\u00a0kann zun\u00e4chst \u00fcber einen Datei-Dialog ausgew\u00e4hlt werden. Es wird dann lokal in den Speicher des Browsers geladen und kann an die biometrische Schablone angepasst werden. Ist das Bild ausgerichtet, kann es hochgeladen werden. Auf unseren Servern wird das Bild dann verarbeitet und zugeschnitten. Die angepasste Version kann im Anschluss einfach kostenlos heruntergeladen werden.<\/p>\n<p>Die folgende Grafik zeigt den gesamten Ablauf:<\/p>\n<p><img width=\"374\" height=\"276\" class=\"aligncenter size-full wp-image-2426 img-responsive\" src=\"https:\/\/www.persofoto.de\/lexikon\/wp-content\/uploads\/2015\/09\/passfoto-generator-ablauf.gif\" alt=\"passfoto-generator-ablauf\" \/>\n<\/div>\n","protected":false},"excerpt":{"rendered":"Unser Passfoto-Generator erlaubt seit 2009 das Anpassen von Fotos an die biometrische Schablone und das Zuschneiden auf das korrekte Passfoto-Format. Neben Passfotos lassen sich auch Visum-Fotos, Bewerbungsfotos und Fotos in Spezialformaten zuschneiden. Wir haben den Passfoto-Generator\u00a0\u00fcber die Jahre stetig weiterentwickelt. Mittlerweile stehen verschiedene Versionen zur Verf\u00fcgung. Neben einer auf Adobe Flash basierenden Version, k\u00f6nnen Bilder&#8230; <a class=\"view-article\" href=\"https:\/\/www.persofoto.de\/lexikon\/passfoto-generator\/\">Anzeigen<\/a>","protected":false},"author":1,"featured_media":0,"parent":0,"menu_order":0,"comment_status":"closed","ping_status":"closed","template":"","meta":[],"_links":{"self":[{"href":"https:\/\/www.persofoto.de\/lexikon\/wp-json\/wp\/v2\/pages\/2425"}],"collection":[{"href":"https:\/\/www.persofoto.de\/lexikon\/wp-json\/wp\/v2\/pages"}],"about":[{"href":"https:\/\/www.persofoto.de\/lexikon\/wp-json\/wp\/v2\/types\/page"}],"author":[{"embeddable":true,"href":"https:\/\/www.persofoto.de\/lexikon\/wp-json\/wp\/v2\/users\/1"}],"replies":[{"embeddable":true,"href":"https:\/\/www.persofoto.de\/lexikon\/wp-json\/wp\/v2\/comments?post=2425"}],"version-history":[{"count":4,"href":"https:\/\/www.persofoto.de\/lexikon\/wp-json\/wp\/v2\/pages\/2425\/revisions"}],"predecessor-version":[{"id":2900,"href":"https:\/\/www.persofoto.de\/lexikon\/wp-json\/wp\/v2\/pages\/2425\/revisions\/2900"}],"wp:attachment":[{"href":"https:\/\/www.persofoto.de\/lexikon\/wp-json\/wp\/v2\/media?parent=2425"}],"curies":[{"name":"wp","href":"https:\/\/api.w.org\/{rel}","templated":true}]}}