{"id":2354,"date":"2015-09-15T13:54:22","date_gmt":"2015-09-15T11:54:22","guid":{"rendered":"https:\/\/www.persofoto.de\/lexikon\/?page_id=2354"},"modified":"2016-10-19T21:46:48","modified_gmt":"2016-10-19T19:46:48","slug":"indonesien","status":"publish","type":"page","link":"https:\/\/www.persofoto.de\/lexikon\/visum\/indonesien\/","title":{"rendered":"Indonesien \ud83c\uddee\ud83c\udde9"},"content":{"rendered":"<p>F\u00fcr die Einreise in Indonesien \ud83c\uddee\ud83c\udde9\u00a0ben\u00f6tigen deutsche Staatsb\u00fcrger ein Visum. Der zugeh\u00f6rige <a href=\"https:\/\/www.persofoto.de\/lexikon\/wp-content\/uploads\/2015\/09\/visum-antrag-indonesien.pdf\" target=\"_blank\">Visum-Antrag<\/a> der Botschaft der Republik Indonesien kann <a href=\"https:\/\/www.persofoto.de\/lexikon\/wp-content\/uploads\/2015\/09\/visum-antrag-indonesien.pdf\" target=\"_blank\">hier<\/a> heruntergeladen werden.<\/p>\n<p>F\u00fcr den Antrag werden zwei farbige Passfotos im Standard-Format 35 \u00d7 45 mm ben\u00f6tigt. Die entsprechenden Fotos k\u00f6nnen im <a href=\"https:\/\/www.persofoto.de\/upload\/passbild\/html5\/495\" target=\"_blank\">Passfoto-Generator f\u00fcr Indonesien<\/a> angepasst werden.<\/p>\n","protected":false},"excerpt":{"rendered":"F\u00fcr die Einreise in Indonesien \ud83c\uddee\ud83c\udde9\u00a0ben\u00f6tigen deutsche Staatsb\u00fcrger ein Visum. Der zugeh\u00f6rige Visum-Antrag der Botschaft der Republik Indonesien kann hier heruntergeladen werden. F\u00fcr den Antrag werden zwei farbige Passfotos im Standard-Format 35 \u00d7 45 mm ben\u00f6tigt. Die entsprechenden Fotos k\u00f6nnen im Passfoto-Generator f\u00fcr Indonesien angepasst werden.","protected":false},"author":1,"featured_media":0,"parent":1483,"menu_order":0,"comment_status":"closed","ping_status":"closed","template":"","meta":[],"_links":{"self":[{"href":"https:\/\/www.persofoto.de\/lexikon\/wp-json\/wp\/v2\/pages\/2354"}],"collection":[{"href":"https:\/\/www.persofoto.de\/lexikon\/wp-json\/wp\/v2\/pages"}],"about":[{"href":"https:\/\/www.persofoto.de\/lexikon\/wp-json\/wp\/v2\/types\/page"}],"author":[{"embeddable":true,"href":"https:\/\/www.persofoto.de\/lexikon\/wp-json\/wp\/v2\/users\/1"}],"replies":[{"embeddable":true,"href":"https:\/\/www.persofoto.de\/lexikon\/wp-json\/wp\/v2\/comments?post=2354"}],"version-history":[{"count":4,"href":"https:\/\/www.persofoto.de\/lexikon\/wp-json\/wp\/v2\/pages\/2354\/revisions"}],"predecessor-version":[{"id":2772,"href":"https:\/\/www.persofoto.de\/lexikon\/wp-json\/wp\/v2\/pages\/2354\/revisions\/2772"}],"up":[{"embeddable":true,"href":"https:\/\/www.persofoto.de\/lexikon\/wp-json\/wp\/v2\/pages\/1483"}],"wp:attachment":[{"href":"https:\/\/www.persofoto.de\/lexikon\/wp-json\/wp\/v2\/media?parent=2354"}],"curies":[{"name":"wp","href":"https:\/\/api.w.org\/{rel}","templated":true}]}}