{"id":2204,"date":"2015-09-14T17:57:08","date_gmt":"2015-09-14T15:57:08","guid":{"rendered":"https:\/\/www.persofoto.de\/lexikon\/?page_id=2204"},"modified":"2015-11-03T11:07:56","modified_gmt":"2015-11-03T10:07:56","slug":"lexikon-a-z","status":"publish","type":"page","link":"https:\/\/www.persofoto.de\/lexikon\/lexikon-a-z\/","title":{"rendered":"Lexikon A-Z"},"content":{"rendered":"<h1>Hinweise<\/h1>\n<p>Wir recherchieren alle Informationen mit gr\u00f6\u00dfter Sorgfalt. Dennoch k\u00f6nnen wir Dir nicht garantieren, dass alle Informationen immer aktuell sind. Daher sind alle Angaben ohne Gew\u00e4hr.<\/p>\n","protected":false},"excerpt":{"rendered":"Hinweise Wir recherchieren alle Informationen mit gr\u00f6\u00dfter Sorgfalt. Dennoch k\u00f6nnen wir Dir nicht garantieren, dass alle Informationen immer aktuell sind. Daher sind alle Angaben ohne Gew\u00e4hr.","protected":false},"author":1,"featured_media":0,"parent":0,"menu_order":99,"comment_status":"closed","ping_status":"closed","template":"lexikon-a-z_template.php","meta":[],"_links":{"self":[{"href":"https:\/\/www.persofoto.de\/lexikon\/wp-json\/wp\/v2\/pages\/2204"}],"collection":[{"href":"https:\/\/www.persofoto.de\/lexikon\/wp-json\/wp\/v2\/pages"}],"about":[{"href":"https:\/\/www.persofoto.de\/lexikon\/wp-json\/wp\/v2\/types\/page"}],"author":[{"embeddable":true,"href":"https:\/\/www.persofoto.de\/lexikon\/wp-json\/wp\/v2\/users\/1"}],"replies":[{"embeddable":true,"href":"https:\/\/www.persofoto.de\/lexikon\/wp-json\/wp\/v2\/comments?post=2204"}],"version-history":[{"count":1,"href":"https:\/\/www.persofoto.de\/lexikon\/wp-json\/wp\/v2\/pages\/2204\/revisions"}],"predecessor-version":[{"id":2205,"href":"https:\/\/www.persofoto.de\/lexikon\/wp-json\/wp\/v2\/pages\/2204\/revisions\/2205"}],"wp:attachment":[{"href":"https:\/\/www.persofoto.de\/lexikon\/wp-json\/wp\/v2\/media?parent=2204"}],"curies":[{"name":"wp","href":"https:\/\/api.w.org\/{rel}","templated":true}]}}