{"id":211,"date":"2009-10-13T23:09:24","date_gmt":"2009-10-13T21:09:24","guid":{"rendered":"http:\/\/www.persofoto.de\/?page_id=211"},"modified":"2020-01-17T23:18:37","modified_gmt":"2020-01-17T22:18:37","slug":"vorlaufiger-reisepass","status":"publish","type":"page","link":"https:\/\/www.persofoto.de\/lexikon\/reisepass\/vorlaufiger-reisepass\/","title":{"rendered":"Vorl\u00e4ufiger Reisepass"},"content":{"rendered":"<p>Ein vorl\u00e4ufiger Reisepass kann jederzeit beim zust\u00e4ndigen Amt bzw. B\u00fcrgerb\u00fcro beantragt und <strong>sofort<\/strong> mitgenommen werden. Er ist n\u00f6tig, wenn es ganz schnell gehen muss.<\/p>\n<h2>G\u00fcltigkeit und Kosten<\/h2>\n<p>Ein vorl\u00e4ufiger Reisepass hat maximal <strong>ein Jahr G\u00fcltigkeit<\/strong> und wird gegen eine <strong>Geb\u00fchr von 26 Euro<\/strong> ausgestellt. Es gibt jedoch ein Manko: Er wird nicht in allen L\u00e4ndern akzeptiert. Die Einreise in die USA ist mit einem vorl\u00e4ufigen Reisepass ohne Visum beispielsweise nicht mehr m\u00f6glich.<\/p>\n<p>Ob er vom Zielland akzeptiert wird, kann in der <a href=\"https:\/\/www.persofoto.de\/lexikon\/einreisebestimmungen\/\">\u00dcbersicht der Einreisebestimmungen<\/a> gepr\u00fcft werden.<\/p>\n<h2>Bedingungen<\/h2>\n<p>Die Beantragung eines vorl\u00e4ufigen Reisepasses wird nur gestattet, wenn selbst ein&nbsp;<a href=\"https:\/\/www.persofoto.de\/lexikon\/reisepass\/express-reisepass\/\">Express-Reisepass<\/a> nicht rechtzeitig vor Reiseantritt erstellt werden k\u00f6nnte. Um dies nachzuweisen werden bspw. konkrete Reise- \/ Buchungsdaten ben\u00f6tigt.<\/p>\n<div class=\"table-responsive\" style=\"margin-bottom: 2em;\">\n<table class=\"list\">\n<tbody>\n<tr>\n<th>G\u00fcltigkeit<\/th>\n<td>1 Jahr<\/td>\n<\/tr>\n<tr>\n<th>Ausstellungsdauer<\/th>\n<td>sofort<\/td>\n<\/tr>\n<tr>\n<th>Geb\u00fchr<\/th>\n<td>26&nbsp;Euro<\/td>\n<\/tr>\n<tr>\n<th>Bedingung<\/th>\n<td>Kann nur beantragt werden, wenn die Ausstellung eines&nbsp;Express-Reisepasses (72 h) zu langsam w\u00e4re und verbindliche Reise-Daten vorliegen.<\/td>\n<\/tr>\n<\/tbody>\n<\/table>\n<\/div>\n<p>Weitere Informationen sind auch beim <a title=\"Die Seite des Auswertigen Amts in einem neuen Tab \u00f6ffnen\" href=\"https:\/\/www.auswaertiges-amt.de\/\" target=\"_blank\" rel=\"noopener noreferrer\">Ausw\u00e4rtigen Amt<\/a> einsehbar.<\/p>\n<div id=\"attachment_212\" style=\"width: 224px\" class=\"wp-caption alignnone\"><img aria-describedby=\"caption-attachment-212\" class=\"wp-image-212 size-medium\" title=\"vorl\u00e4ufiger Reisepass\" src=\"https:\/\/www.persofoto.de\/lexikon\/wp-content\/uploads\/2009\/10\/vorl\u00e4ufiger-Reisepass-250x350.jpg\" alt=\"Bild von einem vorl\u00e4ufigen Reisepass\" width=\"214\" height=\"300\" srcset=\"https:\/\/www.persofoto.de\/lexikon\/wp-content\/uploads\/2009\/10\/vorl\u00e4ufiger-Reisepass-250x350.jpg 250w, https:\/\/www.persofoto.de\/lexikon\/wp-content\/uploads\/2009\/10\/vorl\u00e4ufiger-Reisepass-120x168.jpg 120w, https:\/\/www.persofoto.de\/lexikon\/wp-content\/uploads\/2009\/10\/vorl\u00e4ufiger-Reisepass.jpg 254w\" sizes=\"(max-width: 214px) 100vw, 214px\" \/><p id=\"caption-attachment-212\" class=\"wp-caption-text\">Abbildung eines vorl\u00e4ufigen Reisepasses<\/p><\/div>\n","protected":false},"excerpt":{"rendered":"Ein vorl\u00e4ufiger Reisepass kann jederzeit beim zust\u00e4ndigen Amt bzw. B\u00fcrgerb\u00fcro beantragt und sofort mitgenommen werden. Er ist n\u00f6tig, wenn es ganz schnell gehen muss. G\u00fcltigkeit und Kosten Ein vorl\u00e4ufiger Reisepass hat maximal ein Jahr G\u00fcltigkeit und wird gegen eine Geb\u00fchr von 26 Euro ausgestellt. Es gibt jedoch ein Manko: Er wird nicht in allen L\u00e4ndern&#8230; <a class=\"view-article\" href=\"https:\/\/www.persofoto.de\/lexikon\/reisepass\/vorlaufiger-reisepass\/\">Anzeigen<\/a>","protected":false},"author":1,"featured_media":0,"parent":37,"menu_order":0,"comment_status":"open","ping_status":"open","template":"","meta":[],"_links":{"self":[{"href":"https:\/\/www.persofoto.de\/lexikon\/wp-json\/wp\/v2\/pages\/211"}],"collection":[{"href":"https:\/\/www.persofoto.de\/lexikon\/wp-json\/wp\/v2\/pages"}],"about":[{"href":"https:\/\/www.persofoto.de\/lexikon\/wp-json\/wp\/v2\/types\/page"}],"author":[{"embeddable":true,"href":"https:\/\/www.persofoto.de\/lexikon\/wp-json\/wp\/v2\/users\/1"}],"replies":[{"embeddable":true,"href":"https:\/\/www.persofoto.de\/lexikon\/wp-json\/wp\/v2\/comments?post=211"}],"version-history":[{"count":13,"href":"https:\/\/www.persofoto.de\/lexikon\/wp-json\/wp\/v2\/pages\/211\/revisions"}],"predecessor-version":[{"id":3619,"href":"https:\/\/www.persofoto.de\/lexikon\/wp-json\/wp\/v2\/pages\/211\/revisions\/3619"}],"up":[{"embeddable":true,"href":"https:\/\/www.persofoto.de\/lexikon\/wp-json\/wp\/v2\/pages\/37"}],"wp:attachment":[{"href":"https:\/\/www.persofoto.de\/lexikon\/wp-json\/wp\/v2\/media?parent=211"}],"curies":[{"name":"wp","href":"https:\/\/api.w.org\/{rel}","templated":true}]}}