{"id":192,"date":"2009-10-06T19:31:37","date_gmt":"2009-10-06T17:31:37","guid":{"rendered":"http:\/\/www.persofoto.de\/?page_id=192"},"modified":"2018-07-05T14:45:06","modified_gmt":"2018-07-05T12:45:06","slug":"groesse","status":"publish","type":"page","link":"https:\/\/www.persofoto.de\/lexikon\/personalausweis\/groesse\/","title":{"rendered":"Gr\u00f6\u00dfe"},"content":{"rendered":"<p>Der alte Personalausweis, der bis 1. November 2010 ausgestellt wurde, hatte eine Gr\u00f6\u00dfe von ca. 105 mm \u00d7 74 mm. Bei ihm handelte es sich um ein einlaminiertes einfaches Papier. Er war deshalb sehr d\u00fcnn und biegsam.<\/p>\n<p>Der neue Personalausweis, der seit\u00a02010 bis heute ausgestellt wird, hat die Form einer Scheckkarte und eine exakte Gr\u00f6\u00dfe von 85,60 mm \u00d7 53,98 mm. Er ist wie &#8211; andere Kreditkarten auch &#8211; kaum\u00a0biegbar und kann daher leicht brechen.<\/p>\n<div class=\"table-responsive\">\n<table class=\"list\">\n<tbody>\n<tr>\n<th><\/th>\n<th>Alter Personalausweis<\/th>\n<th>Neuer Personalausweis<\/th>\n<\/tr>\n<tr class=\"odge\">\n<td>Bild<\/td>\n<td><img class=\"wp-image-209 size-medium aligncenter\" title=\"Abbildung des aktuell g\u00fcltigen Personalausweises\" src=\"https:\/\/www.persofoto.de\/lexikon\/wp-content\/uploads\/2009\/10\/personalausweis-250x176.jpg\" alt=\"\" width=\"250\" height=\"176\" srcset=\"https:\/\/www.persofoto.de\/lexikon\/wp-content\/uploads\/2009\/10\/personalausweis-250x176.jpg 250w, https:\/\/www.persofoto.de\/lexikon\/wp-content\/uploads\/2009\/10\/personalausweis-120x84.jpg 120w, https:\/\/www.persofoto.de\/lexikon\/wp-content\/uploads\/2009\/10\/personalausweis.jpg 400w\" sizes=\"(max-width: 250px) 100vw, 250px\" \/><\/td>\n<td><img class=\"wp-image-987 size-medium aligncenter\" title=\"Abbildung des aktuell g\u00fcltigen Personalausweises\" src=\"https:\/\/www.persofoto.de\/lexikon\/wp-content\/uploads\/2011\/05\/neuer_personalausweis_muster-250x158.jpg\" alt=\"\" width=\"250\" height=\"158\" srcset=\"https:\/\/www.persofoto.de\/lexikon\/wp-content\/uploads\/2011\/05\/neuer_personalausweis_muster-250x158.jpg 250w, https:\/\/www.persofoto.de\/lexikon\/wp-content\/uploads\/2011\/05\/neuer_personalausweis_muster-700x444.jpg 700w, https:\/\/www.persofoto.de\/lexikon\/wp-content\/uploads\/2011\/05\/neuer_personalausweis_muster-120x76.jpg 120w, https:\/\/www.persofoto.de\/lexikon\/wp-content\/uploads\/2011\/05\/neuer_personalausweis_muster.jpg 1019w\" sizes=\"(max-width: 250px) 100vw, 250px\" \/><\/td>\n<\/tr>\n<tr>\n<td>Gr\u00f6\u00dfe<\/td>\n<td>10,5 cm \u00d7 7,4 cm<\/td>\n<td>Scheckkarten-Format<br \/>\n(8,6 cm \u00d7 5,4 cm)<\/td>\n<\/tr>\n<\/tbody>\n<\/table>\n<\/div>\n","protected":false},"excerpt":{"rendered":"Der alte Personalausweis, der bis 1. November 2010 ausgestellt wurde, hatte eine Gr\u00f6\u00dfe von ca. 105 mm \u00d7 74 mm. Bei ihm handelte es sich um ein einlaminiertes einfaches Papier. Er war deshalb sehr d\u00fcnn und biegsam. Der neue Personalausweis, der seit\u00a02010 bis heute ausgestellt wird, hat die Form einer Scheckkarte und eine exakte Gr\u00f6\u00dfe&#8230; <a class=\"view-article\" href=\"https:\/\/www.persofoto.de\/lexikon\/personalausweis\/groesse\/\">Anzeigen<\/a>","protected":false},"author":1,"featured_media":0,"parent":33,"menu_order":0,"comment_status":"open","ping_status":"open","template":"","meta":[],"_links":{"self":[{"href":"https:\/\/www.persofoto.de\/lexikon\/wp-json\/wp\/v2\/pages\/192"}],"collection":[{"href":"https:\/\/www.persofoto.de\/lexikon\/wp-json\/wp\/v2\/pages"}],"about":[{"href":"https:\/\/www.persofoto.de\/lexikon\/wp-json\/wp\/v2\/types\/page"}],"author":[{"embeddable":true,"href":"https:\/\/www.persofoto.de\/lexikon\/wp-json\/wp\/v2\/users\/1"}],"replies":[{"embeddable":true,"href":"https:\/\/www.persofoto.de\/lexikon\/wp-json\/wp\/v2\/comments?post=192"}],"version-history":[{"count":5,"href":"https:\/\/www.persofoto.de\/lexikon\/wp-json\/wp\/v2\/pages\/192\/revisions"}],"predecessor-version":[{"id":3685,"href":"https:\/\/www.persofoto.de\/lexikon\/wp-json\/wp\/v2\/pages\/192\/revisions\/3685"}],"up":[{"embeddable":true,"href":"https:\/\/www.persofoto.de\/lexikon\/wp-json\/wp\/v2\/pages\/33"}],"wp:attachment":[{"href":"https:\/\/www.persofoto.de\/lexikon\/wp-json\/wp\/v2\/media?parent=192"}],"curies":[{"name":"wp","href":"https:\/\/api.w.org\/{rel}","templated":true}]}}