{"id":1869,"date":"2012-11-17T03:13:36","date_gmt":"2012-11-17T01:13:36","guid":{"rendered":"http:\/\/www.persofoto.de\/?page_id=1869"},"modified":"2020-01-17T22:42:49","modified_gmt":"2020-01-17T21:42:49","slug":"zuschneiden","status":"publish","type":"page","link":"https:\/\/www.persofoto.de\/lexikon\/passbild\/zuschneiden\/","title":{"rendered":"zuschneiden"},"content":{"rendered":"<h2>Bilder auf Passbildgr\u00f6\u00dfe zuschneiden<\/h2>\n<p>Alle Ausweisdokumente in Deutschland ben\u00f6tigen Passfotos in der Gr\u00f6\u00dfe 35\u00d745 mm. Ein Passfoto f\u00fcr Deutschland kannst Du hier zuschneiden:<\/p>\n<p><a class=\"flat-button orange-flat-button\" title=\"Jetzt ein Bild auf deutsche Passbildgr\u00f6\u00dfe zuschneiden\" href=\"https:\/\/www.persofoto.de\/upload\/passbild\">Passfoto f\u00fcr Deutschland zuschneiden \u00bb<\/a><\/p>\n<p>Im Ausland &#8211; insbesondere au\u00dferhalb der EU &#8211; kommen h\u00e4ufig andere Formate zum Einsatz. Teilweise unterscheiden sich die geforderten Gr\u00f6\u00dfen sogar zwischen einzelnen Ausweistypen des gleichen Landes.<\/p>\n<p>Auf welche Passbildgr\u00f6\u00dfe Dein Foto zugeschnitten werden muss, kannst Du im <a href=\"https:\/\/www.persofoto.de\/passbildgroesse\" title=\"Landesabh\u00e4ngige Passbildgr\u00f6\u00dfe bestimmen\">PersoFoto Sizer<\/a> bestimmen. Einfach Land ausw\u00e4hlen, Verwendungszweck w\u00e4hlen, und Du bekommst Angaben zur ben\u00f6tigten Zuschnitt-Gr\u00f6\u00dfe und einen Link direkt zum passenden Passfoto-Generator.<\/p>\n<div id=\"attachment_1269\" style=\"width: 260px\" class=\"wp-caption alignleft\"><a href=\"https:\/\/www.persofoto.de\/upload\/passbild\"><img aria-describedby=\"caption-attachment-1269\" class=\"wp-image-1269 size-full\" title=\"Passfoto-Generator\" src=\"https:\/\/www.persofoto.de\/lexikon\/wp-content\/uploads\/2011\/07\/passfoto-generator-screenshot.jpg\" alt=\"Der Passfoto-Generator schneidet Bilder ins korrekte Passfoto-Format.\" width=\"250\" height=\"248\" srcset=\"https:\/\/www.persofoto.de\/lexikon\/wp-content\/uploads\/2011\/07\/passfoto-generator-screenshot.jpg 250w, https:\/\/www.persofoto.de\/lexikon\/wp-content\/uploads\/2011\/07\/passfoto-generator-screenshot-150x150.jpg 150w, https:\/\/www.persofoto.de\/lexikon\/wp-content\/uploads\/2011\/07\/passfoto-generator-screenshot-120x119.jpg 120w\" sizes=\"(max-width: 250px) 100vw, 250px\" \/><\/a><p id=\"caption-attachment-1269\" class=\"wp-caption-text\">Der Passfoto-Generator schneidet Bilder ins korrekte Passfoto-Format.<\/p><\/div>\n<p>In unserem <a href=\"https:\/\/www.persofoto.de\/upload\/passbild\">Passfoto-Generator<\/a> kannst Du Deine Fotos <strong>kostenlos auf das richtige Seitenverh\u00e4ltnis zuschneiden<\/strong> &#8211; und wenn n\u00f6tig an die biometrische Schablone anpassen.<\/p>\n<p>Mit einem guten Foto-Drucker kannst Du Dein <a title=\"Passfoto selber ausdrucken\" href=\"https:\/\/www.persofoto.de\/lexikon\/passbild\/passfoto-selber-ausdrucken\/\">Passfoto einfach selbst ausdrucken<\/a>. Alternativ kannst Du Dein Set mit 6 Passfotos bei uns bestellen. Dann bieten wir Dir <a title=\"Unsere Passbilder\" href=\"https:\/\/www.persofoto.de\/#tauglichkeits-ueberpruefung\">perfekte Passfotos<\/a>: Wir pr\u00fcfen Dein Foto auf Tauglichkeit und bearbeiten es professionell, damit es auf jeden Fall von den Beh\u00f6rden akzeptiert wird &#8211; <a title=\"Unsere Akzeptanz-Garantie\" href=\"https:\/\/www.persofoto.de\/#tauglichkeits-ueberpruefung\">garantiert<\/a>!<\/p>\n","protected":false},"excerpt":{"rendered":"Bilder auf Passbildgr\u00f6\u00dfe zuschneiden Alle Ausweisdokumente in Deutschland ben\u00f6tigen Passfotos in der Gr\u00f6\u00dfe 35\u00d745 mm. Ein Passfoto f\u00fcr Deutschland kannst Du hier zuschneiden: Passfoto f\u00fcr Deutschland zuschneiden \u00bb Im Ausland &#8211; insbesondere au\u00dferhalb der EU &#8211; kommen h\u00e4ufig andere Formate zum Einsatz. Teilweise unterscheiden sich die geforderten Gr\u00f6\u00dfen sogar zwischen einzelnen Ausweistypen des gleichen Landes&#8230;. <a class=\"view-article\" href=\"https:\/\/www.persofoto.de\/lexikon\/passbild\/zuschneiden\/\">Anzeigen<\/a>","protected":false},"author":1,"featured_media":0,"parent":142,"menu_order":0,"comment_status":"open","ping_status":"open","template":"","meta":[],"_links":{"self":[{"href":"https:\/\/www.persofoto.de\/lexikon\/wp-json\/wp\/v2\/pages\/1869"}],"collection":[{"href":"https:\/\/www.persofoto.de\/lexikon\/wp-json\/wp\/v2\/pages"}],"about":[{"href":"https:\/\/www.persofoto.de\/lexikon\/wp-json\/wp\/v2\/types\/page"}],"author":[{"embeddable":true,"href":"https:\/\/www.persofoto.de\/lexikon\/wp-json\/wp\/v2\/users\/1"}],"replies":[{"embeddable":true,"href":"https:\/\/www.persofoto.de\/lexikon\/wp-json\/wp\/v2\/comments?post=1869"}],"version-history":[{"count":6,"href":"https:\/\/www.persofoto.de\/lexikon\/wp-json\/wp\/v2\/pages\/1869\/revisions"}],"predecessor-version":[{"id":3613,"href":"https:\/\/www.persofoto.de\/lexikon\/wp-json\/wp\/v2\/pages\/1869\/revisions\/3613"}],"up":[{"embeddable":true,"href":"https:\/\/www.persofoto.de\/lexikon\/wp-json\/wp\/v2\/pages\/142"}],"wp:attachment":[{"href":"https:\/\/www.persofoto.de\/lexikon\/wp-json\/wp\/v2\/media?parent=1869"}],"curies":[{"name":"wp","href":"https:\/\/api.w.org\/{rel}","templated":true}]}}