{"id":1863,"date":"2012-11-17T02:58:08","date_gmt":"2012-11-17T00:58:08","guid":{"rendered":"http:\/\/www.persofoto.de\/?page_id=1863"},"modified":"2021-10-08T00:08:38","modified_gmt":"2021-10-07T22:08:38","slug":"kosten","status":"publish","type":"page","link":"https:\/\/www.persofoto.de\/lexikon\/kinderreisepass\/kosten\/","title":{"rendered":"Kosten"},"content":{"rendered":"<p>Der Kinderreisepass ist der g\u00fcnstigste Ausweis f\u00fcr Babys und Kleinkinder. Er <strong>kostet 13 Euro<\/strong> und wird sofort ausgestellt, wenn alle erforderlichen Unterlagen vorgelegt werden.<\/p>\n<figure class=\"wp-block-audio\"><audio controls=\"\" src=\"https:\/\/www.persofoto.de\/lexikon\/wp-content\/uploads\/2021\/10\/persofoto-kinderreisepass-kosten.mp3\"><\/audio><figcaption style=\"font-size:.9em; text-align:center; margin-bottom:1.7em;\">H\u00f6re Dir alles zu den Kosten eines Kinderreisepasses im Audio-Artikel an.<\/figcaption><\/figure>\n<h2>Kosten\u00fcbersicht Kinderreisepass<\/h2>\n<table class=\"orange\">\n<thead>\n<tr>\n<th>Aktion<\/th>\n<th>Geb\u00fchr<\/th>\n<\/tr>\n<\/thead>\n<tbody>\n<tr>\n<td>Ausstellung<\/td>\n<td>13 Euro<\/td>\n<\/tr>\n<tr>\n<td>Verl\u00e4ngerung<\/td>\n<td>6 Euro<\/td>\n<\/tr>\n<\/tbody>\n<\/table>\n<h2>Alternative \u201erichtiger\u201c Reisepass<\/h2>\n<p>Auch ein \u201erichtiger\u201c Reisepass kann schon f\u00fcr Babys und Kleinkinder beantragt und ausgestellt werden. Der g\u00fcnstigere Kinderreisepass ist n\u00e4mlich nicht maschinenlesbar und wird daher nicht von allen L\u00e4ndern akzeptiert. F\u00fcr welche L\u00e4nder er ausreicht erf\u00e4hrst Du unter \u201e<a href=\"https:\/\/www.persofoto.de\/lexikon\/einreisebestimmungen\/\">Einreisebestimmungen<\/a>\u201c. Die Kosten des Reisepasses sind leider fast 3 Mal so hoch, wie die des Kinderreisepasses. Ein <a href=\"https:\/\/www.persofoto.de\/lexikon\/reisepass\/kosten\/\">Reisepass kostet<\/a> ab 37,50 Euro.<\/p>\n<table class=\"orange\">\n<thead>\n<tr>\n<th>Aktion<\/th>\n<th>Geb\u00fchr<\/th>\n<\/tr>\n<\/thead>\n<tbody>\n<tr>\n<td>Ausstellung<\/td>\n<td>37,50 Euro &#8211; 91,50 Euro<\/td>\n<\/tr>\n<tr>\n<td>Verl\u00e4ngerung<\/td>\n<td>nicht m\u00f6glich<\/td>\n<\/tr>\n<\/tbody>\n<\/table>\n","protected":false},"excerpt":{"rendered":"Der Kinderreisepass ist der g\u00fcnstigste Ausweis f\u00fcr Babys und Kleinkinder. Er kostet 13 Euro und wird sofort ausgestellt, wenn alle erforderlichen Unterlagen vorgelegt werden. H\u00f6re Dir alles zu den Kosten eines Kinderreisepasses im Audio-Artikel an. Kosten\u00fcbersicht Kinderreisepass Aktion Geb\u00fchr Ausstellung 13 Euro Verl\u00e4ngerung 6 Euro Alternative \u201erichtiger\u201c Reisepass Auch ein \u201erichtiger\u201c Reisepass kann schon f\u00fcr&#8230; <a class=\"view-article\" href=\"https:\/\/www.persofoto.de\/lexikon\/kinderreisepass\/kosten\/\">Anzeigen<\/a>","protected":false},"author":1,"featured_media":0,"parent":1861,"menu_order":0,"comment_status":"open","ping_status":"open","template":"","meta":[],"_links":{"self":[{"href":"https:\/\/www.persofoto.de\/lexikon\/wp-json\/wp\/v2\/pages\/1863"}],"collection":[{"href":"https:\/\/www.persofoto.de\/lexikon\/wp-json\/wp\/v2\/pages"}],"about":[{"href":"https:\/\/www.persofoto.de\/lexikon\/wp-json\/wp\/v2\/types\/page"}],"author":[{"embeddable":true,"href":"https:\/\/www.persofoto.de\/lexikon\/wp-json\/wp\/v2\/users\/1"}],"replies":[{"embeddable":true,"href":"https:\/\/www.persofoto.de\/lexikon\/wp-json\/wp\/v2\/comments?post=1863"}],"version-history":[{"count":8,"href":"https:\/\/www.persofoto.de\/lexikon\/wp-json\/wp\/v2\/pages\/1863\/revisions"}],"predecessor-version":[{"id":3742,"href":"https:\/\/www.persofoto.de\/lexikon\/wp-json\/wp\/v2\/pages\/1863\/revisions\/3742"}],"up":[{"embeddable":true,"href":"https:\/\/www.persofoto.de\/lexikon\/wp-json\/wp\/v2\/pages\/1861"}],"wp:attachment":[{"href":"https:\/\/www.persofoto.de\/lexikon\/wp-json\/wp\/v2\/media?parent=1863"}],"curies":[{"name":"wp","href":"https:\/\/api.w.org\/{rel}","templated":true}]}}