{"id":1752,"date":"2012-11-06T22:17:35","date_gmt":"2012-11-06T20:17:35","guid":{"rendered":"http:\/\/www.persofoto.de\/?page_id=1752"},"modified":"2020-01-17T23:22:30","modified_gmt":"2020-01-17T22:22:30","slug":"foto","status":"publish","type":"page","link":"https:\/\/www.persofoto.de\/lexikon\/personalausweis\/foto\/","title":{"rendered":"Foto"},"content":{"rendered":"<p>Den neuen Personalausweis ziert seit 2010 ein <a title=\"Passbild\" href=\"https:\/\/www.persofoto.de\/lexikon\/passbild\/\">biometrisches Passfoto<\/a>. Die <a title=\"Wie mache ich ein biometrisches Passfoto?\" href=\"https:\/\/www.persofoto.de\/lexikon\/reisepass\/wie-mache-ich-ein-biometrisches-passfoto\/\">biometrischen Bestimmungen<\/a> f\u00fcr Passfotos gelten in Deutschland mittlerweile f\u00fcr alle Ausweisdokumente &#8211; also neben dem Personalausweis auch f\u00fcr Reisepass und F\u00fchrerschein. Sie werden einheitlich von der Bundesdruckerei geregelt und orientieren sich am internationalen ICAO-Standard.<\/p>\n<p>Welche <a title=\"Gr\u00f6\u00dfe &amp; Format\" href=\"https:\/\/www.persofoto.de\/lexikon\/passbild\/groesse\/\">Gr\u00f6\u00dfe<\/a> ein biometrisches Passfoto hat, und was bei biometrischen Passfotos f\u00fcr den <a title=\"Personalausweis\" href=\"https:\/\/www.persofoto.de\/lexikon\/personalausweis\/\">Personalausweis<\/a> sonst zu beachten ist, erf\u00e4hrst Du im Lexikon unter <a title=\"Passbild\" href=\"https:\/\/www.persofoto.de\/lexikon\/passbild\/\">Passbild<\/a>.<\/p>\n","protected":false},"excerpt":{"rendered":"Den neuen Personalausweis ziert seit 2010 ein biometrisches Passfoto. Die biometrischen Bestimmungen f\u00fcr Passfotos gelten in Deutschland mittlerweile f\u00fcr alle Ausweisdokumente &#8211; also neben dem Personalausweis auch f\u00fcr Reisepass und F\u00fchrerschein. Sie werden einheitlich von der Bundesdruckerei geregelt und orientieren sich am internationalen ICAO-Standard. Welche Gr\u00f6\u00dfe ein biometrisches Passfoto hat, und was bei biometrischen Passfotos&#8230; <a class=\"view-article\" href=\"https:\/\/www.persofoto.de\/lexikon\/personalausweis\/foto\/\">Anzeigen<\/a>","protected":false},"author":1,"featured_media":0,"parent":33,"menu_order":0,"comment_status":"open","ping_status":"open","template":"","meta":[],"_links":{"self":[{"href":"https:\/\/www.persofoto.de\/lexikon\/wp-json\/wp\/v2\/pages\/1752"}],"collection":[{"href":"https:\/\/www.persofoto.de\/lexikon\/wp-json\/wp\/v2\/pages"}],"about":[{"href":"https:\/\/www.persofoto.de\/lexikon\/wp-json\/wp\/v2\/types\/page"}],"author":[{"embeddable":true,"href":"https:\/\/www.persofoto.de\/lexikon\/wp-json\/wp\/v2\/users\/1"}],"replies":[{"embeddable":true,"href":"https:\/\/www.persofoto.de\/lexikon\/wp-json\/wp\/v2\/comments?post=1752"}],"version-history":[{"count":4,"href":"https:\/\/www.persofoto.de\/lexikon\/wp-json\/wp\/v2\/pages\/1752\/revisions"}],"predecessor-version":[{"id":3623,"href":"https:\/\/www.persofoto.de\/lexikon\/wp-json\/wp\/v2\/pages\/1752\/revisions\/3623"}],"up":[{"embeddable":true,"href":"https:\/\/www.persofoto.de\/lexikon\/wp-json\/wp\/v2\/pages\/33"}],"wp:attachment":[{"href":"https:\/\/www.persofoto.de\/lexikon\/wp-json\/wp\/v2\/media?parent=1752"}],"curies":[{"name":"wp","href":"https:\/\/api.w.org\/{rel}","templated":true}]}}