{"id":1712,"date":"2012-11-04T18:57:56","date_gmt":"2012-11-04T16:57:56","guid":{"rendered":"http:\/\/www.persofoto.de\/?page_id=1712"},"modified":"2018-06-19T20:44:57","modified_gmt":"2018-06-19T18:44:57","slug":"biometrisches-passbild-selber-machen-anleitung","status":"publish","type":"page","link":"https:\/\/www.persofoto.de\/lexikon\/passbild\/biometrisches-passbild-selber-machen-anleitung\/","title":{"rendered":"Biometrisches Passbild selber machen [Videoanleitung] \ud83c\udfa5"},"content":{"rendered":"<nav class=\"chapter-toc\">\n<h2>Auf dieser Seite<\/h2>\n<ul>\n<li><a class=\"smooth\" href=\"#was-man-benoetigt\">Was man ben\u00f6tigt<\/a><\/li>\n<li><a class=\"smooth\" href=\"#vorbereitung\">Vorbereitung<\/a><\/li>\n<li><a class=\"smooth\" href=\"#das-foto-aufnehmen\">Das Foto aufnehmen<\/a><\/li>\n<li><a class=\"smooth\" href=\"#anpassen-an-die-biometrische-schablone\">Anpassen an die biometrische Schablone<\/a><\/li>\n<\/ul>\n<\/nav>\n<p>Es ist gar nicht so schwer ein biometrisches Passbild selbst zu machen. Hat man eine Digicam oder eine gute Smartphone-Kamera und eventuell noch eine Person zur Hilfe, ist der gr\u00f6\u00dfte Teil der Arbeit nach 3-4 Fotos und 5 Minuten meist getan.<\/p>\n<div class=\"tipp\">\n<h3 id=\"was-man-benoetigt\">Was man ben\u00f6tigt<\/h3>\n<ul>\n<li>eine <strong>Digitalkamera<\/strong> und einen Computer oder <strong>Laptop<\/strong><br \/>\n&#8211; oder &#8211;<\/li>\n<li>ein <strong>Smartphone<\/strong><\/li>\n<li>evtl. eine helfende Person, lange Arme oder einen Selbstausl\u00f6ser<\/li>\n<\/ul>\n<\/div>\n<div class=\"use-fitvids\">\n<iframe class=\"aligncenter\" src=\"https:\/\/www.youtube.com\/embed\/PblBGrMd2rE\" width=\"640\" height=\"480\" frameborder=\"0\" allowfullscreen=\"allowfullscreen\" id=\"anleitungs-video\" name=\"anleitungs-video\"><\/iframe>\n<\/div>\n<h2 id=\"vorbereitung\">Vorbereitung<\/h2>\n<p>Um ein <a title=\"Biometrisches Passfoto\" href=\"https:\/\/www.persofoto.de\/lexikon\/passbild\/biometrisches-passbild\/\">biometrisches Passfoto<\/a> erstellen zu k\u00f6nnen, muss man nat\u00fcrlich erst einmal wissen, um was es sich dabei \u00fcberhaupt handelt. Im Prinzip sind es Bestimmungen, die daf\u00fcr sorgen, dass Passbilder einheitlich aussehen und die darauf abgebildeten Personen &#8211; bzw. deren biometrische Gesichtsmerkmale &#8211; leicht digital erfasst und gespeichert werden k\u00f6nnen.<br \/>\nDie <a title=\"Wie mache ich ein biometrisches Passfoto?\" href=\"https:\/\/www.persofoto.de\/lexikon\/reisepass\/wie-mache-ich-ein-biometrisches-passfoto\/\">biometrischen Passbild-Bestimmungen<\/a> werden in Deutschland von der Bundesdruckerei festgelegt, die auch f\u00fcr das Erstellen der Personalausweise und Reisep\u00e4sse zust\u00e4ndig ist.<\/p>\n<h2 id=\"das-foto-aufnehmen\">Das Foto aufnehmen<\/h2>\n<p>So &#8211; jetzt geht es los. Auf die folgenden, wichtigsten biometrischen Passbild-Bestimmungen musst Du jetzt achten:<\/p>\n<ol>\n<li>gut ausgeleuchtetes Gesicht, keine Schatten im Gesicht,<\/li>\n<li>absolut frontal in die Kamera schauen,<\/li>\n<li>nicht l\u00e4cheln,<\/li>\n<li>heller einfarbiger Hintergrund.<\/li>\n<\/ol>\n<h3 id=\"ausleuchtung\">1. Gute Ausleuchtung<\/h3>\n<p>Am besten nimmt man das Foto tags\u00fcber in einem hell erleuchteten Raum auf. Damit das Gesicht gut ausgeleuchtet wird, stellt man sich vor ein Fenster und schaut direkt in Richtung der Lichtquelle. <\/p>\n<h3 id=\"frontal\">2. Absolut frontal<\/h3>\n<p>Die Kamera sollte h\u00f6chstens auf Augenh\u00f6he der fotografierten Person gehalten werden &#8211; nicht h\u00f6her! Bei Kindern bedeutet dies, in die Hocke gehen.<br \/>\nDer Kopf darf auch nicht seitlich nach rechts oder links weggedreht werden. Wenn beide Wangen und <abbr title=\"gegebenenfalls\">ggf.<\/abbr> Ohren gleicherma\u00dfen zu erkennen sind, ist es optimal. Die Ohren m\u00fcssen aber nicht sichtbar sein, wenn die Frisur sie eigentlich verdeckt.<\/p>\n<p>W\u00e4hle den Bildausschnitt nicht zu knapp: Wenn man den Ansatz der Schultern auf dem Foto erkennt, und der Kopf nicht angeschnitten wird, ist auf jeden Fall alles drauf, was ben\u00f6tigt wird.<\/p>\n<h3 id=\"nicht-laecheln\">3. Nicht <span style=\"text-decoration:line-through\">l\u00e4cheln bitte<\/span>!<\/h3>\n<p>Denk&#8216; dran, dass die Lippen geschlossen sein m\u00fcssen. \ud83e\udd10 Ja, damit haben die Beh\u00f6rden uns was vorgegeben&#8230; \ud83d\ude30 Aber vielleicht schaffst Du es ja trotzdem dabei, ein leicht freundliches Gesicht zu machen. <\/p>\n<h3 id=\"frontal\">4. Einheitlicher Hintergrund<\/h3>\n<p>Im Idealfall hat man im Hintergrund noch eine wei\u00dfe Wand. Falls nicht, und Du bei uns bestellen m\u00f6chtest, ist das nicht schlimm. Solange der Hintergrund sich farblich von den Haaren abhebt, bekommt unser Team ihn problemlos ausgetauscht.<\/p>\n<div class=\"tipp\">\n<h3 id=\"hinweis\">Hinweis<\/h3>\n<ul>\n<li>Wenn Du bei uns bestellen m\u00f6chtest, achte nur auf die gute Ausleuchtung des Gesichts. Den Hintergrund tauschen wir ohnehin immer aus.<\/li>\n<\/ul>\n<\/div>\n<p>Falls Du Dein Foto selbst drucken m\u00f6chtest, solltest Du versuchen, ihn bereits bei der Aufnahme so gut wie m\u00f6glich zu gestalten. Du k\u00f6nntest bspw. ein helles Bettlaken in den Hintergrund h\u00e4ngen, oder einige Blatt Papier, die R\u00fcckseite eines Kalenders&#8230; Du bist kreativ &#8211; Dir f\u00e4llt was ein. K\u00fchlschr\u00e4nke sind auch oft wei\u00df&#8230; \ud83d\ude43<\/p>\n<p>Hat man Probleme mit Schatten auf dem Hintergrund, hilft es ein bis zwei Schritte von der Wand entfernt zu stehen oder den Blitz der Kamera zu deaktivieren. Das geht nat\u00fcrlich nur, wenn der Raum hell genug ist.<\/p>\n<h2 id=\"anpassen-an-die-biometrische-schablone\">Anpassen an die biometrische Schablone<\/h2>\n<p>Das beste Foto kann nun ausgesucht und in unserem <a title=\"Jetzt ein Passfoto zuschneiden und an die Schablone anpassen!\" href=\"https:\/\/www.persofoto.de\/upload\/passbild\">Passfoto-Generator<\/a> kostenlos an die biometrische Passbild-Schablone angepasst werden. Fertig!<\/p>\n","protected":false},"excerpt":{"rendered":"Auf dieser Seite Was man ben\u00f6tigt Vorbereitung Das Foto aufnehmen Anpassen an die biometrische Schablone Es ist gar nicht so schwer ein biometrisches Passbild selbst zu machen. Hat man eine Digicam oder eine gute Smartphone-Kamera und eventuell noch eine Person zur Hilfe, ist der gr\u00f6\u00dfte Teil der Arbeit nach 3-4 Fotos und 5 Minuten meist&#8230; <a class=\"view-article\" href=\"https:\/\/www.persofoto.de\/lexikon\/passbild\/biometrisches-passbild-selber-machen-anleitung\/\">Anzeigen<\/a>","protected":false},"author":1,"featured_media":0,"parent":142,"menu_order":0,"comment_status":"open","ping_status":"open","template":"","meta":[],"_links":{"self":[{"href":"https:\/\/www.persofoto.de\/lexikon\/wp-json\/wp\/v2\/pages\/1712"}],"collection":[{"href":"https:\/\/www.persofoto.de\/lexikon\/wp-json\/wp\/v2\/pages"}],"about":[{"href":"https:\/\/www.persofoto.de\/lexikon\/wp-json\/wp\/v2\/types\/page"}],"author":[{"embeddable":true,"href":"https:\/\/www.persofoto.de\/lexikon\/wp-json\/wp\/v2\/users\/1"}],"replies":[{"embeddable":true,"href":"https:\/\/www.persofoto.de\/lexikon\/wp-json\/wp\/v2\/comments?post=1712"}],"version-history":[{"count":20,"href":"https:\/\/www.persofoto.de\/lexikon\/wp-json\/wp\/v2\/pages\/1712\/revisions"}],"predecessor-version":[{"id":3096,"href":"https:\/\/www.persofoto.de\/lexikon\/wp-json\/wp\/v2\/pages\/1712\/revisions\/3096"}],"up":[{"embeddable":true,"href":"https:\/\/www.persofoto.de\/lexikon\/wp-json\/wp\/v2\/pages\/142"}],"wp:attachment":[{"href":"https:\/\/www.persofoto.de\/lexikon\/wp-json\/wp\/v2\/media?parent=1712"}],"curies":[{"name":"wp","href":"https:\/\/api.w.org\/{rel}","templated":true}]}}