{"id":1701,"date":"2012-11-02T21:52:03","date_gmt":"2012-11-02T19:52:03","guid":{"rendered":"http:\/\/www.persofoto.de\/?page_id=1701"},"modified":"2020-01-22T00:13:11","modified_gmt":"2020-01-21T23:13:11","slug":"foto-fur-ein-visum-erstellen","status":"publish","type":"page","link":"https:\/\/www.persofoto.de\/lexikon\/visum-foto\/foto-fur-ein-visum-erstellen\/","title":{"rendered":"Foto f\u00fcr ein Visum erstellen"},"content":{"rendered":"<p>F\u00fcr einige Reiseziele au\u00dferhalb der EU wird f\u00fcr deutsche Touristen oder Gesch\u00e4ftsleute ein Visum verlangt. F\u00fcr dieses Visum werden im \u00e4u\u00dfersten Fall zwei aktuelle, farbige Passbilder im US-amerikanischen Format 2 \u00d7 2 Zoll bzw. 51 \u00d7 51 mm verlangt. An dieses spezielle <a title=\"Gr\u00f6\u00dfe &amp; Format\" href=\"https:\/\/www.persofoto.de\/lexikon\/visum-foto\/groesse\/\">Visum-Foto Format<\/a> zu kommen kann mitunter schwierig und teuer sein. Dabei ist es ganz leicht, mit der Digicam kurz selbst ein Visum-Foto zu erstellen.<\/p>\n<h2>Visum-Foto Anforderungen<\/h2>\n<p>Fast \u00fcberall auf der Welt gelten mittlerweile <a title=\"Die biometrischen Passbild-Bestimmungen\" href=\"https:\/\/www.persofoto.de\/lexikon\/reisepass\/wie-mache-ich-ein-biometrisches-passfoto\/\">die biometrischen Passbild-Bestimmungen<\/a> in leicht abgewandelter Form. Kurz zusammengefasst bedeutet dies, dass:<\/p>\n<ul>\n<li>man nicht l\u00e4cheln darf,<\/li>\n<li>absolut frontal in die Kamera schauen muss,<\/li>\n<li>vor einem einfarbig hellen Hintergrund (grau oder wei\u00df) stehen muss.<\/li>\n<\/ul>\n<p>Die exakten Anforderungen h\u00e4ngen jedoch vom Zielland und Verwendungszweck ab. Wegen dem h\u00e4ufig etwas gr\u00f6\u00dferem Bildausschnitt, gegen\u00fcber den in Deutschland \u00fcblichen Passfotos, muss man auf dem Ausgangsfoto auch einen gr\u00f6\u00dferen Teil des Oberk\u00f6rpers sehen k\u00f6nnen. Sonst merkt man beim Anpassen des Visum-Fotos, dass unten etwas fehlt.<\/p>\n<h2>Ausgangsfoto aufnehmen<\/h2>\n<p>Das Foto nimmt man daher am besten so auf, dass auf jeden Fall die Schultern und am besten auch der Oberk\u00f6rper im Bildausschnitt liegen. Die Kamera sollte dazu auf Augenh\u00f6he der fotografierten Person gehalten werden. Bei Kindern also etwas in die Hocke gehen!<\/p>\n<p><img width=\"700\" height=\"544\" class=\"aligncenter size-large wp-image-3575\" src=\"https:\/\/www.persofoto.de\/lexikon\/wp-content\/uploads\/2019\/12\/selfie-700x544.png\" alt=\"selfie\" srcset=\"https:\/\/www.persofoto.de\/lexikon\/wp-content\/uploads\/2019\/12\/selfie-700x544.png 700w, https:\/\/www.persofoto.de\/lexikon\/wp-content\/uploads\/2019\/12\/selfie-250x194.png 250w, https:\/\/www.persofoto.de\/lexikon\/wp-content\/uploads\/2019\/12\/selfie-768x597.png 768w, https:\/\/www.persofoto.de\/lexikon\/wp-content\/uploads\/2019\/12\/selfie-120x93.png 120w, https:\/\/www.persofoto.de\/lexikon\/wp-content\/uploads\/2019\/12\/selfie.png 1077w\" sizes=\"(max-width: 700px) 100vw, 700px\" \/><\/p>\n<p>Schatten im Hintergrund lassen sich vermeiden, wenn man ein paar Schritte von der Wand entfernt steht und auf den Blitz der Kamera verzichtet. Dazu sollte der Raum hell erleuchtet sein &#8211; am besten tags\u00fcber mit ge\u00f6ffneten Rollos.<\/p>\n<p>Wichtiger als der Hintergrund ist jedoch eine gute Ausleuchtung des Gesichts \u2014 denn darum dreht sich alles. Insbesondere, wenn Du bei uns bestellen m\u00f6chtest, kannst Du Den Hintergrund komplett vernachl\u00e4ssigen. Wir tauschen ihn ohnehin aus. Achte lieber auf eine optimale Ausleuchtung des Gesichts. Schaue dazu einfach tags\u00fcber direkt in Richtung eines Fensters. Schon wird das Gesicht gleichm\u00e4\u00dfig und optimal ausgeleuchtet. \ud83d\ude0e<\/p>\n<p>Das Ausgangsfoto kann dann in unserem <a title=\"Jetzt ein Visum-Foto erstellen.\" href=\"https:\/\/www.persofoto.de\/upload\/visumfoto\">Visum-Foto Generator<\/a> kostenlos zugeschnitten und an die entsprechende Schablone angepasst werden.<\/p>\n<p>Bei exotischeren Reisezielen hilft unser <a href=\"https:\/\/www.persofoto.de\/passbildgroesse\">Sizer<\/a> dabei, die richtige Foto-Gr\u00f6\u00dfe zu bestimmen:<\/p>\n<p><a href=\"https:\/\/www.persofoto.de\/passbildgroesse\"><img width=\"480\" height=\"288\" class=\"aligncenter size-full wp-image-2504\" src=\"https:\/\/www.persofoto.de\/lexikon\/wp-content\/uploads\/2012\/11\/passfoto-groesse-bestimmen.gif\" alt=\"passfoto-groesse-bestimmen\"><\/a><\/p>\n","protected":false},"excerpt":{"rendered":"F\u00fcr einige Reiseziele au\u00dferhalb der EU wird f\u00fcr deutsche Touristen oder Gesch\u00e4ftsleute ein Visum verlangt. F\u00fcr dieses Visum werden im \u00e4u\u00dfersten Fall zwei aktuelle, farbige Passbilder im US-amerikanischen Format 2 \u00d7 2 Zoll bzw. 51 \u00d7 51 mm verlangt. An dieses spezielle Visum-Foto Format zu kommen kann mitunter schwierig und teuer sein. Dabei ist es&#8230; <a class=\"view-article\" href=\"https:\/\/www.persofoto.de\/lexikon\/visum-foto\/foto-fur-ein-visum-erstellen\/\">Anzeigen<\/a>","protected":false},"author":1,"featured_media":0,"parent":1556,"menu_order":0,"comment_status":"open","ping_status":"open","template":"","meta":[],"_links":{"self":[{"href":"https:\/\/www.persofoto.de\/lexikon\/wp-json\/wp\/v2\/pages\/1701"}],"collection":[{"href":"https:\/\/www.persofoto.de\/lexikon\/wp-json\/wp\/v2\/pages"}],"about":[{"href":"https:\/\/www.persofoto.de\/lexikon\/wp-json\/wp\/v2\/types\/page"}],"author":[{"embeddable":true,"href":"https:\/\/www.persofoto.de\/lexikon\/wp-json\/wp\/v2\/users\/1"}],"replies":[{"embeddable":true,"href":"https:\/\/www.persofoto.de\/lexikon\/wp-json\/wp\/v2\/comments?post=1701"}],"version-history":[{"count":10,"href":"https:\/\/www.persofoto.de\/lexikon\/wp-json\/wp\/v2\/pages\/1701\/revisions"}],"predecessor-version":[{"id":3648,"href":"https:\/\/www.persofoto.de\/lexikon\/wp-json\/wp\/v2\/pages\/1701\/revisions\/3648"}],"up":[{"embeddable":true,"href":"https:\/\/www.persofoto.de\/lexikon\/wp-json\/wp\/v2\/pages\/1556"}],"wp:attachment":[{"href":"https:\/\/www.persofoto.de\/lexikon\/wp-json\/wp\/v2\/media?parent=1701"}],"curies":[{"name":"wp","href":"https:\/\/api.w.org\/{rel}","templated":true}]}}