{"id":1662,"date":"2012-09-07T17:41:47","date_gmt":"2012-09-07T15:41:47","guid":{"rendered":"http:\/\/www.persofoto.de\/?page_id=1662"},"modified":"2020-01-22T00:14:21","modified_gmt":"2020-01-21T23:14:21","slug":"internationaler-fuehrerschein","status":"publish","type":"page","link":"https:\/\/www.persofoto.de\/lexikon\/fuehrerschein\/internationaler-fuehrerschein\/","title":{"rendered":"Internationaler F\u00fchrerschein"},"content":{"rendered":"<h3>Voraussetzungen<\/h3>\n<p>In einigen F\u00e4llen wird im Ausland ein internationaler F\u00fchrerschein ben\u00f6tigt. Er kann nur Personen ausgestellt werden, die bereits im Besitz eines <strong>EU-Kartenf\u00fchrerscheins<\/strong> sind. Ist noch ein \u00e4lterer F\u00fchrerscheine oder DDR F\u00fchrerschein in Verwendung, muss gleichzeitig ein neuer Kartenf\u00fchrerschein beantragt werden. Dies dauert ca. 3 Wochen.<\/p>\n<div class=\"tipp\">\n<h3>Hinweis<\/h3>\n<ul>\n<li>Internationale F\u00fchrerscheine werden nur bei Besitz eines g\u00fcltigen EU-Kartenf\u00fchrerscheins ausgestellt.<\/li>\n<\/ul>\n<\/div>\n<h3>G\u00fcltigkeit<\/h3>\n<p>Die G\u00fcltigkeit des internationalen F\u00fchrerschein betr\u00e4gt grunds\u00e4tzlich <strong>drei Jahre<\/strong>. Die deutschen F\u00fchrerscheinklassen f\u00fcr Lastkraftwagen und Busse bilden eine Ausnahme und haben eine k\u00fcrzere G\u00fcltigkeitsdauer. Dies betrifft die Klassen C, CE, C1, C1E, D, DE, D1 und D1E.<\/p>\n<p>Ist der internationale F\u00fchrerschein abgelaufen, kann er nicht verl\u00e4ngert werden.<\/p>\n<h3>Ausstellung<\/h3>\n<div>\n<ul>\n<li>Ein Internationaler F\u00fchrerschein ist nach der Ausstellung 3 Jahre g\u00fcltig und darf nicht verl\u00e4ngert werden. Der Internationale F\u00fchrerschein darf dabei die G\u00fcltigkeitsdauer des nationales F\u00fchrerschein nicht \u00fcberschreiten.<\/li>\n<li>In EU und EWR L\u00e4ndern braucht man keinen internationalen F\u00fchrerschein vorzeigen.<\/li>\n<\/ul>\n<\/div>\n<h3>Kosten<\/h3>\n<div>\n<ul>\n<li>Die Ausstellung des Internationalen F\u00fchrerschein kostet <strong>15,00 Euro<\/strong>.<\/li>\n<\/ul>\n<div>\n<h3>Erforderliche Unterlagen<\/h3>\n<ul>\n<li>G\u00fcltiger Personalausweis oder Pass,<\/li>\n<li>Aktuelles biometrisches Lichtbild (<a title=\"Wie mache ich das Passbild Foto? (Kurzanleitung)\" href=\"https:\/\/www.persofoto.de\/lexikon\/passbild\/wie-mache-ich-selber-ein-passbild-kurzanleitung\/\">siehe Passbild Anleitung<\/a>),<\/li>\n<li>g\u00fcltiger EU-Kartenf\u00fchrerschein im Scheckkarten-Format.<\/li>\n<\/ul>\n<div><\/div>\n<\/div>\n<\/div>\n<p style=\"text-align: center;\"><a class=\"flat-button orange-flat-button\" title=\"Bild hochladen und Passbild f\u00fcr den F\u00fchrerschein zuschneiden\" href=\"https:\/\/www.persofoto.de\/upload\/passbild\/html5\/293\">Jetzt ein Passbild erstellen \u00bb<\/a><\/p>\n","protected":false},"excerpt":{"rendered":"Voraussetzungen In einigen F\u00e4llen wird im Ausland ein internationaler F\u00fchrerschein ben\u00f6tigt. Er kann nur Personen ausgestellt werden, die bereits im Besitz eines EU-Kartenf\u00fchrerscheins sind. Ist noch ein \u00e4lterer F\u00fchrerscheine oder DDR F\u00fchrerschein in Verwendung, muss gleichzeitig ein neuer Kartenf\u00fchrerschein beantragt werden. Dies dauert ca. 3 Wochen. Hinweis Internationale F\u00fchrerscheine werden nur bei Besitz eines g\u00fcltigen&#8230; <a class=\"view-article\" href=\"https:\/\/www.persofoto.de\/lexikon\/fuehrerschein\/internationaler-fuehrerschein\/\">Anzeigen<\/a>","protected":false},"author":1,"featured_media":0,"parent":36,"menu_order":0,"comment_status":"open","ping_status":"open","template":"","meta":[],"_links":{"self":[{"href":"https:\/\/www.persofoto.de\/lexikon\/wp-json\/wp\/v2\/pages\/1662"}],"collection":[{"href":"https:\/\/www.persofoto.de\/lexikon\/wp-json\/wp\/v2\/pages"}],"about":[{"href":"https:\/\/www.persofoto.de\/lexikon\/wp-json\/wp\/v2\/types\/page"}],"author":[{"embeddable":true,"href":"https:\/\/www.persofoto.de\/lexikon\/wp-json\/wp\/v2\/users\/1"}],"replies":[{"embeddable":true,"href":"https:\/\/www.persofoto.de\/lexikon\/wp-json\/wp\/v2\/comments?post=1662"}],"version-history":[{"count":8,"href":"https:\/\/www.persofoto.de\/lexikon\/wp-json\/wp\/v2\/pages\/1662\/revisions"}],"predecessor-version":[{"id":3649,"href":"https:\/\/www.persofoto.de\/lexikon\/wp-json\/wp\/v2\/pages\/1662\/revisions\/3649"}],"up":[{"embeddable":true,"href":"https:\/\/www.persofoto.de\/lexikon\/wp-json\/wp\/v2\/pages\/36"}],"wp:attachment":[{"href":"https:\/\/www.persofoto.de\/lexikon\/wp-json\/wp\/v2\/media?parent=1662"}],"curies":[{"name":"wp","href":"https:\/\/api.w.org\/{rel}","templated":true}]}}