{"id":1584,"date":"2012-05-19T10:35:34","date_gmt":"2012-05-19T08:35:34","guid":{"rendered":"http:\/\/www.persofoto.de\/?page_id=1584"},"modified":"2017-07-23T00:02:04","modified_gmt":"2017-07-22T22:02:04","slug":"finnland","status":"publish","type":"page","link":"https:\/\/www.persofoto.de\/lexikon\/auslaendische-passbildbestimmungen\/finnland\/","title":{"rendered":"Finnland \ud83c\uddeb\ud83c\uddee"},"content":{"rendered":"<p>Die Passfotos in Finnland \ud83c\uddeb\ud83c\uddee\u00a0haben ein etwas abweichendes Format von <strong>36 x 47 mm<\/strong>. Die Vorschriften f\u00fcr biometrische Passbilder sind sehr \u00e4hnlich zu den deutschen Passbild-Bestimmungen &#8211; <abbr title=\"unter anderem\">u.a.<\/abbr>:<\/p>\n<ul>\n<li>neutraler Gesichtsausdruck,<\/li>\n<li>frontaler Blick in die Kamera,<\/li>\n<li>heller Hintergrund,<\/li>\n<li>keine Schatten oder Reflexionen.<\/li>\n<\/ul>\n<p>Insgesamt muss der Kopf der abgebildeten Person von der Kinnspitze bis zum Scheitel eine H\u00f6he von 32-36 mm haben. Die <a href=\"http:\/\/www.poliisi.fi\/luvat\/passi\/passikuvaohje\">finnische Passfoto-Mustertafel<\/a> mit Beispiel-Bildern ist bei der <a href=\"http:\/\/www.poliisi.fi\/poliisi\/home.nsf\/files\/Passikuvaohje_07-02-2007_EN\/$file\/Passikuvaohje_07-02-2007_EN.pdf\">finnischen Polizei<\/a> einsehbar.<\/p>\n<p>Die folgende Tabelle stellt die finnischen den deutschen Besonderheiten gegen\u00fcber:<\/p>\n<div class=\"table-responsive\" style=\"margin-bottom: 2em;\">\n<table class=\"list\">\n<tbody>\n<tr>\n<th>\u00a0Eigenschaft<\/th>\n<th>Deutschland<\/th>\n<th>Finnland<\/th>\n<\/tr>\n<tr class=\"odge\">\n<td>Passbild-Breite<\/td>\n<td><strong>35 mm<\/strong><\/td>\n<td><strong>36 mm<\/strong><\/td>\n<\/tr>\n<tr>\n<td>Passbild-H\u00f6he<\/td>\n<td><strong>45 mm<\/strong><\/td>\n<td><strong>47 mm<\/strong><\/td>\n<\/tr>\n<tr class=\"odge\">\n<td>Gesichtsh\u00f6he<\/td>\n<td>32 &#8211; 36 mm<\/td>\n<td>32\u00a0&#8211; 36 mm<\/td>\n<\/tr>\n<tr>\n<td>Ausrichtung<\/td>\n<td>an Kinnlinie<\/td>\n<td>an Kinnlinie<\/td>\n<\/tr>\n<\/tbody>\n<\/table>\n<\/div>\n<p>Ein finnischer Reisepass kostet 48 Euro. Die Finnen sind etwas schneller bei der Ausstellung und ben\u00f6tigen nur 1 Woche im Gegensatz zu den 4 bis 6 Wochen bei uns.<\/p>\n<p>Nachfolgend die zugeh\u00f6rige Schablone f\u00fcr das eine Passbild, welches pro Beantragung ben\u00f6tigt wird:<\/p>\n<p><a href=\"https:\/\/www.persofoto.de\/lexikon\/wp-content\/uploads\/2012\/05\/biometrische-passbild-schablone-finnland.png\"><img class=\"img-responsive aligncenter wp-image-2490 size-full\" src=\"https:\/\/www.persofoto.de\/lexikon\/wp-content\/uploads\/2012\/05\/biometrische-passbild-schablone-finnland.png\" alt=\"Biometrische Passbild-Schablone Finnland\" width=\"441\" height=\"320\" srcset=\"https:\/\/www.persofoto.de\/lexikon\/wp-content\/uploads\/2012\/05\/biometrische-passbild-schablone-finnland.png 441w, https:\/\/www.persofoto.de\/lexikon\/wp-content\/uploads\/2012\/05\/biometrische-passbild-schablone-finnland-250x181.png 250w, https:\/\/www.persofoto.de\/lexikon\/wp-content\/uploads\/2012\/05\/biometrische-passbild-schablone-finnland-120x87.png 120w\" sizes=\"(max-width: 441px) 100vw, 441px\" \/><\/a><\/p>\n","protected":false},"excerpt":{"rendered":"Die Passfotos in Finnland \ud83c\uddeb\ud83c\uddee\u00a0haben ein etwas abweichendes Format von 36 x 47 mm. Die Vorschriften f\u00fcr biometrische Passbilder sind sehr \u00e4hnlich zu den deutschen Passbild-Bestimmungen &#8211; u.a.: neutraler Gesichtsausdruck, frontaler Blick in die Kamera, heller Hintergrund, keine Schatten oder Reflexionen. Insgesamt muss der Kopf der abgebildeten Person von der Kinnspitze bis zum Scheitel eine&#8230; <a class=\"view-article\" href=\"https:\/\/www.persofoto.de\/lexikon\/auslaendische-passbildbestimmungen\/finnland\/\">Anzeigen<\/a>","protected":false},"author":1,"featured_media":0,"parent":1582,"menu_order":0,"comment_status":"open","ping_status":"open","template":"","meta":[],"_links":{"self":[{"href":"https:\/\/www.persofoto.de\/lexikon\/wp-json\/wp\/v2\/pages\/1584"}],"collection":[{"href":"https:\/\/www.persofoto.de\/lexikon\/wp-json\/wp\/v2\/pages"}],"about":[{"href":"https:\/\/www.persofoto.de\/lexikon\/wp-json\/wp\/v2\/types\/page"}],"author":[{"embeddable":true,"href":"https:\/\/www.persofoto.de\/lexikon\/wp-json\/wp\/v2\/users\/1"}],"replies":[{"embeddable":true,"href":"https:\/\/www.persofoto.de\/lexikon\/wp-json\/wp\/v2\/comments?post=1584"}],"version-history":[{"count":12,"href":"https:\/\/www.persofoto.de\/lexikon\/wp-json\/wp\/v2\/pages\/1584\/revisions"}],"predecessor-version":[{"id":2857,"href":"https:\/\/www.persofoto.de\/lexikon\/wp-json\/wp\/v2\/pages\/1584\/revisions\/2857"}],"up":[{"embeddable":true,"href":"https:\/\/www.persofoto.de\/lexikon\/wp-json\/wp\/v2\/pages\/1582"}],"wp:attachment":[{"href":"https:\/\/www.persofoto.de\/lexikon\/wp-json\/wp\/v2\/media?parent=1584"}],"curies":[{"name":"wp","href":"https:\/\/api.w.org\/{rel}","templated":true}]}}