{"id":1582,"date":"2012-05-19T10:30:14","date_gmt":"2012-05-19T08:30:14","guid":{"rendered":"http:\/\/www.persofoto.de\/?page_id=1582"},"modified":"2018-11-20T19:44:09","modified_gmt":"2018-11-20T18:44:09","slug":"auslaendische-passbildbestimmungen","status":"publish","type":"page","link":"https:\/\/www.persofoto.de\/lexikon\/auslaendische-passbildbestimmungen\/","title":{"rendered":"Ausl\u00e4ndische Passbild&shy;bestimmungen"},"content":{"rendered":"<p>Deutsche \ud83c\udde9\ud83c\uddea Staatsb\u00fcrger m\u00fcssen sich bei der Erstellung von Passbildern f\u00fcr\u00a0<a href=\"https:\/\/www.persofoto.de\/lexikon\/reisepass\/\">Reisepass<\/a>, <a href=\"https:\/\/www.persofoto.de\/lexikon\/fuehrerschein\/\">F\u00fchrerschein<\/a> und <a href=\"https:\/\/www.persofoto.de\/lexikon\/personalausweis\/\">Personalausweis<\/a> an die <a href=\"https:\/\/www.persofoto.de\/lexikon\/reisepass\/wie-mache-ich-ein-biometrisches-passfoto\/\">deutschen Passbild-Bestimmungen<\/a> halten. Logisch.<\/p>\n<h2>Einheitliches Europa<\/h2>\n<p>In der EU \ud83c\uddea\ud83c\uddfa haben sich \u00fcber die Jahre fast alle L\u00e4nder auf \u00e4hnliche Anforderungen und die Standard-Gr\u00f6\u00dfe von 35 \u00d7 45 mm geeinigt. Es gibt nur wenige Abweichungen f\u00fcr einige Ausweise &#8211; bspw. in Italien und Spanien.<\/p>\n<h2>Passbild-Anforderungen weltweit<\/h2>\n<p>Die Formate f\u00fcr Passbilder au\u00dferhalb der EU, im Rest der Welt, \ud83c\udf0d weichen jedoch h\u00e4ufig vom deutschen Passbildformat ab. Meist unterscheidet sich auch nicht nur das <strong>Format<\/strong> des Passfotos, sondern es gelten zudem abweichende <strong>Anforderungen<\/strong> bzgl. Kopfhaltung und -Position oder es gibt abweichende Vorgaben zur Farbe von Kleidung oder Hintergrund.<\/p>\n<p>Diese Abweichungen fassen wir auf den folgenden Seiten zusammen und stellen sie den deutschen Anforderungen gegen\u00fcber:<\/p>\n","protected":false},"excerpt":{"rendered":"Deutsche \ud83c\udde9\ud83c\uddea Staatsb\u00fcrger m\u00fcssen sich bei der Erstellung von Passbildern f\u00fcr\u00a0Reisepass, F\u00fchrerschein und Personalausweis an die deutschen Passbild-Bestimmungen halten. Logisch. Einheitliches Europa In der EU \ud83c\uddea\ud83c\uddfa haben sich \u00fcber die Jahre fast alle L\u00e4nder auf \u00e4hnliche Anforderungen und die Standard-Gr\u00f6\u00dfe von 35 \u00d7 45 mm geeinigt. Es gibt nur wenige Abweichungen f\u00fcr einige Ausweise &#8211;&#8230; <a class=\"view-article\" href=\"https:\/\/www.persofoto.de\/lexikon\/auslaendische-passbildbestimmungen\/\">Anzeigen<\/a>","protected":false},"author":1,"featured_media":0,"parent":0,"menu_order":0,"comment_status":"open","ping_status":"open","template":"lexikonkategorie_template.php","meta":[],"_links":{"self":[{"href":"https:\/\/www.persofoto.de\/lexikon\/wp-json\/wp\/v2\/pages\/1582"}],"collection":[{"href":"https:\/\/www.persofoto.de\/lexikon\/wp-json\/wp\/v2\/pages"}],"about":[{"href":"https:\/\/www.persofoto.de\/lexikon\/wp-json\/wp\/v2\/types\/page"}],"author":[{"embeddable":true,"href":"https:\/\/www.persofoto.de\/lexikon\/wp-json\/wp\/v2\/users\/1"}],"replies":[{"embeddable":true,"href":"https:\/\/www.persofoto.de\/lexikon\/wp-json\/wp\/v2\/comments?post=1582"}],"version-history":[{"count":10,"href":"https:\/\/www.persofoto.de\/lexikon\/wp-json\/wp\/v2\/pages\/1582\/revisions"}],"predecessor-version":[{"id":3563,"href":"https:\/\/www.persofoto.de\/lexikon\/wp-json\/wp\/v2\/pages\/1582\/revisions\/3563"}],"wp:attachment":[{"href":"https:\/\/www.persofoto.de\/lexikon\/wp-json\/wp\/v2\/media?parent=1582"}],"curies":[{"name":"wp","href":"https:\/\/api.w.org\/{rel}","templated":true}]}}