{"id":1556,"date":"2012-04-23T21:20:00","date_gmt":"2012-04-23T19:20:00","guid":{"rendered":"http:\/\/www.persofoto.de\/?page_id=1556"},"modified":"2020-10-27T17:50:37","modified_gmt":"2020-10-27T16:50:37","slug":"visum-foto","status":"publish","type":"page","link":"https:\/\/www.persofoto.de\/lexikon\/visum-foto\/","title":{"rendered":"Visum-Foto"},"content":{"rendered":"<p>F\u00fcr Reisen in L\u00e4nder au\u00dferhalb Europas wird h\u00e4ufig ein Visum ben\u00f6tigt. Ob <a href=\"https:\/\/www.persofoto.de\/lexikon\/visum-foto\/groesse\/\">Australien<\/a>, <a href=\"https:\/\/www.persofoto.de\/lexikon\/visum\/kanada\/\">Kanada<\/a> oder <a href=\"https:\/\/www.persofoto.de\/lexikon\/visum\/united-states-of-america-usa\/\">USA<\/a> \u2013 jedes Land hat seine eigenen Vorgaben und verlangt von den Antragstellern meist ein Foto, das den dortigen Passbild-Bestimmungen entspricht.<\/p>\n<p>Welches Format du ben\u00f6tigst, kannst du problemlos mithilfe unseres <a href=\"https:\/\/www.persofoto.de\/passbildgroesse\">PersoFoto Sizers (Passbild-Gr\u00f6\u00dfe bestimmen)<\/a> herausfinden. W\u00e4hle einfach das Land und den Verwendungszweck. Dann erh\u00e4ltst Du Angaben zum ben\u00f6tigten Format und kannst direkt ein Foto erstellen und zuschneiden.<\/p>\n<p><img class=\"aligncenter wp-image-3702\" src=\"https:\/\/www.persofoto.de\/lexikon\/wp-content\/uploads\/2020\/10\/passfoto-generator-ipad-mit-angepasstem-passfoto-700x467.jpg\" alt=\"Passfoto-Generator auf iPad Pro mit angepasstem Passfoto einer jungen Frau\" width=\"750\" height=\"500\" srcset=\"https:\/\/www.persofoto.de\/lexikon\/wp-content\/uploads\/2020\/10\/passfoto-generator-ipad-mit-angepasstem-passfoto-700x467.jpg 700w, https:\/\/www.persofoto.de\/lexikon\/wp-content\/uploads\/2020\/10\/passfoto-generator-ipad-mit-angepasstem-passfoto-250x167.jpg 250w, https:\/\/www.persofoto.de\/lexikon\/wp-content\/uploads\/2020\/10\/passfoto-generator-ipad-mit-angepasstem-passfoto-768x512.jpg 768w, https:\/\/www.persofoto.de\/lexikon\/wp-content\/uploads\/2020\/10\/passfoto-generator-ipad-mit-angepasstem-passfoto-1536x1024.jpg 1536w, https:\/\/www.persofoto.de\/lexikon\/wp-content\/uploads\/2020\/10\/passfoto-generator-ipad-mit-angepasstem-passfoto-2048x1365.jpg 2048w, https:\/\/www.persofoto.de\/lexikon\/wp-content\/uploads\/2020\/10\/passfoto-generator-ipad-mit-angepasstem-passfoto-750x500.jpg 750w, https:\/\/www.persofoto.de\/lexikon\/wp-content\/uploads\/2020\/10\/passfoto-generator-ipad-mit-angepasstem-passfoto-375x250.jpg 375w, https:\/\/www.persofoto.de\/lexikon\/wp-content\/uploads\/2020\/10\/passfoto-generator-ipad-mit-angepasstem-passfoto-120x80.jpg 120w\" sizes=\"(max-width: 750px) 100vw, 750px\" \/><\/p>\n<p>Detailliertere Angaben zu Visum-Fotos findest Du auf den folgenden Seiten. Angaben zu spezifischen L\u00e4ndern findest Du unter \u201e<a href=\"https:\/\/www.persofoto.de\/lexikon\/visum\/\">Visum<\/a>\u201c. Und unter\u00a0<a href=\"https:\/\/www.persofoto.de\/lexikon\/einreisebestimmungen\/\">Einreisebestimmungen<\/a> findest Du Hinweise zu vielen L\u00e4ndern, die ohne Visum auskommen.<\/p>\n","protected":false},"excerpt":{"rendered":"F\u00fcr Reisen in L\u00e4nder au\u00dferhalb Europas wird h\u00e4ufig ein Visum ben\u00f6tigt. Ob Australien, Kanada oder USA \u2013 jedes Land hat seine eigenen Vorgaben und verlangt von den Antragstellern meist ein Foto, das den dortigen Passbild-Bestimmungen entspricht. Welches Format du ben\u00f6tigst, kannst du problemlos mithilfe unseres PersoFoto Sizers (Passbild-Gr\u00f6\u00dfe bestimmen) herausfinden. W\u00e4hle einfach das Land und&#8230; <a class=\"view-article\" href=\"https:\/\/www.persofoto.de\/lexikon\/visum-foto\/\">Anzeigen<\/a>","protected":false},"author":1,"featured_media":0,"parent":0,"menu_order":-94,"comment_status":"open","ping_status":"closed","template":"lexikonkategorie_template.php","meta":[],"_links":{"self":[{"href":"https:\/\/www.persofoto.de\/lexikon\/wp-json\/wp\/v2\/pages\/1556"}],"collection":[{"href":"https:\/\/www.persofoto.de\/lexikon\/wp-json\/wp\/v2\/pages"}],"about":[{"href":"https:\/\/www.persofoto.de\/lexikon\/wp-json\/wp\/v2\/types\/page"}],"author":[{"embeddable":true,"href":"https:\/\/www.persofoto.de\/lexikon\/wp-json\/wp\/v2\/users\/1"}],"replies":[{"embeddable":true,"href":"https:\/\/www.persofoto.de\/lexikon\/wp-json\/wp\/v2\/comments?post=1556"}],"version-history":[{"count":8,"href":"https:\/\/www.persofoto.de\/lexikon\/wp-json\/wp\/v2\/pages\/1556\/revisions"}],"predecessor-version":[{"id":3706,"href":"https:\/\/www.persofoto.de\/lexikon\/wp-json\/wp\/v2\/pages\/1556\/revisions\/3706"}],"wp:attachment":[{"href":"https:\/\/www.persofoto.de\/lexikon\/wp-json\/wp\/v2\/media?parent=1556"}],"curies":[{"name":"wp","href":"https:\/\/api.w.org\/{rel}","templated":true}]}}